{"id":597,"date":"2016-03-13T17:01:14","date_gmt":"2016-03-13T16:01:14","guid":{"rendered":"http:\/\/www.best-bottles.de\/?post_type=product&#038;p=597"},"modified":"2016-05-12T13:08:27","modified_gmt":"2016-05-12T11:08:27","slug":"bacardi-stirrer-5-er","status":"publish","type":"product","link":"https:\/\/www.best-bottles.de\/?product=bacardi-stirrer-5-er","title":{"rendered":"Bacardi Stirrer 5-er"},"content":{"rendered":"<p>Ein Stirrer (engl. f\u00fcr R\u00fchrer) ist ein meist aus Kunstoff gefertigter R\u00fchrer ohne L\u00f6ffel-Teil (anders als der Barl\u00f6ffel). Der Bacardi Stirrer wird gefertigt um die Marke zum Kunden zu transportieren. Der Stirrer wird benutzt um bei der Zubereitung der Cocktails den Cocktail umzur\u00fchren. er verbleibt nach der Fertigstellung des Cocktails im Glas und wird dem Gast mitgegeben. So kann der Gast seinen Cocktail r\u00fchren, damit sich durch das schmelzende Eis keine &#8222;geschmacklosen Waserlachen&#8220; im Cocktail bilden.<\/p>\n<figure id=\"attachment_601\" aria-describedby=\"caption-attachment-601\" style=\"width: 180px\" class=\"wp-caption alignleft\"><a href=\"https:\/\/www.best-bottles.de\/wp-content\/uploads\/2016\/03\/bacardi-stirrer-head.jpg\"><img loading=\"lazy\" class=\"wp-image-601 size-square\" title=\"Bacardi Stirrer mit Logo\" src=\"https:\/\/cdn.best-bottles.de\/wp-content\/uploads\/2016\/03\/bacardi-stirrer-head-180x180.jpg\" alt=\"Bacardi Stirrer mit Logo\" width=\"180\" height=\"180\" srcset=\"https:\/\/www.best-bottles.de\/wp-content\/uploads\/2016\/03\/bacardi-stirrer-head-180x180.jpg 180w, https:\/\/www.best-bottles.de\/wp-content\/uploads\/2016\/03\/bacardi-stirrer-head-450x450.jpg 450w, https:\/\/www.best-bottles.de\/wp-content\/uploads\/2016\/03\/bacardi-stirrer-head-100x100.jpg 100w, https:\/\/www.best-bottles.de\/wp-content\/uploads\/2016\/03\/bacardi-stirrer-head-80x80.jpg 80w, https:\/\/www.best-bottles.de\/wp-content\/uploads\/2016\/03\/bacardi-stirrer-head-300x300.jpg 300w, https:\/\/www.best-bottles.de\/wp-content\/uploads\/2016\/03\/bacardi-stirrer-head-768x768.jpg 768w, https:\/\/www.best-bottles.de\/wp-content\/uploads\/2016\/03\/bacardi-stirrer-head-1030x1030.jpg 1030w, https:\/\/www.best-bottles.de\/wp-content\/uploads\/2016\/03\/bacardi-stirrer-head-65x65.jpg 65w, https:\/\/www.best-bottles.de\/wp-content\/uploads\/2016\/03\/bacardi-stirrer-head-36x36.jpg 36w, https:\/\/www.best-bottles.de\/wp-content\/uploads\/2016\/03\/bacardi-stirrer-head-705x705.jpg 705w, https:\/\/www.best-bottles.de\/wp-content\/uploads\/2016\/03\/bacardi-stirrer-head.jpg 1350w\" sizes=\"(max-width: 180px) 100vw, 180px\" \/><\/a><figcaption id=\"caption-attachment-601\" class=\"wp-caption-text\">Bacardi Stirrer mit Logo<\/figcaption><\/figure>\n<p>Bei diesem Stirrer handelt es sich aus einem aus Kunstoff gefrtigtem schwarzem R\u00fchrer der am Kopf mit dem Logo der Firma &#8222;Bacardi&#8220; bedruckt\/gepr\u00e4gt ist.<\/p>\n<p><strong>Lieferumfang<\/strong>: 5 Stirrer gemeinsam im Plastikbeutel verschweisst.<\/p>\n<p><strong>Einzelpreis<\/strong>: 1,40\u20ac<\/p>\n<p>&nbsp;<\/p>\n<p>&nbsp;<\/p>\n<p>&nbsp;<\/p>\n<p>&nbsp;<\/p>\n<p>Dieser Stirrer ist ein unentbehrliches Hilfmittel bei folgenden Cocktails:<\/p>\n<ul>\n<li><a href=\"https:\/\/www.best-bottles.de\/rezepte\/cuba-libre-rezept\/\">Cuba Libre<\/a><\/li>\n<li><a href=\"https:\/\/www.best-bottles.de\/rezepte\/cubata-rezept\/\">Cubata<\/a><\/li>\n<li><a href=\"https:\/\/www.best-bottles.de\/rezepte\/mojito-rezept\/\">Mojito<\/a><\/li>\n<li><a href=\"https:\/\/www.best-bottles.de\/rezepte\/bacardi-cola-rezept\/\">Bacardi Cola<\/a><\/li>\n<\/ul>\n<p>&nbsp;<\/p>\n<p>&nbsp;<\/p>\n<p>&nbsp;<\/p>\n","protected":false},"excerpt":{"rendered":"<p>Ein Stirrer (engl. f\u00fcr R\u00fchrer) ist ein meist aus Kunstoff gefertigter R\u00fchrer ohne L\u00f6ffel-Teil (anders als der Barl\u00f6ffel). Der Bacardi Stirrer wird gefertigt um die Marke zum Kunden zu transportieren.<\/p>\n","protected":false},"featured_media":598,"comment_status":"open","ping_status":"closed","template":"","meta":{"site-sidebar-layout":"default","site-content-layout":"","ast-site-content-layout":"default","site-content-style":"default","site-sidebar-style":"default","ast-global-header-display":"","ast-banner-title-visibility":"","ast-main-header-display":"","ast-hfb-above-header-display":"","ast-hfb-below-header-display":"","ast-hfb-mobile-header-display":"","site-post-title":"","ast-breadcrumbs-content":"","ast-featured-img":"","footer-sml-layout":"","theme-transparent-header-meta":"","adv-header-id-meta":"","stick-header-meta":"","header-above-stick-meta":"","header-main-stick-meta":"","header-below-stick-meta":"","astra-migrate-meta-layouts":"default","ast-page-background-enabled":"default","ast-page-background-meta":{"desktop":{"background-color":"var(--ast-global-color-5)","background-image":"","background-repeat":"repeat","background-position":"center center","background-size":"auto","background-attachment":"scroll","background-type":"","background-media":"","overlay-type":"","overlay-color":"","overlay-opacity":"","overlay-gradient":""},"tablet":{"background-color":"","background-image":"","background-repeat":"repeat","background-position":"center center","background-size":"auto","background-attachment":"scroll","background-type":"","background-media":"","overlay-type":"","overlay-color":"","overlay-opacity":"","overlay-gradient":""},"mobile":{"background-color":"","background-image":"","background-repeat":"repeat","background-position":"center center","background-size":"auto","background-attachment":"scroll","background-type":"","background-media":"","overlay-type":"","overlay-color":"","overlay-opacity":"","overlay-gradient":""}},"ast-content-background-meta":{"desktop":{"background-color":"var(--ast-global-color-4)","background-image":"","background-repeat":"repeat","background-position":"center center","background-size":"auto","background-attachment":"scroll","background-type":"","background-media":"","overlay-type":"","overlay-color":"","overlay-opacity":"","overlay-gradient":""},"tablet":{"background-color":"var(--ast-global-color-4)","background-image":"","background-repeat":"repeat","background-position":"center center","background-size":"auto","background-attachment":"scroll","background-type":"","background-media":"","overlay-type":"","overlay-color":"","overlay-opacity":"","overlay-gradient":""},"mobile":{"background-color":"var(--ast-global-color-4)","background-image":"","background-repeat":"repeat","background-position":"center center","background-size":"auto","background-attachment":"scroll","background-type":"","background-media":"","overlay-type":"","overlay-color":"","overlay-opacity":"","overlay-gradient":""}}},"product_cat":[128],"product_tag":[42,132,129],"yoast_head":"<!-- This site is optimized with the Yoast SEO plugin v18.6 - https:\/\/yoast.com\/wordpress\/plugins\/seo\/ -->\n<title>Bacardi Stirrer (R\u00fchrer) f\u00fcr Ihre Cocktails [5 St\u00fcck]<\/title>\n<meta name=\"description\" content=\"Stirrer (R\u00fchrer) f\u00fcr die Zubereitung von Cocktails oder Longdrinks: Hier der Bacardi Stirrer (5 St\u00fcck) f\u00fcr den perfekten Cocktail.\" \/>\n<meta name=\"robots\" content=\"index, follow, max-snippet:-1, max-image-preview:large, max-video-preview:-1\" \/>\n<link rel=\"canonical\" href=\"https:\/\/www.best-bottles.de\/?product=bacardi-stirrer-5-er\" \/>\n<meta property=\"og:locale\" content=\"de_DE\" \/>\n<meta property=\"og:type\" content=\"article\" \/>\n<meta property=\"og:title\" content=\"Bacardi Stirrer (R\u00fchrer) f\u00fcr Ihre Cocktails [5 St\u00fcck]\" \/>\n<meta property=\"og:description\" content=\"Stirrer (R\u00fchrer) f\u00fcr die Zubereitung von Cocktails oder Longdrinks: Hier der Bacardi Stirrer (5 St\u00fcck) f\u00fcr den perfekten Cocktail.\" \/>\n<meta property=\"og:url\" content=\"https:\/\/www.best-bottles.de\/?product=bacardi-stirrer-5-er\" \/>\n<meta property=\"og:site_name\" content=\"Best Bottles - Ihr Partner f\u00fcr RUM &amp; Co\" \/>\n<meta property=\"article:modified_time\" content=\"2016-05-12T11:08:27+00:00\" \/>\n<meta property=\"og:image\" content=\"https:\/\/www.best-bottles.de\/wp-content\/uploads\/2016\/03\/bacardi-stirrer-5er.jpg\" \/>\n<meta name=\"twitter:card\" content=\"summary\" \/>\n<meta name=\"twitter:label1\" content=\"Gesch\u00e4tzte Lesezeit\" \/>\n\t<meta name=\"twitter:data1\" content=\"1\u00a0Minute\" \/>\n<script type=\"application\/ld+json\" class=\"yoast-schema-graph\">{\"@context\":\"https:\/\/schema.org\",\"@graph\":[{\"@type\":\"Organization\",\"@id\":\"https:\/\/www.best-bottles.de\/#organization\",\"name\":\"best-bottles.de\",\"url\":\"https:\/\/www.best-bottles.de\/\",\"sameAs\":[],\"logo\":{\"@type\":\"ImageObject\",\"@id\":\"https:\/\/www.best-bottles.de\/#logo\",\"inLanguage\":\"de\",\"url\":\"https:\/\/www.best-bottles.de\/wp-content\/uploads\/2016\/01\/logo.jpg\",\"contentUrl\":\"https:\/\/www.best-bottles.de\/wp-content\/uploads\/2016\/01\/logo.jpg\",\"width\":646,\"height\":646,\"caption\":\"best-bottles.de\"},\"image\":{\"@id\":\"https:\/\/www.best-bottles.de\/#logo\"}},{\"@type\":\"WebSite\",\"@id\":\"https:\/\/www.best-bottles.de\/#website\",\"url\":\"https:\/\/www.best-bottles.de\/\",\"name\":\"Best Bottles - Ihr Partner f\u00fcr RUM &amp; Co\",\"description\":\"Eine weitere WordPress-Seite\",\"publisher\":{\"@id\":\"https:\/\/www.best-bottles.de\/#organization\"},\"potentialAction\":[{\"@type\":\"SearchAction\",\"target\":{\"@type\":\"EntryPoint\",\"urlTemplate\":\"https:\/\/www.best-bottles.de\/?s={search_term_string}\"},\"query-input\":\"required name=search_term_string\"}],\"inLanguage\":\"de\"},{\"@type\":\"ImageObject\",\"@id\":\"https:\/\/www.best-bottles.de\/?product=bacardi-stirrer-5-er#primaryimage\",\"inLanguage\":\"de\",\"url\":\"\",\"contentUrl\":\"\"},{\"@type\":\"WebPage\",\"@id\":\"https:\/\/www.best-bottles.de\/?product=bacardi-stirrer-5-er#webpage\",\"url\":\"https:\/\/www.best-bottles.de\/?product=bacardi-stirrer-5-er\",\"name\":\"Bacardi Stirrer (R\u00fchrer) f\u00fcr Ihre Cocktails [5 St\u00fcck]\",\"isPartOf\":{\"@id\":\"https:\/\/www.best-bottles.de\/#website\"},\"primaryImageOfPage\":{\"@id\":\"https:\/\/www.best-bottles.de\/?product=bacardi-stirrer-5-er#primaryimage\"},\"datePublished\":\"2016-03-13T16:01:14+00:00\",\"dateModified\":\"2016-05-12T11:08:27+00:00\",\"description\":\"Stirrer (R\u00fchrer) f\u00fcr die Zubereitung von Cocktails oder Longdrinks: Hier der Bacardi Stirrer (5 St\u00fcck) f\u00fcr den perfekten Cocktail.\",\"breadcrumb\":{\"@id\":\"https:\/\/www.best-bottles.de\/?product=bacardi-stirrer-5-er#breadcrumb\"},\"inLanguage\":\"de\",\"potentialAction\":[{\"@type\":\"ReadAction\",\"target\":[\"https:\/\/www.best-bottles.de\/?product=bacardi-stirrer-5-er\"]}]},{\"@type\":\"BreadcrumbList\",\"@id\":\"https:\/\/www.best-bottles.de\/?product=bacardi-stirrer-5-er#breadcrumb\",\"itemListElement\":[{\"@type\":\"ListItem\",\"position\":1,\"name\":\"Home\",\"item\":\"https:\/\/www.best-bottles.de\/\"},{\"@type\":\"ListItem\",\"position\":2,\"name\":\"Shop\",\"item\":\"https:\/\/www.best-bottles.de\/?page_id=4\"},{\"@type\":\"ListItem\",\"position\":3,\"name\":\"Bacardi Stirrer 5-er\"}]}]}<\/script>\n<!-- \/ Yoast SEO plugin. -->","yoast_head_json":{"title":"Bacardi Stirrer (R\u00fchrer) f\u00fcr Ihre Cocktails [5 St\u00fcck]","description":"Stirrer (R\u00fchrer) f\u00fcr die Zubereitung von Cocktails oder Longdrinks: Hier der Bacardi Stirrer (5 St\u00fcck) f\u00fcr den perfekten Cocktail.","robots":{"index":"index","follow":"follow","max-snippet":"max-snippet:-1","max-image-preview":"max-image-preview:large","max-video-preview":"max-video-preview:-1"},"canonical":"https:\/\/www.best-bottles.de\/?product=bacardi-stirrer-5-er","og_locale":"de_DE","og_type":"article","og_title":"Bacardi Stirrer (R\u00fchrer) f\u00fcr Ihre Cocktails [5 St\u00fcck]","og_description":"Stirrer (R\u00fchrer) f\u00fcr die Zubereitung von Cocktails oder Longdrinks: Hier der Bacardi Stirrer (5 St\u00fcck) f\u00fcr den perfekten Cocktail.","og_url":"https:\/\/www.best-bottles.de\/?product=bacardi-stirrer-5-er","og_site_name":"Best Bottles - Ihr Partner f\u00fcr RUM &amp; Co","article_modified_time":"2016-05-12T11:08:27+00:00","og_image":[{"url":"https:\/\/www.best-bottles.de\/wp-content\/uploads\/2016\/03\/bacardi-stirrer-5er.jpg"}],"twitter_card":"summary","twitter_misc":{"Gesch\u00e4tzte Lesezeit":"1\u00a0Minute"},"schema":{"@context":"https:\/\/schema.org","@graph":[{"@type":"Organization","@id":"https:\/\/www.best-bottles.de\/#organization","name":"best-bottles.de","url":"https:\/\/www.best-bottles.de\/","sameAs":[],"logo":{"@type":"ImageObject","@id":"https:\/\/www.best-bottles.de\/#logo","inLanguage":"de","url":"https:\/\/www.best-bottles.de\/wp-content\/uploads\/2016\/01\/logo.jpg","contentUrl":"https:\/\/www.best-bottles.de\/wp-content\/uploads\/2016\/01\/logo.jpg","width":646,"height":646,"caption":"best-bottles.de"},"image":{"@id":"https:\/\/www.best-bottles.de\/#logo"}},{"@type":"WebSite","@id":"https:\/\/www.best-bottles.de\/#website","url":"https:\/\/www.best-bottles.de\/","name":"Best Bottles - Ihr Partner f\u00fcr RUM &amp; Co","description":"Eine weitere WordPress-Seite","publisher":{"@id":"https:\/\/www.best-bottles.de\/#organization"},"potentialAction":[{"@type":"SearchAction","target":{"@type":"EntryPoint","urlTemplate":"https:\/\/www.best-bottles.de\/?s={search_term_string}"},"query-input":"required name=search_term_string"}],"inLanguage":"de"},{"@type":"ImageObject","@id":"https:\/\/www.best-bottles.de\/?product=bacardi-stirrer-5-er#primaryimage","inLanguage":"de","url":"","contentUrl":""},{"@type":"WebPage","@id":"https:\/\/www.best-bottles.de\/?product=bacardi-stirrer-5-er#webpage","url":"https:\/\/www.best-bottles.de\/?product=bacardi-stirrer-5-er","name":"Bacardi Stirrer (R\u00fchrer) f\u00fcr Ihre Cocktails [5 St\u00fcck]","isPartOf":{"@id":"https:\/\/www.best-bottles.de\/#website"},"primaryImageOfPage":{"@id":"https:\/\/www.best-bottles.de\/?product=bacardi-stirrer-5-er#primaryimage"},"datePublished":"2016-03-13T16:01:14+00:00","dateModified":"2016-05-12T11:08:27+00:00","description":"Stirrer (R\u00fchrer) f\u00fcr die Zubereitung von Cocktails oder Longdrinks: Hier der Bacardi Stirrer (5 St\u00fcck) f\u00fcr den perfekten Cocktail.","breadcrumb":{"@id":"https:\/\/www.best-bottles.de\/?product=bacardi-stirrer-5-er#breadcrumb"},"inLanguage":"de","potentialAction":[{"@type":"ReadAction","target":["https:\/\/www.best-bottles.de\/?product=bacardi-stirrer-5-er"]}]},{"@type":"BreadcrumbList","@id":"https:\/\/www.best-bottles.de\/?product=bacardi-stirrer-5-er#breadcrumb","itemListElement":[{"@type":"ListItem","position":1,"name":"Home","item":"https:\/\/www.best-bottles.de\/"},{"@type":"ListItem","position":2,"name":"Shop","item":"https:\/\/www.best-bottles.de\/?page_id=4"},{"@type":"ListItem","position":3,"name":"Bacardi Stirrer 5-er"}]}]}},"_links":{"self":[{"href":"https:\/\/www.best-bottles.de\/index.php?rest_route=\/wp\/v2\/product\/597"}],"collection":[{"href":"https:\/\/www.best-bottles.de\/index.php?rest_route=\/wp\/v2\/product"}],"about":[{"href":"https:\/\/www.best-bottles.de\/index.php?rest_route=\/wp\/v2\/types\/product"}],"replies":[{"embeddable":true,"href":"https:\/\/www.best-bottles.de\/index.php?rest_route=%2Fwp%2Fv2%2Fcomments&post=597"}],"wp:featuredmedia":[{"embeddable":true,"href":"https:\/\/www.best-bottles.de\/index.php?rest_route=\/wp\/v2\/media\/598"}],"wp:attachment":[{"href":"https:\/\/www.best-bottles.de\/index.php?rest_route=%2Fwp%2Fv2%2Fmedia&parent=597"}],"wp:term":[{"taxonomy":"product_cat","embeddable":true,"href":"https:\/\/www.best-bottles.de\/index.php?rest_route=%2Fwp%2Fv2%2Fproduct_cat&post=597"},{"taxonomy":"product_tag","embeddable":true,"href":"https:\/\/www.best-bottles.de\/index.php?rest_route=%2Fwp%2Fv2%2Fproduct_tag&post=597"}],"curies":[{"name":"wp","href":"https:\/\/api.w.org\/{rel}","templated":true}]}}