{"id":562,"date":"2016-03-13T14:50:18","date_gmt":"2016-03-13T13:50:18","guid":{"rendered":"http:\/\/www.best-bottles.de\/?post_type=product&#038;p=562"},"modified":"2022-06-09T19:42:26","modified_gmt":"2022-06-09T17:42:26","slug":"havana-club-anejo-7-anos-geschenkset","status":"publish","type":"product","link":"https:\/\/www.best-bottles.de\/?product=havana-club-anejo-7-anos-geschenkset","title":{"rendered":"Havana Club A\u00f1ejo 7 A\u00f1os Geschenkset"},"content":{"rendered":"<h3>Havana Club A\u00f1ejo 7 A\u00f1os Geschenkset<\/h3>\n<p>Dieses <strong>Havana Club A\u00f1ejo 7 A\u00f1os Geschenkset<\/strong> beinhaltet:<\/p>\n<ul>\n<li>1 Flasche Havana Club A\u00f1ejo 7 A\u00f1os 0,7l<\/li>\n<li>1 bitter truth exxence of cuba Flavor: &#8222;Island Fruit&#8220;<\/li>\n<li>1 Glas (Tumbler) mit 2cl und 4cl Eichstrich<\/li>\n<\/ul>\n<p><strong>Havana Club A\u00f1ejo 7 A\u00f1os<\/strong> reift mindestens 7 Jahren in Eichenf\u00e4ssern auf Kuba und erh\u00e4lt dadurch seine Farbe und seinen besondeere Note.<\/p>\n<blockquote><p>Das intensive vielschichtige Aroma begeistert mit Geschmacksnuancen von Honig, Vanille, Schokolade, Kakao, Tabak, Trockenfr\u00fcchten und Gew\u00fcrzen.<br \/>\nDer ausgewogene Abgang ist kraftvoll und vollmundig zugleich.<\/p><\/blockquote>\n<p><em>(DON JOS\u00c9 NAVARRO, PRIMER MAESTRO RONERO von Havana Club)<\/em><\/p>\n<p><img loading=\"lazy\" class=\"wp-image-563 size-medium alignleft\" src=\"https:\/\/www.best-bottles.de\/wp-content\/uploads\/2016\/03\/havana-club-anejo-7-anos-geschenkset-open-300x300.jpg\" alt=\"Havana Club A\u00f1ejo 7 A\u00f1os Geschenkset\" width=\"300\" height=\"300\" srcset=\"https:\/\/www.best-bottles.de\/wp-content\/uploads\/2016\/03\/havana-club-anejo-7-anos-geschenkset-open-300x300.jpg 300w, https:\/\/www.best-bottles.de\/wp-content\/uploads\/2016\/03\/havana-club-anejo-7-anos-geschenkset-open-450x450.jpg 450w, https:\/\/www.best-bottles.de\/wp-content\/uploads\/2016\/03\/havana-club-anejo-7-anos-geschenkset-open-100x100.jpg 100w, https:\/\/www.best-bottles.de\/wp-content\/uploads\/2016\/03\/havana-club-anejo-7-anos-geschenkset-open-80x80.jpg 80w, https:\/\/www.best-bottles.de\/wp-content\/uploads\/2016\/03\/havana-club-anejo-7-anos-geschenkset-open-768x768.jpg 768w, https:\/\/www.best-bottles.de\/wp-content\/uploads\/2016\/03\/havana-club-anejo-7-anos-geschenkset-open-1030x1030.jpg 1030w, https:\/\/www.best-bottles.de\/wp-content\/uploads\/2016\/03\/havana-club-anejo-7-anos-geschenkset-open-65x65.jpg 65w, https:\/\/www.best-bottles.de\/wp-content\/uploads\/2016\/03\/havana-club-anejo-7-anos-geschenkset-open-36x36.jpg 36w, https:\/\/www.best-bottles.de\/wp-content\/uploads\/2016\/03\/havana-club-anejo-7-anos-geschenkset-open-180x180.jpg 180w, https:\/\/www.best-bottles.de\/wp-content\/uploads\/2016\/03\/havana-club-anejo-7-anos-geschenkset-open-705x705.jpg 705w, https:\/\/www.best-bottles.de\/wp-content\/uploads\/2016\/03\/havana-club-anejo-7-anos-geschenkset-open.jpg 1350w\" sizes=\"(max-width: 300px) 100vw, 300px\" \/><\/p>\n<p>Alkoholgehalt: 40% (Vol.)<\/p>\n<p>Die Destellerie hat 2013 einen Aussto\u00df von ca. 45 Millionen Litern. Das ist zwar nur etwa ein viertel des Ausstosses von Bacardi &#8211; Trotzdem geh\u00f6rt Havana Club zu den Weltmarktf\u00fchrern im Segment &#8222;\u00e4lterer brauner Rum&#8220;. Das hat nicht zuletzt mit dem franz\u00f6sischen Unternehmen Pernod Ricard zu tun, das 1993 den Weltvertrieb au\u00dferhalb von Kuba \u00fcbernommen hat.<\/p>\n<blockquote><p>EL RON DE CUBA<\/p><\/blockquote>\n<p>&nbsp;<\/p>\n<p>&nbsp;<\/p>\n<p>&nbsp;<\/p>\n<p>&nbsp;<\/p>\n<p><strong>Havana Club A\u00f1ejo 7 A\u00f1os<\/strong> als <a href=\"https:\/\/www.best-bottles.de\/produkt-schlagwort\/brauner-rum\/\">brauner Rum <\/a>eignet sich hervorragen f\u00fcr folgende Getr\u00e4nke bzw. Cocktails:<\/p>\n<ul>\n<li><a href=\"https:\/\/www.best-bottles.de\/rezepte\/cuba-libre\/\">Cuba Libre<\/a> (bedingt*)<\/li>\n<li><a href=\"https:\/\/www.best-bottles.de\/rezepte\/cubata\/\">Cubata<\/a><\/li>\n<li><a href=\"https:\/\/www.best-bottles.de\/rezepte\/rum-cola-rezept\/\">Rum Cola<\/a> (bedingt*)<\/li>\n<\/ul>\n<p><small>*durch die lange Reifung in Holzf\u00e4ssern erh\u00e4lt der <strong>Havana Club A\u00f1ejo 7 A\u00f1os<\/strong> einen vollen runden Geschmack, der nicht unbedingt zu Rum Cola harmoniert. Je nach Mischungsverh\u00e4ltnis, kann sich der Cocktail nicht entscheiden, ob der harmonische Rum-Geschmack verf\u00e4lscht wird, oder die Cola untergeht. Das gleiche gilt f\u00fcr den Cuba Libre, denn mit dem <strong>Havana Club A\u00f1ejo 7 A\u00f1os<\/strong> w\u00e4re es dann ja auch eher ein Cubata.<br \/>\n<\/small><\/p>\n<p><strong>Hersteller:<\/strong> Havana Club International S.A., La Habana, Cuba<br \/>\n<strong>Alleinimport &amp; Vertrieb Deutschland:<\/strong> Pernod Ricard Deutschland GmbH, Habsburgring 2, 50674 K\u00f6ln, <a href=\"http:\/\/www.havana-club.de\" target=\"_blank\">http:\/\/www.havana-club.de<\/a><br \/>\n<strong>Alleinimport &amp; Vertrieb \u00d6sterreich:<\/strong> Pernod Ricard Austria GmbH, 1210 Vienna, <a href=\"http:\/\/www.havana-club.at\" target=\"_blank\">http:\/\/www.havana-club.at<\/a><\/p>\n<p>[adult_message]<\/p>\n","protected":false},"excerpt":{"rendered":"<p>Havana Club A\u00f1ejo 7 A\u00f1os Geschenkset, das ideale Geschenk f\u00fcr RUM Liebhaber mit Flavor (Island Fruit) und einem Glas.<\/p>\n","protected":false},"featured_media":563,"comment_status":"open","ping_status":"closed","template":"","meta":{"site-sidebar-layout":"default","site-content-layout":"","ast-site-content-layout":"default","site-content-style":"default","site-sidebar-style":"default","ast-global-header-display":"","ast-banner-title-visibility":"","ast-main-header-display":"","ast-hfb-above-header-display":"","ast-hfb-below-header-display":"","ast-hfb-mobile-header-display":"","site-post-title":"","ast-breadcrumbs-content":"","ast-featured-img":"","footer-sml-layout":"","theme-transparent-header-meta":"","adv-header-id-meta":"","stick-header-meta":"","header-above-stick-meta":"","header-main-stick-meta":"","header-below-stick-meta":"","astra-migrate-meta-layouts":"default","ast-page-background-enabled":"default","ast-page-background-meta":{"desktop":{"background-color":"var(--ast-global-color-5)","background-image":"","background-repeat":"repeat","background-position":"center center","background-size":"auto","background-attachment":"scroll","background-type":"","background-media":"","overlay-type":"","overlay-color":"","overlay-opacity":"","overlay-gradient":""},"tablet":{"background-color":"","background-image":"","background-repeat":"repeat","background-position":"center center","background-size":"auto","background-attachment":"scroll","background-type":"","background-media":"","overlay-type":"","overlay-color":"","overlay-opacity":"","overlay-gradient":""},"mobile":{"background-color":"","background-image":"","background-repeat":"repeat","background-position":"center center","background-size":"auto","background-attachment":"scroll","background-type":"","background-media":"","overlay-type":"","overlay-color":"","overlay-opacity":"","overlay-gradient":""}},"ast-content-background-meta":{"desktop":{"background-color":"var(--ast-global-color-4)","background-image":"","background-repeat":"repeat","background-position":"center center","background-size":"auto","background-attachment":"scroll","background-type":"","background-media":"","overlay-type":"","overlay-color":"","overlay-opacity":"","overlay-gradient":""},"tablet":{"background-color":"var(--ast-global-color-4)","background-image":"","background-repeat":"repeat","background-position":"center center","background-size":"auto","background-attachment":"scroll","background-type":"","background-media":"","overlay-type":"","overlay-color":"","overlay-opacity":"","overlay-gradient":""},"mobile":{"background-color":"var(--ast-global-color-4)","background-image":"","background-repeat":"repeat","background-position":"center center","background-size":"auto","background-attachment":"scroll","background-type":"","background-media":"","overlay-type":"","overlay-color":"","overlay-opacity":"","overlay-gradient":""}}},"product_cat":[126],"product_tag":[59,58,127,50,35],"yoast_head":"<!-- This site is optimized with the Yoast SEO plugin v18.6 - https:\/\/yoast.com\/wordpress\/plugins\/seo\/ -->\n<title>Havana Club A\u00f1ejo 7 A\u00f1os Geschenkset<\/title>\n<meta name=\"description\" content=\"Havana Club A\u00f1ejo 7 A\u00f1os Geschenkset, das ideale Geschenk f\u00fcr RUM Liebhaber mit Flavor (Island Fruit) und einem Glas.\" \/>\n<meta name=\"robots\" content=\"index, follow, max-snippet:-1, max-image-preview:large, max-video-preview:-1\" \/>\n<link rel=\"canonical\" href=\"https:\/\/www.best-bottles.de\/?product=havana-club-anejo-7-anos-geschenkset\" \/>\n<meta property=\"og:locale\" content=\"de_DE\" \/>\n<meta property=\"og:type\" content=\"article\" \/>\n<meta property=\"og:title\" content=\"Havana Club A\u00f1ejo 7 A\u00f1os Geschenkset\" \/>\n<meta property=\"og:description\" content=\"Havana Club A\u00f1ejo 7 A\u00f1os Geschenkset, das ideale Geschenk f\u00fcr RUM Liebhaber mit Flavor (Island Fruit) und einem Glas.\" \/>\n<meta property=\"og:url\" content=\"https:\/\/www.best-bottles.de\/?product=havana-club-anejo-7-anos-geschenkset\" \/>\n<meta property=\"og:site_name\" content=\"Best Bottles - Ihr Partner f\u00fcr RUM &amp; Co\" \/>\n<meta property=\"article:modified_time\" content=\"2022-06-09T17:42:26+00:00\" \/>\n<meta property=\"og:image\" content=\"https:\/\/www.best-bottles.de\/wp-content\/uploads\/2016\/03\/havana-club-anejo-7-anos-geschenkset-open.jpg\" \/>\n<meta name=\"twitter:card\" content=\"summary\" \/>\n<meta name=\"twitter:title\" content=\"Havana Club A\u00f1ejo 7 A\u00f1os Geschenkset\" \/>\n<meta name=\"twitter:description\" content=\"Havana Club A\u00f1ejo 7 A\u00f1os Geschenkset, das ideale Geschenk f\u00fcr RUM Liebhaber mit Flavor (Island Fruit) und einem Glas.\" \/>\n<meta name=\"twitter:image\" content=\"https:\/\/www.best-bottles.de\/wp-content\/uploads\/2016\/03\/havana-club-anejo-7-anos-geschenkset-open.jpg\" \/>\n<meta name=\"twitter:label1\" content=\"Gesch\u00e4tzte Lesezeit\" \/>\n\t<meta name=\"twitter:data1\" content=\"2\u00a0Minuten\" \/>\n<script type=\"application\/ld+json\" class=\"yoast-schema-graph\">{\"@context\":\"https:\/\/schema.org\",\"@graph\":[{\"@type\":\"Organization\",\"@id\":\"https:\/\/www.best-bottles.de\/#organization\",\"name\":\"best-bottles.de\",\"url\":\"https:\/\/www.best-bottles.de\/\",\"sameAs\":[],\"logo\":{\"@type\":\"ImageObject\",\"@id\":\"https:\/\/www.best-bottles.de\/#logo\",\"inLanguage\":\"de\",\"url\":\"https:\/\/www.best-bottles.de\/wp-content\/uploads\/2016\/01\/logo.jpg\",\"contentUrl\":\"https:\/\/www.best-bottles.de\/wp-content\/uploads\/2016\/01\/logo.jpg\",\"width\":646,\"height\":646,\"caption\":\"best-bottles.de\"},\"image\":{\"@id\":\"https:\/\/www.best-bottles.de\/#logo\"}},{\"@type\":\"WebSite\",\"@id\":\"https:\/\/www.best-bottles.de\/#website\",\"url\":\"https:\/\/www.best-bottles.de\/\",\"name\":\"Best Bottles - Ihr Partner f\u00fcr RUM &amp; Co\",\"description\":\"Eine weitere WordPress-Seite\",\"publisher\":{\"@id\":\"https:\/\/www.best-bottles.de\/#organization\"},\"potentialAction\":[{\"@type\":\"SearchAction\",\"target\":{\"@type\":\"EntryPoint\",\"urlTemplate\":\"https:\/\/www.best-bottles.de\/?s={search_term_string}\"},\"query-input\":\"required name=search_term_string\"}],\"inLanguage\":\"de\"},{\"@type\":\"ImageObject\",\"@id\":\"https:\/\/www.best-bottles.de\/?product=havana-club-anejo-7-anos-geschenkset#primaryimage\",\"inLanguage\":\"de\",\"url\":\"\",\"contentUrl\":\"\"},{\"@type\":\"WebPage\",\"@id\":\"https:\/\/www.best-bottles.de\/?product=havana-club-anejo-7-anos-geschenkset#webpage\",\"url\":\"https:\/\/www.best-bottles.de\/?product=havana-club-anejo-7-anos-geschenkset\",\"name\":\"Havana Club A\u00f1ejo 7 A\u00f1os Geschenkset\",\"isPartOf\":{\"@id\":\"https:\/\/www.best-bottles.de\/#website\"},\"primaryImageOfPage\":{\"@id\":\"https:\/\/www.best-bottles.de\/?product=havana-club-anejo-7-anos-geschenkset#primaryimage\"},\"datePublished\":\"2016-03-13T13:50:18+00:00\",\"dateModified\":\"2022-06-09T17:42:26+00:00\",\"description\":\"Havana Club A\u00f1ejo 7 A\u00f1os Geschenkset, das ideale Geschenk f\u00fcr RUM Liebhaber mit Flavor (Island Fruit) und einem Glas.\",\"breadcrumb\":{\"@id\":\"https:\/\/www.best-bottles.de\/?product=havana-club-anejo-7-anos-geschenkset#breadcrumb\"},\"inLanguage\":\"de\",\"potentialAction\":[{\"@type\":\"ReadAction\",\"target\":[\"https:\/\/www.best-bottles.de\/?product=havana-club-anejo-7-anos-geschenkset\"]}]},{\"@type\":\"BreadcrumbList\",\"@id\":\"https:\/\/www.best-bottles.de\/?product=havana-club-anejo-7-anos-geschenkset#breadcrumb\",\"itemListElement\":[{\"@type\":\"ListItem\",\"position\":1,\"name\":\"Home\",\"item\":\"https:\/\/www.best-bottles.de\/\"},{\"@type\":\"ListItem\",\"position\":2,\"name\":\"Shop\",\"item\":\"https:\/\/www.best-bottles.de\/?page_id=4\"},{\"@type\":\"ListItem\",\"position\":3,\"name\":\"Havana Club A\u00f1ejo 7 A\u00f1os Geschenkset\"}]}]}<\/script>\n<!-- \/ Yoast SEO plugin. -->","yoast_head_json":{"title":"Havana Club A\u00f1ejo 7 A\u00f1os Geschenkset","description":"Havana Club A\u00f1ejo 7 A\u00f1os Geschenkset, das ideale Geschenk f\u00fcr RUM Liebhaber mit Flavor (Island Fruit) und einem Glas.","robots":{"index":"index","follow":"follow","max-snippet":"max-snippet:-1","max-image-preview":"max-image-preview:large","max-video-preview":"max-video-preview:-1"},"canonical":"https:\/\/www.best-bottles.de\/?product=havana-club-anejo-7-anos-geschenkset","og_locale":"de_DE","og_type":"article","og_title":"Havana Club A\u00f1ejo 7 A\u00f1os Geschenkset","og_description":"Havana Club A\u00f1ejo 7 A\u00f1os Geschenkset, das ideale Geschenk f\u00fcr RUM Liebhaber mit Flavor (Island Fruit) und einem Glas.","og_url":"https:\/\/www.best-bottles.de\/?product=havana-club-anejo-7-anos-geschenkset","og_site_name":"Best Bottles - Ihr Partner f\u00fcr RUM &amp; Co","article_modified_time":"2022-06-09T17:42:26+00:00","og_image":[{"url":"https:\/\/www.best-bottles.de\/wp-content\/uploads\/2016\/03\/havana-club-anejo-7-anos-geschenkset-open.jpg"}],"twitter_card":"summary","twitter_title":"Havana Club A\u00f1ejo 7 A\u00f1os Geschenkset","twitter_description":"Havana Club A\u00f1ejo 7 A\u00f1os Geschenkset, das ideale Geschenk f\u00fcr RUM Liebhaber mit Flavor (Island Fruit) und einem Glas.","twitter_image":"https:\/\/www.best-bottles.de\/wp-content\/uploads\/2016\/03\/havana-club-anejo-7-anos-geschenkset-open.jpg","twitter_misc":{"Gesch\u00e4tzte Lesezeit":"2\u00a0Minuten"},"schema":{"@context":"https:\/\/schema.org","@graph":[{"@type":"Organization","@id":"https:\/\/www.best-bottles.de\/#organization","name":"best-bottles.de","url":"https:\/\/www.best-bottles.de\/","sameAs":[],"logo":{"@type":"ImageObject","@id":"https:\/\/www.best-bottles.de\/#logo","inLanguage":"de","url":"https:\/\/www.best-bottles.de\/wp-content\/uploads\/2016\/01\/logo.jpg","contentUrl":"https:\/\/www.best-bottles.de\/wp-content\/uploads\/2016\/01\/logo.jpg","width":646,"height":646,"caption":"best-bottles.de"},"image":{"@id":"https:\/\/www.best-bottles.de\/#logo"}},{"@type":"WebSite","@id":"https:\/\/www.best-bottles.de\/#website","url":"https:\/\/www.best-bottles.de\/","name":"Best Bottles - Ihr Partner f\u00fcr RUM &amp; Co","description":"Eine weitere WordPress-Seite","publisher":{"@id":"https:\/\/www.best-bottles.de\/#organization"},"potentialAction":[{"@type":"SearchAction","target":{"@type":"EntryPoint","urlTemplate":"https:\/\/www.best-bottles.de\/?s={search_term_string}"},"query-input":"required name=search_term_string"}],"inLanguage":"de"},{"@type":"ImageObject","@id":"https:\/\/www.best-bottles.de\/?product=havana-club-anejo-7-anos-geschenkset#primaryimage","inLanguage":"de","url":"","contentUrl":""},{"@type":"WebPage","@id":"https:\/\/www.best-bottles.de\/?product=havana-club-anejo-7-anos-geschenkset#webpage","url":"https:\/\/www.best-bottles.de\/?product=havana-club-anejo-7-anos-geschenkset","name":"Havana Club A\u00f1ejo 7 A\u00f1os Geschenkset","isPartOf":{"@id":"https:\/\/www.best-bottles.de\/#website"},"primaryImageOfPage":{"@id":"https:\/\/www.best-bottles.de\/?product=havana-club-anejo-7-anos-geschenkset#primaryimage"},"datePublished":"2016-03-13T13:50:18+00:00","dateModified":"2022-06-09T17:42:26+00:00","description":"Havana Club A\u00f1ejo 7 A\u00f1os Geschenkset, das ideale Geschenk f\u00fcr RUM Liebhaber mit Flavor (Island Fruit) und einem Glas.","breadcrumb":{"@id":"https:\/\/www.best-bottles.de\/?product=havana-club-anejo-7-anos-geschenkset#breadcrumb"},"inLanguage":"de","potentialAction":[{"@type":"ReadAction","target":["https:\/\/www.best-bottles.de\/?product=havana-club-anejo-7-anos-geschenkset"]}]},{"@type":"BreadcrumbList","@id":"https:\/\/www.best-bottles.de\/?product=havana-club-anejo-7-anos-geschenkset#breadcrumb","itemListElement":[{"@type":"ListItem","position":1,"name":"Home","item":"https:\/\/www.best-bottles.de\/"},{"@type":"ListItem","position":2,"name":"Shop","item":"https:\/\/www.best-bottles.de\/?page_id=4"},{"@type":"ListItem","position":3,"name":"Havana Club A\u00f1ejo 7 A\u00f1os Geschenkset"}]}]}},"_links":{"self":[{"href":"https:\/\/www.best-bottles.de\/index.php?rest_route=\/wp\/v2\/product\/562"}],"collection":[{"href":"https:\/\/www.best-bottles.de\/index.php?rest_route=\/wp\/v2\/product"}],"about":[{"href":"https:\/\/www.best-bottles.de\/index.php?rest_route=\/wp\/v2\/types\/product"}],"replies":[{"embeddable":true,"href":"https:\/\/www.best-bottles.de\/index.php?rest_route=%2Fwp%2Fv2%2Fcomments&post=562"}],"wp:featuredmedia":[{"embeddable":true,"href":"https:\/\/www.best-bottles.de\/index.php?rest_route=\/wp\/v2\/media\/563"}],"wp:attachment":[{"href":"https:\/\/www.best-bottles.de\/index.php?rest_route=%2Fwp%2Fv2%2Fmedia&parent=562"}],"wp:term":[{"taxonomy":"product_cat","embeddable":true,"href":"https:\/\/www.best-bottles.de\/index.php?rest_route=%2Fwp%2Fv2%2Fproduct_cat&post=562"},{"taxonomy":"product_tag","embeddable":true,"href":"https:\/\/www.best-bottles.de\/index.php?rest_route=%2Fwp%2Fv2%2Fproduct_tag&post=562"}],"curies":[{"name":"wp","href":"https:\/\/api.w.org\/{rel}","templated":true}]}}