{"id":1248,"date":"2016-06-21T13:42:46","date_gmt":"2016-06-21T11:42:46","guid":{"rendered":"https:\/\/www.best-bottles.de\/?post_type=product&#038;p=1248"},"modified":"2025-10-31T17:14:46","modified_gmt":"2025-10-31T16:14:46","slug":"havana-club-tributo-collection-2016","status":"publish","type":"product","link":"https:\/\/www.best-bottles.de\/?product=havana-club-tributo-collection-2016","title":{"rendered":"Havana Club Tributo Collection 2016"},"content":{"rendered":"<h3>Ein Luxus-Rum aus der Heimat der Havanna-Zigarren<\/h3>\n<p>Die Farbe des <a href=\"http:\/\/de.havana-club.com\/de\/bar-news\/havana-club-tributo\" target=\"_blank\"><strong>Tributo Collection<\/strong><\/a> ist ein tiefes Amberbraun, sein Flavour duftet nach getrockneten tropischen Fr\u00fcchten und sein Geschmack ist so tief, aromatisch, so k\u00f6rperreich und intensiv wie seine Aficionados es von einem in 80 Jahre alten Eichenf\u00e4ssern gereiften Rum auch erwarten d\u00fcrfen. Kurz &#8211; er ist der Dandy unter den Noblen und Edlen, die uns Kuba offeriert. Der Havana Club Tributo Collection erschien standesgem\u00e4\u00df und p\u00fcnktlich zum 18.Havanna-Cigar Festival (Cuban Habanos Festival) und machte seinem Namen &#8211; nicht nur durch seine spektakul\u00e4re Erscheinungsform und seinen formidablen Preis &#8211; alle Ehre.<\/p>\n<figure id=\"attachment_740\" aria-describedby=\"caption-attachment-740\" style=\"width: 300px\" class=\"wp-caption alignleft\"><a href=\"https:\/\/www.best-bottles.de\/wp-content\/uploads\/2016\/04\/havana_club_tributo_2016_0.jpg\"><img loading=\"lazy\" class=\"wp-image-740\" title=\"Havana Club Tributo Collection\" src=\"https:\/\/www.best-bottles.de\/wp-content\/uploads\/2016\/04\/havana_club_tributo_2016_0.jpg\" alt=\"Havana Club Tributo Collection\" width=\"300\" height=\"410\" srcset=\"https:\/\/www.best-bottles.de\/wp-content\/uploads\/2016\/04\/havana_club_tributo_2016_0.jpg 907w, https:\/\/www.best-bottles.de\/wp-content\/uploads\/2016\/04\/havana_club_tributo_2016_0-450x615.jpg 450w\" sizes=\"(max-width: 300px) 100vw, 300px\" \/><\/a><figcaption id=\"caption-attachment-740\" class=\"wp-caption-text\">Havana Club Tributo Collection<\/figcaption><\/figure>\n<h3>Havana Club Tributo Collection trinkt man am besten pur!<\/h3>\n<p>Allein der Preis von 360 Euro pro Flasche verbietet den allzu verschwenderischen und zudem respektlosen Konsum in Mixgetr\u00e4nken. Erfreuen wird er die Rumtrinker auf 10 internationalen M\u00e4rkten, u.a. in der Heimat Kuba selbst, in China und Gro\u00dfbritannien. Angek\u00fcndigt ist sein Erscheinen f\u00fcr Deutschland, einem f\u00fcr den Produzenten Havana Club wichtigen Abnehmerland. Und dies wird besonders die anspruchsvollen Rumtrinker erfreuen, die ihre Lieblingsbrands &#8211; zu denen dieser Rum ganz sicher bald geh\u00f6ren wird &#8211; am liebsten pur, ohne Verzierung, Gem\u00fcsebeigaben oder Eis genie\u00dfen wollen.<\/p>\n<p>Somit k\u00f6nnen Rumfreunde sich \u00fcber ein weiteres Mitglied aus dem (unvermischt zu nippenden) Sipping-neat-Portofolio des Herstellers freuen, wie es bereits der Havana Club Seleccion de Maestros oder der <a href=\"https:\/\/www.best-bottles.de\/produkt\/rum\/havana-club-union-07l-rum\/\">Union<\/a> darstellen. So versteht sich auch die Limitierung der ersten Abf\u00fcllung auf 2.500 Exemplare &#8211; Gutes macht sich eben rar! Und dachte man fr\u00fcher bei Rum zun\u00e4chst an Mixgetr\u00e4nke oder hei\u00dfe Grogs zur Winterzeit, hat sich die Degustation von edlen Rum-Blends mittlerweile stark gewandelt. Ein feiner Tropfen, der sich als Digestiv mit edlem Grappa, Cognac oder Mirabellengeist l\u00e4ngst messen kann, gewinnt immer mehr Anh\u00e4nger. Zum Tee eine wunderbare Sache, und wenn dann noch eine noble Havanna-Zigarre Gesellschaft leistet .. !<\/p>\n<p>[adult_message]<\/p>\n","protected":false},"excerpt":{"rendered":"<p>Ein Luxus-Rum aus der Heimat der Havanna-Zigarren Die Farbe des Tributo Collection ist ein tiefes Amberbraun, sein Flavour duftet nach [&hellip;]<\/p>\n","protected":false},"featured_media":1259,"comment_status":"open","ping_status":"closed","template":"","meta":{"site-sidebar-layout":"default","site-content-layout":"","ast-site-content-layout":"default","site-content-style":"default","site-sidebar-style":"default","ast-global-header-display":"","ast-banner-title-visibility":"","ast-main-header-display":"","ast-hfb-above-header-display":"","ast-hfb-below-header-display":"","ast-hfb-mobile-header-display":"","site-post-title":"","ast-breadcrumbs-content":"","ast-featured-img":"","footer-sml-layout":"","theme-transparent-header-meta":"","adv-header-id-meta":"","stick-header-meta":"","header-above-stick-meta":"","header-main-stick-meta":"","header-below-stick-meta":"","astra-migrate-meta-layouts":"default","ast-page-background-enabled":"default","ast-page-background-meta":{"desktop":{"background-color":"var(--ast-global-color-5)","background-image":"","background-repeat":"repeat","background-position":"center center","background-size":"auto","background-attachment":"scroll","background-type":"","background-media":"","overlay-type":"","overlay-color":"","overlay-opacity":"","overlay-gradient":""},"tablet":{"background-color":"","background-image":"","background-repeat":"repeat","background-position":"center center","background-size":"auto","background-attachment":"scroll","background-type":"","background-media":"","overlay-type":"","overlay-color":"","overlay-opacity":"","overlay-gradient":""},"mobile":{"background-color":"","background-image":"","background-repeat":"repeat","background-position":"center center","background-size":"auto","background-attachment":"scroll","background-type":"","background-media":"","overlay-type":"","overlay-color":"","overlay-opacity":"","overlay-gradient":""}},"ast-content-background-meta":{"desktop":{"background-color":"var(--ast-global-color-4)","background-image":"","background-repeat":"repeat","background-position":"center center","background-size":"auto","background-attachment":"scroll","background-type":"","background-media":"","overlay-type":"","overlay-color":"","overlay-opacity":"","overlay-gradient":""},"tablet":{"background-color":"var(--ast-global-color-4)","background-image":"","background-repeat":"repeat","background-position":"center center","background-size":"auto","background-attachment":"scroll","background-type":"","background-media":"","overlay-type":"","overlay-color":"","overlay-opacity":"","overlay-gradient":""},"mobile":{"background-color":"var(--ast-global-color-4)","background-image":"","background-repeat":"repeat","background-position":"center center","background-size":"auto","background-attachment":"scroll","background-type":"","background-media":"","overlay-type":"","overlay-color":"","overlay-opacity":"","overlay-gradient":""}}},"product_cat":[31],"product_tag":[58,50],"yoast_head":"<!-- This site is optimized with the Yoast SEO plugin v18.6 - https:\/\/yoast.com\/wordpress\/plugins\/seo\/ -->\n<title>Havana Club Tributo Collection 2016 - ab Lager lieferbar<\/title>\n<meta name=\"description\" content=\"Jedes Jahr zum Zigarren Festival wird es eine Havana Club Tributo Collection Abf\u00fcllung geben. Die 2016er ist auf 2500 Flaschen limitiert.\" \/>\n<meta name=\"robots\" content=\"index, follow, max-snippet:-1, max-image-preview:large, max-video-preview:-1\" \/>\n<link rel=\"canonical\" href=\"https:\/\/www.best-bottles.de\/?product=havana-club-tributo-collection-2016\" \/>\n<meta property=\"og:locale\" content=\"de_DE\" \/>\n<meta property=\"og:type\" content=\"article\" \/>\n<meta property=\"og:title\" content=\"Havana Club Tributo Collection 2016 - ab Lager lieferbar\" \/>\n<meta property=\"og:description\" content=\"Jedes Jahr zum Zigarren Festival wird es eine Havana Club Tributo Collection Abf\u00fcllung geben. Die 2016er ist auf 2500 Flaschen limitiert.\" \/>\n<meta property=\"og:url\" content=\"https:\/\/www.best-bottles.de\/?product=havana-club-tributo-collection-2016\" \/>\n<meta property=\"og:site_name\" content=\"Best Bottles - Ihr Partner f\u00fcr RUM &amp; Co\" \/>\n<meta property=\"article:modified_time\" content=\"2025-10-31T16:14:46+00:00\" \/>\n<meta property=\"og:image\" content=\"https:\/\/www.best-bottles.de\/wp-content\/uploads\/2016\/06\/havana-club-tributo-collection-2016-label.jpg\" \/>\n\t<meta property=\"og:image:width\" content=\"1350\" \/>\n\t<meta property=\"og:image:height\" content=\"1350\" \/>\n\t<meta property=\"og:image:type\" content=\"image\/jpeg\" \/>\n<meta name=\"twitter:card\" content=\"summary\" \/>\n<meta name=\"twitter:title\" content=\"Havana Club Tributo Collection 2016 - ab Lager lieferbar\" \/>\n<meta name=\"twitter:description\" content=\"Jedes Jahr zum Zigarren Festival wird es eine Havana Club Tributo Collection Abf\u00fcllung geben. Die 2016er ist auf 2500 Flaschen limitiert.\" \/>\n<meta name=\"twitter:label1\" content=\"Gesch\u00e4tzte Lesezeit\" \/>\n\t<meta name=\"twitter:data1\" content=\"2\u00a0Minuten\" \/>\n<script type=\"application\/ld+json\" class=\"yoast-schema-graph\">{\"@context\":\"https:\/\/schema.org\",\"@graph\":[{\"@type\":\"Organization\",\"@id\":\"https:\/\/www.best-bottles.de\/#organization\",\"name\":\"best-bottles.de\",\"url\":\"https:\/\/www.best-bottles.de\/\",\"sameAs\":[],\"logo\":{\"@type\":\"ImageObject\",\"@id\":\"https:\/\/www.best-bottles.de\/#logo\",\"inLanguage\":\"de\",\"url\":\"https:\/\/www.best-bottles.de\/wp-content\/uploads\/2016\/01\/logo.jpg\",\"contentUrl\":\"https:\/\/www.best-bottles.de\/wp-content\/uploads\/2016\/01\/logo.jpg\",\"width\":646,\"height\":646,\"caption\":\"best-bottles.de\"},\"image\":{\"@id\":\"https:\/\/www.best-bottles.de\/#logo\"}},{\"@type\":\"WebSite\",\"@id\":\"https:\/\/www.best-bottles.de\/#website\",\"url\":\"https:\/\/www.best-bottles.de\/\",\"name\":\"Best Bottles - Ihr Partner f\u00fcr RUM &amp; Co\",\"description\":\"Eine weitere WordPress-Seite\",\"publisher\":{\"@id\":\"https:\/\/www.best-bottles.de\/#organization\"},\"potentialAction\":[{\"@type\":\"SearchAction\",\"target\":{\"@type\":\"EntryPoint\",\"urlTemplate\":\"https:\/\/www.best-bottles.de\/?s={search_term_string}\"},\"query-input\":\"required name=search_term_string\"}],\"inLanguage\":\"de\"},{\"@type\":\"ImageObject\",\"@id\":\"https:\/\/www.best-bottles.de\/?product=havana-club-tributo-collection-2016#primaryimage\",\"inLanguage\":\"de\",\"url\":\"https:\/\/www.best-bottles.de\/wp-content\/uploads\/2016\/06\/havana-club-tributo-collection-2016-label.jpg\",\"contentUrl\":\"https:\/\/www.best-bottles.de\/wp-content\/uploads\/2016\/06\/havana-club-tributo-collection-2016-label.jpg\",\"width\":1350,\"height\":1350},{\"@type\":\"WebPage\",\"@id\":\"https:\/\/www.best-bottles.de\/?product=havana-club-tributo-collection-2016#webpage\",\"url\":\"https:\/\/www.best-bottles.de\/?product=havana-club-tributo-collection-2016\",\"name\":\"Havana Club Tributo Collection 2016 - ab Lager lieferbar\",\"isPartOf\":{\"@id\":\"https:\/\/www.best-bottles.de\/#website\"},\"primaryImageOfPage\":{\"@id\":\"https:\/\/www.best-bottles.de\/?product=havana-club-tributo-collection-2016#primaryimage\"},\"datePublished\":\"2016-06-21T11:42:46+00:00\",\"dateModified\":\"2025-10-31T16:14:46+00:00\",\"description\":\"Jedes Jahr zum Zigarren Festival wird es eine Havana Club Tributo Collection Abf\u00fcllung geben. Die 2016er ist auf 2500 Flaschen limitiert.\",\"breadcrumb\":{\"@id\":\"https:\/\/www.best-bottles.de\/?product=havana-club-tributo-collection-2016#breadcrumb\"},\"inLanguage\":\"de\",\"potentialAction\":[{\"@type\":\"ReadAction\",\"target\":[\"https:\/\/www.best-bottles.de\/?product=havana-club-tributo-collection-2016\"]}]},{\"@type\":\"BreadcrumbList\",\"@id\":\"https:\/\/www.best-bottles.de\/?product=havana-club-tributo-collection-2016#breadcrumb\",\"itemListElement\":[{\"@type\":\"ListItem\",\"position\":1,\"name\":\"Home\",\"item\":\"https:\/\/www.best-bottles.de\/\"},{\"@type\":\"ListItem\",\"position\":2,\"name\":\"Shop\",\"item\":\"https:\/\/www.best-bottles.de\/?page_id=4\"},{\"@type\":\"ListItem\",\"position\":3,\"name\":\"Havana Club Tributo Collection 2016\"}]}]}<\/script>\n<!-- \/ Yoast SEO plugin. -->","yoast_head_json":{"title":"Havana Club Tributo Collection 2016 - ab Lager lieferbar","description":"Jedes Jahr zum Zigarren Festival wird es eine Havana Club Tributo Collection Abf\u00fcllung geben. Die 2016er ist auf 2500 Flaschen limitiert.","robots":{"index":"index","follow":"follow","max-snippet":"max-snippet:-1","max-image-preview":"max-image-preview:large","max-video-preview":"max-video-preview:-1"},"canonical":"https:\/\/www.best-bottles.de\/?product=havana-club-tributo-collection-2016","og_locale":"de_DE","og_type":"article","og_title":"Havana Club Tributo Collection 2016 - ab Lager lieferbar","og_description":"Jedes Jahr zum Zigarren Festival wird es eine Havana Club Tributo Collection Abf\u00fcllung geben. Die 2016er ist auf 2500 Flaschen limitiert.","og_url":"https:\/\/www.best-bottles.de\/?product=havana-club-tributo-collection-2016","og_site_name":"Best Bottles - Ihr Partner f\u00fcr RUM &amp; Co","article_modified_time":"2025-10-31T16:14:46+00:00","og_image":[{"width":1350,"height":1350,"url":"https:\/\/www.best-bottles.de\/wp-content\/uploads\/2016\/06\/havana-club-tributo-collection-2016-label.jpg","type":"image\/jpeg"}],"twitter_card":"summary","twitter_title":"Havana Club Tributo Collection 2016 - ab Lager lieferbar","twitter_description":"Jedes Jahr zum Zigarren Festival wird es eine Havana Club Tributo Collection Abf\u00fcllung geben. Die 2016er ist auf 2500 Flaschen limitiert.","twitter_misc":{"Gesch\u00e4tzte Lesezeit":"2\u00a0Minuten"},"schema":{"@context":"https:\/\/schema.org","@graph":[{"@type":"Organization","@id":"https:\/\/www.best-bottles.de\/#organization","name":"best-bottles.de","url":"https:\/\/www.best-bottles.de\/","sameAs":[],"logo":{"@type":"ImageObject","@id":"https:\/\/www.best-bottles.de\/#logo","inLanguage":"de","url":"https:\/\/www.best-bottles.de\/wp-content\/uploads\/2016\/01\/logo.jpg","contentUrl":"https:\/\/www.best-bottles.de\/wp-content\/uploads\/2016\/01\/logo.jpg","width":646,"height":646,"caption":"best-bottles.de"},"image":{"@id":"https:\/\/www.best-bottles.de\/#logo"}},{"@type":"WebSite","@id":"https:\/\/www.best-bottles.de\/#website","url":"https:\/\/www.best-bottles.de\/","name":"Best Bottles - Ihr Partner f\u00fcr RUM &amp; Co","description":"Eine weitere WordPress-Seite","publisher":{"@id":"https:\/\/www.best-bottles.de\/#organization"},"potentialAction":[{"@type":"SearchAction","target":{"@type":"EntryPoint","urlTemplate":"https:\/\/www.best-bottles.de\/?s={search_term_string}"},"query-input":"required name=search_term_string"}],"inLanguage":"de"},{"@type":"ImageObject","@id":"https:\/\/www.best-bottles.de\/?product=havana-club-tributo-collection-2016#primaryimage","inLanguage":"de","url":"https:\/\/www.best-bottles.de\/wp-content\/uploads\/2016\/06\/havana-club-tributo-collection-2016-label.jpg","contentUrl":"https:\/\/www.best-bottles.de\/wp-content\/uploads\/2016\/06\/havana-club-tributo-collection-2016-label.jpg","width":1350,"height":1350},{"@type":"WebPage","@id":"https:\/\/www.best-bottles.de\/?product=havana-club-tributo-collection-2016#webpage","url":"https:\/\/www.best-bottles.de\/?product=havana-club-tributo-collection-2016","name":"Havana Club Tributo Collection 2016 - ab Lager lieferbar","isPartOf":{"@id":"https:\/\/www.best-bottles.de\/#website"},"primaryImageOfPage":{"@id":"https:\/\/www.best-bottles.de\/?product=havana-club-tributo-collection-2016#primaryimage"},"datePublished":"2016-06-21T11:42:46+00:00","dateModified":"2025-10-31T16:14:46+00:00","description":"Jedes Jahr zum Zigarren Festival wird es eine Havana Club Tributo Collection Abf\u00fcllung geben. Die 2016er ist auf 2500 Flaschen limitiert.","breadcrumb":{"@id":"https:\/\/www.best-bottles.de\/?product=havana-club-tributo-collection-2016#breadcrumb"},"inLanguage":"de","potentialAction":[{"@type":"ReadAction","target":["https:\/\/www.best-bottles.de\/?product=havana-club-tributo-collection-2016"]}]},{"@type":"BreadcrumbList","@id":"https:\/\/www.best-bottles.de\/?product=havana-club-tributo-collection-2016#breadcrumb","itemListElement":[{"@type":"ListItem","position":1,"name":"Home","item":"https:\/\/www.best-bottles.de\/"},{"@type":"ListItem","position":2,"name":"Shop","item":"https:\/\/www.best-bottles.de\/?page_id=4"},{"@type":"ListItem","position":3,"name":"Havana Club Tributo Collection 2016"}]}]}},"_links":{"self":[{"href":"https:\/\/www.best-bottles.de\/index.php?rest_route=\/wp\/v2\/product\/1248"}],"collection":[{"href":"https:\/\/www.best-bottles.de\/index.php?rest_route=\/wp\/v2\/product"}],"about":[{"href":"https:\/\/www.best-bottles.de\/index.php?rest_route=\/wp\/v2\/types\/product"}],"replies":[{"embeddable":true,"href":"https:\/\/www.best-bottles.de\/index.php?rest_route=%2Fwp%2Fv2%2Fcomments&post=1248"}],"wp:featuredmedia":[{"embeddable":true,"href":"https:\/\/www.best-bottles.de\/index.php?rest_route=\/wp\/v2\/media\/1259"}],"wp:attachment":[{"href":"https:\/\/www.best-bottles.de\/index.php?rest_route=%2Fwp%2Fv2%2Fmedia&parent=1248"}],"wp:term":[{"taxonomy":"product_cat","embeddable":true,"href":"https:\/\/www.best-bottles.de\/index.php?rest_route=%2Fwp%2Fv2%2Fproduct_cat&post=1248"},{"taxonomy":"product_tag","embeddable":true,"href":"https:\/\/www.best-bottles.de\/index.php?rest_route=%2Fwp%2Fv2%2Fproduct_tag&post=1248"}],"curies":[{"name":"wp","href":"https:\/\/api.w.org\/{rel}","templated":true}]}}