{"id":1129,"date":"2016-01-01T17:04:08","date_gmt":"2016-01-01T16:04:08","guid":{"rendered":"https:\/\/www.best-bottles.de\/nl\/produkt\/unkategorisiert\/bacardi-carta-blanca-superior-15-l-party-flasche\/"},"modified":"2017-05-10T16:30:44","modified_gmt":"2017-05-10T14:30:44","slug":"bacardi-carta-blanca-superior-15-l-party-flasche","status":"publish","type":"product","link":"https:\/\/www.best-bottles.de\/?product=bacardi-carta-blanca-superior-15-l-party-flasche","title":{"rendered":"BACARDI Carta Blanca Superior Rum 1,5 l Party Flasche"},"content":{"rendered":"<h3>BACARDI Carta Blanca Superior Rum 1,5 l Party Flasche<\/h3>\n<p><strong>BACARDI Carta Blanca Superior Rum<\/strong> ist ein leichter, aromatischer, wei\u00dfer RUM mit zarten blumigen und fruchtigen Geschmacksnoten &#8211; Ideal zum Mixen, da dieser Rum ausgewogen und nicht zu dominant ist, harmoniert er perfekt mit Soda, frischen S\u00e4ften und Cola.<\/p>\n<figure id=\"attachment_152\" aria-describedby=\"caption-attachment-152\" style=\"width: 180px\" class=\"wp-caption alignleft\"><a href=\"https:\/\/www.best-bottles.de\/wp-content\/uploads\/2016\/01\/bacardi-carta-blanca-superior-1-5-l-party-bottle-label.jpg\"><img loading=\"lazy\" class=\"wp-image-152 size-square\" src=\"https:\/\/www.best-bottles.de\/wp-content\/uploads\/2016\/01\/bacardi-carta-blanca-superior-1-5-l-party-bottle-label-180x180.jpg\" alt=\"BACARDI Carta Blanca Superior Rum 1,5 l\" width=\"180\" height=\"180\" srcset=\"https:\/\/www.best-bottles.de\/wp-content\/uploads\/2016\/01\/bacardi-carta-blanca-superior-1-5-l-party-bottle-label-180x180.jpg 180w, https:\/\/www.best-bottles.de\/wp-content\/uploads\/2016\/01\/bacardi-carta-blanca-superior-1-5-l-party-bottle-label-450x450.jpg 450w, https:\/\/www.best-bottles.de\/wp-content\/uploads\/2016\/01\/bacardi-carta-blanca-superior-1-5-l-party-bottle-label-100x100.jpg 100w, https:\/\/www.best-bottles.de\/wp-content\/uploads\/2016\/01\/bacardi-carta-blanca-superior-1-5-l-party-bottle-label-80x80.jpg 80w, https:\/\/www.best-bottles.de\/wp-content\/uploads\/2016\/01\/bacardi-carta-blanca-superior-1-5-l-party-bottle-label-300x300.jpg 300w, https:\/\/www.best-bottles.de\/wp-content\/uploads\/2016\/01\/bacardi-carta-blanca-superior-1-5-l-party-bottle-label-768x768.jpg 768w, https:\/\/www.best-bottles.de\/wp-content\/uploads\/2016\/01\/bacardi-carta-blanca-superior-1-5-l-party-bottle-label-1030x1030.jpg 1030w, https:\/\/www.best-bottles.de\/wp-content\/uploads\/2016\/01\/bacardi-carta-blanca-superior-1-5-l-party-bottle-label-65x65.jpg 65w, https:\/\/www.best-bottles.de\/wp-content\/uploads\/2016\/01\/bacardi-carta-blanca-superior-1-5-l-party-bottle-label-36x36.jpg 36w, https:\/\/www.best-bottles.de\/wp-content\/uploads\/2016\/01\/bacardi-carta-blanca-superior-1-5-l-party-bottle-label-705x705.jpg 705w, https:\/\/www.best-bottles.de\/wp-content\/uploads\/2016\/01\/bacardi-carta-blanca-superior-1-5-l-party-bottle-label.jpg 1350w\" sizes=\"(max-width: 180px) 100vw, 180px\" \/><\/a><figcaption id=\"caption-attachment-152\" class=\"wp-caption-text\">BACARDI Carta Blanca Superior Rum 1,5 l<\/figcaption><\/figure>\n<p>Alkoholgehalt: 37,5%<\/p>\n<p><a href=\"\/?page_id=67\">BACARDI <\/a>geh\u00f6rt mit fast 180. Millionen Litern Aussto\u00df im Jahr 2012 zu den gr\u00f6\u00dften Rum-Sorten der Welt. Bacardi ist eigentliche eine kubanische RUM-Marke. Die Bacardi Familie wurde jedoch enteignet und wanderte in die USA aus. Der heutige Sitz des Unternehmens liegt auf den Barmudas.<\/p>\n<p>Der Bcardi Carta Blanca ist sicherlich der bekannteste Bacardi Rum und ein Inbegriff f\u00fcr Strand, Sonne, Palmen und einfach das &#8222;Bacardi Feeling&#8220; das nicht zuletzt durch die kubanische Musik von Kate Yanai im Werbespot von Bacardi in jedem Kopf herumschwirrt. Eben einfach <a href=\"https:\/\/www.youtube.com\/watch?v=He-d2zXYWSQ\">Summer Dreaming<\/a>. Schlie\u00dfen Sie die Augen und genie\u00dfen Sie den Bacardi Carta Blanca in einem erfrischendem Cocktail wie dem Mojito oder dem Cuba Libre und Sie werden das rauschen des Meers in Ihren Ohren h\u00f6ren und die Palmen richen.<\/p>\n<p>&nbsp;<\/p>\n<p>&nbsp;<\/p>\n<p><strong>Bacardi Carta Blanca<\/strong> eignet sich hervorragen f\u00fcr folgende Rezepte:<\/p>\n<ul>\n<li><a href=\"https:\/\/www.best-bottles.de\/rezepte\/cuba-libre\/\">Cuba Libre<\/a><\/li>\n<li><a href=\"\/?page_id=94\">Mojito (Mochito)<\/a><\/li>\n<li><a href=\"\/?page_id=113\">Rum Cola<\/a><\/li>\n<li><a href=\"\/?page_id=118\">Bacardi Cola<\/a><\/li>\n<\/ul>\n<p><strong>Importeur<\/strong>: BACARDI GmbH, Postfach 600303, 22203 Hamburg, <a href=\"http:\/\/www.bacardi.com\" target=\"_blank\" rel=\"noopener noreferrer\">http:\/\/www.bacardi.com<\/a><\/p>\n<p>[adult_message]<\/p>\n","protected":false},"excerpt":{"rendered":"<p>BACARDI Carta Blanca ist ein leichter, aromatischer, wei\u00dfer RUM mit zarten blumigen und fruchtigen Geschmacksnoten &#8211; Ideal zum Mixen. Da dieser Rum ausgewogen und nicht zu dominant ist, harmoniert er perfekt mit Soda, frischen S\u00e4ften und Cola.<\/p>\n","protected":false},"featured_media":200,"comment_status":"open","ping_status":"closed","template":"","meta":{"site-sidebar-layout":"default","site-content-layout":"","ast-site-content-layout":"default","site-content-style":"default","site-sidebar-style":"default","ast-global-header-display":"","ast-banner-title-visibility":"","ast-main-header-display":"","ast-hfb-above-header-display":"","ast-hfb-below-header-display":"","ast-hfb-mobile-header-display":"","site-post-title":"","ast-breadcrumbs-content":"","ast-featured-img":"","footer-sml-layout":"","theme-transparent-header-meta":"","adv-header-id-meta":"","stick-header-meta":"","header-above-stick-meta":"","header-main-stick-meta":"","header-below-stick-meta":"","astra-migrate-meta-layouts":"default","ast-page-background-enabled":"default","ast-page-background-meta":{"desktop":{"background-color":"var(--ast-global-color-5)","background-image":"","background-repeat":"repeat","background-position":"center center","background-size":"auto","background-attachment":"scroll","background-type":"","background-media":"","overlay-type":"","overlay-color":"","overlay-opacity":"","overlay-gradient":""},"tablet":{"background-color":"","background-image":"","background-repeat":"repeat","background-position":"center center","background-size":"auto","background-attachment":"scroll","background-type":"","background-media":"","overlay-type":"","overlay-color":"","overlay-opacity":"","overlay-gradient":""},"mobile":{"background-color":"","background-image":"","background-repeat":"repeat","background-position":"center center","background-size":"auto","background-attachment":"scroll","background-type":"","background-media":"","overlay-type":"","overlay-color":"","overlay-opacity":"","overlay-gradient":""}},"ast-content-background-meta":{"desktop":{"background-color":"var(--ast-global-color-4)","background-image":"","background-repeat":"repeat","background-position":"center center","background-size":"auto","background-attachment":"scroll","background-type":"","background-media":"","overlay-type":"","overlay-color":"","overlay-opacity":"","overlay-gradient":""},"tablet":{"background-color":"var(--ast-global-color-4)","background-image":"","background-repeat":"repeat","background-position":"center center","background-size":"auto","background-attachment":"scroll","background-type":"","background-media":"","overlay-type":"","overlay-color":"","overlay-opacity":"","overlay-gradient":""},"mobile":{"background-color":"var(--ast-global-color-4)","background-image":"","background-repeat":"repeat","background-position":"center center","background-size":"auto","background-attachment":"scroll","background-type":"","background-media":"","overlay-type":"","overlay-color":"","overlay-opacity":"","overlay-gradient":""}}},"product_cat":[112],"product_tag":[98,101,108,110],"yoast_head":"<!-- This site is optimized with the Yoast SEO plugin v18.6 - https:\/\/yoast.com\/wordpress\/plugins\/seo\/ -->\n<title>BACARDI Carta Blanca Superior Rum 1,5 l Party Flasche<\/title>\n<meta name=\"description\" content=\"Alkoholgehalt 37,5%. BACARDI Carta Blanca Superior Rum 1,5 l Party Flasche f\u00fcr deine Party. Unerl\u00e4sslich f\u00fcr Bacardi Cola...\" \/>\n<meta name=\"robots\" content=\"index, follow, max-snippet:-1, max-image-preview:large, max-video-preview:-1\" \/>\n<link rel=\"canonical\" href=\"https:\/\/www.best-bottles.de\/?product=bacardi-carta-blanca-superior-15-l-party-flasche\" \/>\n<meta property=\"og:locale\" content=\"de_DE\" \/>\n<meta property=\"og:type\" content=\"article\" \/>\n<meta property=\"og:title\" content=\"BACARDI Carta Blanca Superior Rum 1,5 l Party Flasche\" \/>\n<meta property=\"og:description\" content=\"Alkoholgehalt 37,5%. BACARDI Carta Blanca Superior Rum 1,5 l Party Flasche f\u00fcr deine Party. Unerl\u00e4sslich f\u00fcr Bacardi Cola...\" \/>\n<meta property=\"og:url\" content=\"https:\/\/www.best-bottles.de\/?product=bacardi-carta-blanca-superior-15-l-party-flasche\" \/>\n<meta property=\"og:site_name\" content=\"Best Bottles - Ihr Partner f\u00fcr RUM &amp; Co\" \/>\n<meta property=\"article:modified_time\" content=\"2017-05-10T14:30:44+00:00\" \/>\n<meta property=\"og:image\" content=\"https:\/\/www.best-bottles.de\/wp-content\/uploads\/2016\/01\/bacardi-carta-blanca-superior-1-5-l-party-bottle-label.jpg\" \/>\n<meta name=\"twitter:card\" content=\"summary\" \/>\n<meta name=\"twitter:title\" content=\"BACARDI Carta Blanca Superior Rum 1,5 l Party Flasche\" \/>\n<meta name=\"twitter:description\" content=\"Alkoholgehalt 37,5%. BACARDI Carta Blanca Superior Rum 1,5 l Party Flasche f\u00fcr deine Party. Unerl\u00e4sslich f\u00fcr Bacardi Cola...\" \/>\n<meta name=\"twitter:image\" content=\"https:\/\/www.best-bottles.de\/wp-content\/uploads\/2016\/01\/bacardi-carta-blanca-superior-1-5-l-party-bottle-label.jpg\" \/>\n<meta name=\"twitter:label1\" content=\"Gesch\u00e4tzte Lesezeit\" \/>\n\t<meta name=\"twitter:data1\" content=\"1\u00a0Minute\" \/>\n<script type=\"application\/ld+json\" class=\"yoast-schema-graph\">{\"@context\":\"https:\/\/schema.org\",\"@graph\":[{\"@type\":\"Organization\",\"@id\":\"https:\/\/www.best-bottles.de\/#organization\",\"name\":\"best-bottles.de\",\"url\":\"https:\/\/www.best-bottles.de\/\",\"sameAs\":[],\"logo\":{\"@type\":\"ImageObject\",\"@id\":\"https:\/\/www.best-bottles.de\/#logo\",\"inLanguage\":\"de\",\"url\":\"https:\/\/www.best-bottles.de\/wp-content\/uploads\/2016\/01\/logo.jpg\",\"contentUrl\":\"https:\/\/www.best-bottles.de\/wp-content\/uploads\/2016\/01\/logo.jpg\",\"width\":646,\"height\":646,\"caption\":\"best-bottles.de\"},\"image\":{\"@id\":\"https:\/\/www.best-bottles.de\/#logo\"}},{\"@type\":\"WebSite\",\"@id\":\"https:\/\/www.best-bottles.de\/#website\",\"url\":\"https:\/\/www.best-bottles.de\/\",\"name\":\"Best Bottles - Ihr Partner f\u00fcr RUM &amp; Co\",\"description\":\"Eine weitere WordPress-Seite\",\"publisher\":{\"@id\":\"https:\/\/www.best-bottles.de\/#organization\"},\"potentialAction\":[{\"@type\":\"SearchAction\",\"target\":{\"@type\":\"EntryPoint\",\"urlTemplate\":\"https:\/\/www.best-bottles.de\/?s={search_term_string}\"},\"query-input\":\"required name=search_term_string\"}],\"inLanguage\":\"de\"},{\"@type\":\"ImageObject\",\"@id\":\"https:\/\/www.best-bottles.de\/?product=bacardi-carta-blanca-superior-15-l-party-flasche#primaryimage\",\"inLanguage\":\"de\",\"url\":\"\",\"contentUrl\":\"\"},{\"@type\":\"WebPage\",\"@id\":\"https:\/\/www.best-bottles.de\/?product=bacardi-carta-blanca-superior-15-l-party-flasche#webpage\",\"url\":\"https:\/\/www.best-bottles.de\/?product=bacardi-carta-blanca-superior-15-l-party-flasche\",\"name\":\"BACARDI Carta Blanca Superior Rum 1,5 l Party Flasche\",\"isPartOf\":{\"@id\":\"https:\/\/www.best-bottles.de\/#website\"},\"primaryImageOfPage\":{\"@id\":\"https:\/\/www.best-bottles.de\/?product=bacardi-carta-blanca-superior-15-l-party-flasche#primaryimage\"},\"datePublished\":\"2016-01-01T16:04:08+00:00\",\"dateModified\":\"2017-05-10T14:30:44+00:00\",\"description\":\"Alkoholgehalt 37,5%. BACARDI Carta Blanca Superior Rum 1,5 l Party Flasche f\u00fcr deine Party. Unerl\u00e4sslich f\u00fcr Bacardi Cola...\",\"breadcrumb\":{\"@id\":\"https:\/\/www.best-bottles.de\/?product=bacardi-carta-blanca-superior-15-l-party-flasche#breadcrumb\"},\"inLanguage\":\"de\",\"potentialAction\":[{\"@type\":\"ReadAction\",\"target\":[\"https:\/\/www.best-bottles.de\/?product=bacardi-carta-blanca-superior-15-l-party-flasche\"]}]},{\"@type\":\"BreadcrumbList\",\"@id\":\"https:\/\/www.best-bottles.de\/?product=bacardi-carta-blanca-superior-15-l-party-flasche#breadcrumb\",\"itemListElement\":[{\"@type\":\"ListItem\",\"position\":1,\"name\":\"Home\",\"item\":\"https:\/\/www.best-bottles.de\/\"},{\"@type\":\"ListItem\",\"position\":2,\"name\":\"Shop\",\"item\":\"https:\/\/www.best-bottles.de\/?page_id=4\"},{\"@type\":\"ListItem\",\"position\":3,\"name\":\"BACARDI Carta Blanca Superior Rum 1,5 l Party Flasche\"}]}]}<\/script>\n<!-- \/ Yoast SEO plugin. -->","yoast_head_json":{"title":"BACARDI Carta Blanca Superior Rum 1,5 l Party Flasche","description":"Alkoholgehalt 37,5%. BACARDI Carta Blanca Superior Rum 1,5 l Party Flasche f\u00fcr deine Party. Unerl\u00e4sslich f\u00fcr Bacardi Cola...","robots":{"index":"index","follow":"follow","max-snippet":"max-snippet:-1","max-image-preview":"max-image-preview:large","max-video-preview":"max-video-preview:-1"},"canonical":"https:\/\/www.best-bottles.de\/?product=bacardi-carta-blanca-superior-15-l-party-flasche","og_locale":"de_DE","og_type":"article","og_title":"BACARDI Carta Blanca Superior Rum 1,5 l Party Flasche","og_description":"Alkoholgehalt 37,5%. BACARDI Carta Blanca Superior Rum 1,5 l Party Flasche f\u00fcr deine Party. Unerl\u00e4sslich f\u00fcr Bacardi Cola...","og_url":"https:\/\/www.best-bottles.de\/?product=bacardi-carta-blanca-superior-15-l-party-flasche","og_site_name":"Best Bottles - Ihr Partner f\u00fcr RUM &amp; Co","article_modified_time":"2017-05-10T14:30:44+00:00","og_image":[{"url":"https:\/\/www.best-bottles.de\/wp-content\/uploads\/2016\/01\/bacardi-carta-blanca-superior-1-5-l-party-bottle-label.jpg"}],"twitter_card":"summary","twitter_title":"BACARDI Carta Blanca Superior Rum 1,5 l Party Flasche","twitter_description":"Alkoholgehalt 37,5%. BACARDI Carta Blanca Superior Rum 1,5 l Party Flasche f\u00fcr deine Party. Unerl\u00e4sslich f\u00fcr Bacardi Cola...","twitter_image":"https:\/\/www.best-bottles.de\/wp-content\/uploads\/2016\/01\/bacardi-carta-blanca-superior-1-5-l-party-bottle-label.jpg","twitter_misc":{"Gesch\u00e4tzte Lesezeit":"1\u00a0Minute"},"schema":{"@context":"https:\/\/schema.org","@graph":[{"@type":"Organization","@id":"https:\/\/www.best-bottles.de\/#organization","name":"best-bottles.de","url":"https:\/\/www.best-bottles.de\/","sameAs":[],"logo":{"@type":"ImageObject","@id":"https:\/\/www.best-bottles.de\/#logo","inLanguage":"de","url":"https:\/\/www.best-bottles.de\/wp-content\/uploads\/2016\/01\/logo.jpg","contentUrl":"https:\/\/www.best-bottles.de\/wp-content\/uploads\/2016\/01\/logo.jpg","width":646,"height":646,"caption":"best-bottles.de"},"image":{"@id":"https:\/\/www.best-bottles.de\/#logo"}},{"@type":"WebSite","@id":"https:\/\/www.best-bottles.de\/#website","url":"https:\/\/www.best-bottles.de\/","name":"Best Bottles - Ihr Partner f\u00fcr RUM &amp; Co","description":"Eine weitere WordPress-Seite","publisher":{"@id":"https:\/\/www.best-bottles.de\/#organization"},"potentialAction":[{"@type":"SearchAction","target":{"@type":"EntryPoint","urlTemplate":"https:\/\/www.best-bottles.de\/?s={search_term_string}"},"query-input":"required name=search_term_string"}],"inLanguage":"de"},{"@type":"ImageObject","@id":"https:\/\/www.best-bottles.de\/?product=bacardi-carta-blanca-superior-15-l-party-flasche#primaryimage","inLanguage":"de","url":"","contentUrl":""},{"@type":"WebPage","@id":"https:\/\/www.best-bottles.de\/?product=bacardi-carta-blanca-superior-15-l-party-flasche#webpage","url":"https:\/\/www.best-bottles.de\/?product=bacardi-carta-blanca-superior-15-l-party-flasche","name":"BACARDI Carta Blanca Superior Rum 1,5 l Party Flasche","isPartOf":{"@id":"https:\/\/www.best-bottles.de\/#website"},"primaryImageOfPage":{"@id":"https:\/\/www.best-bottles.de\/?product=bacardi-carta-blanca-superior-15-l-party-flasche#primaryimage"},"datePublished":"2016-01-01T16:04:08+00:00","dateModified":"2017-05-10T14:30:44+00:00","description":"Alkoholgehalt 37,5%. BACARDI Carta Blanca Superior Rum 1,5 l Party Flasche f\u00fcr deine Party. Unerl\u00e4sslich f\u00fcr Bacardi Cola...","breadcrumb":{"@id":"https:\/\/www.best-bottles.de\/?product=bacardi-carta-blanca-superior-15-l-party-flasche#breadcrumb"},"inLanguage":"de","potentialAction":[{"@type":"ReadAction","target":["https:\/\/www.best-bottles.de\/?product=bacardi-carta-blanca-superior-15-l-party-flasche"]}]},{"@type":"BreadcrumbList","@id":"https:\/\/www.best-bottles.de\/?product=bacardi-carta-blanca-superior-15-l-party-flasche#breadcrumb","itemListElement":[{"@type":"ListItem","position":1,"name":"Home","item":"https:\/\/www.best-bottles.de\/"},{"@type":"ListItem","position":2,"name":"Shop","item":"https:\/\/www.best-bottles.de\/?page_id=4"},{"@type":"ListItem","position":3,"name":"BACARDI Carta Blanca Superior Rum 1,5 l Party Flasche"}]}]}},"_links":{"self":[{"href":"https:\/\/www.best-bottles.de\/index.php?rest_route=\/wp\/v2\/product\/1129"}],"collection":[{"href":"https:\/\/www.best-bottles.de\/index.php?rest_route=\/wp\/v2\/product"}],"about":[{"href":"https:\/\/www.best-bottles.de\/index.php?rest_route=\/wp\/v2\/types\/product"}],"replies":[{"embeddable":true,"href":"https:\/\/www.best-bottles.de\/index.php?rest_route=%2Fwp%2Fv2%2Fcomments&post=1129"}],"wp:featuredmedia":[{"embeddable":true,"href":"https:\/\/www.best-bottles.de\/index.php?rest_route=\/wp\/v2\/media\/200"}],"wp:attachment":[{"href":"https:\/\/www.best-bottles.de\/index.php?rest_route=%2Fwp%2Fv2%2Fmedia&parent=1129"}],"wp:term":[{"taxonomy":"product_cat","embeddable":true,"href":"https:\/\/www.best-bottles.de\/index.php?rest_route=%2Fwp%2Fv2%2Fproduct_cat&post=1129"},{"taxonomy":"product_tag","embeddable":true,"href":"https:\/\/www.best-bottles.de\/index.php?rest_route=%2Fwp%2Fv2%2Fproduct_tag&post=1129"}],"curies":[{"name":"wp","href":"https:\/\/api.w.org\/{rel}","templated":true}]}}