{"id":1127,"date":"2016-01-01T18:11:48","date_gmt":"2016-01-01T17:11:48","guid":{"rendered":"https:\/\/www.best-bottles.de\/nl\/produkt\/unkategorisiert\/havana-club-anejo-3-anos-10-l-rum\/"},"modified":"2025-03-16T16:49:46","modified_gmt":"2025-03-16T15:49:46","slug":"havana-club-anejo-3-anos-10-l-rum","status":"publish","type":"product","link":"https:\/\/www.best-bottles.de\/?product=havana-club-anejo-3-anos-10-l-rum","title":{"rendered":"Havana Club A\u00f1ejo 3 A\u00f1os 1,0 l RUM"},"content":{"rendered":"<h3>Havana Club A\u00f1ejo 3 A\u00f1os 1,0 l<\/h3>\n<p><strong>Havana Club A\u00f1ejo 3 A\u00f1os<\/strong> is voor 3 jaar in eiken vaten in Cuba leeftijd . Dit geeft het zijn typische lichte gouden kleur en zijn frisse, maar toch aromatische noot. Deze smaak wordt gehouden in <strong>Havana Club A\u00f1ejo 3 A\u00f1os<\/strong> 1.0L fles feest voor je.<\/p>\n<p>Door zijn fijne , onderscheidende smaak barmannen liever hem over de hele wereld om Cubaanse cocktails als Mojito en Cuba Libre mengen.<\/p>\n<figure id=\"attachment_157\" aria-describedby=\"caption-attachment-157\" style=\"width: 180px\" class=\"wp-caption alignleft\"><a href=\"https:\/\/www.best-bottles.de\/wp-content\/uploads\/2016\/01\/havana-club-anejo-3-anos-1-l-label.jpg\"><img loading=\"lazy\" class=\"wp-image-157 size-square\" src=\"https:\/\/www.best-bottles.de\/wp-content\/uploads\/2016\/01\/havana-club-anejo-3-anos-1-l-label-180x180.jpg\" alt=\"Havana Club A\u00f1ejo 3 A\u00f1os 1,0 l\" width=\"180\" height=\"180\" srcset=\"https:\/\/www.best-bottles.de\/wp-content\/uploads\/2016\/01\/havana-club-anejo-3-anos-1-l-label-180x180.jpg 180w, https:\/\/www.best-bottles.de\/wp-content\/uploads\/2016\/01\/havana-club-anejo-3-anos-1-l-label-450x450.jpg 450w, https:\/\/www.best-bottles.de\/wp-content\/uploads\/2016\/01\/havana-club-anejo-3-anos-1-l-label-100x100.jpg 100w, https:\/\/www.best-bottles.de\/wp-content\/uploads\/2016\/01\/havana-club-anejo-3-anos-1-l-label-80x80.jpg 80w, https:\/\/www.best-bottles.de\/wp-content\/uploads\/2016\/01\/havana-club-anejo-3-anos-1-l-label-300x300.jpg 300w, https:\/\/www.best-bottles.de\/wp-content\/uploads\/2016\/01\/havana-club-anejo-3-anos-1-l-label-768x768.jpg 768w, https:\/\/www.best-bottles.de\/wp-content\/uploads\/2016\/01\/havana-club-anejo-3-anos-1-l-label-1030x1030.jpg 1030w, https:\/\/www.best-bottles.de\/wp-content\/uploads\/2016\/01\/havana-club-anejo-3-anos-1-l-label-65x65.jpg 65w, https:\/\/www.best-bottles.de\/wp-content\/uploads\/2016\/01\/havana-club-anejo-3-anos-1-l-label-36x36.jpg 36w, https:\/\/www.best-bottles.de\/wp-content\/uploads\/2016\/01\/havana-club-anejo-3-anos-1-l-label-705x705.jpg 705w, https:\/\/www.best-bottles.de\/wp-content\/uploads\/2016\/01\/havana-club-anejo-3-anos-1-l-label.jpg 1350w\" sizes=\"(max-width: 180px) 100vw, 180px\" \/><\/a><figcaption id=\"caption-attachment-157\" class=\"wp-caption-text\">Havana Club A\u00f1ejo 3 A\u00f1os 1,0 l<\/figcaption><\/figure>\n<p>Alcohol gehalte : 40 % (vol . )<\/p>\n<p>De Destellerie had in 2013 een productie van ongeveer 45.000.000 liter . Hoewel dit slechts ongeveer een kwart van de emissies van Bacardi &#8211; Still Havana Club is een van de wereldleiders in het segment &#8220; oudere bruine rum. &#8220; Dit moet niet in het minst te doen met het Franse Pernod Ricard , die in de loop van de wereldwijde distributie heeft genomen buiten Cuba 1993 Vooral in het recente verleden , Havana Club heeft de rassen Uni\u00f3n en M\u00e1ximo Extra A\u00f1ejo excelleerde met een uitstekende &#8220; bruine rum &#8220; . Maar de Havana Club A\u00f1ejo 3 A\u00f1os is een uitstekende donkere rum mengen.<\/p>\n<p>EL RON DE CUBA<\/p>\n<p>&nbsp;<\/p>\n<p>&nbsp;<\/p>\n<p><strong>Havana Club A\u00f1ejo 3 A\u00f1os<\/strong> als <a href=\"https:\/\/www.best-bottles.de\/nl\/produkt-schlagwort\/witte-rum\/\">witte rum<\/a> geschikt project voor de volgende drankjes en cocktails :<\/p>\n<ul>\n<li><a href=\"https:\/\/www.best-bottles.de\/rezepte\/cuba-libre\/\">Cuba Libre<\/a><\/li>\n<li><a href=\"https:\/\/www.best-bottles.de\/rezepte\/mojito-rezept\/\">Mojito (Mochito)<\/a><\/li>\n<li><a href=\"https:\/\/www.best-bottles.de\/rezepte\/rum-cola-rezept\/\">Rum Cola<\/a><\/li>\n<\/ul>\n<p><strong>Hersteller:<\/strong> Havana Club International S.A., La Habana, Cuba<br \/>\n<strong>Alleinimport &amp; Vertrieb Deutschland:<\/strong> Pernod Ricard Deutschland GmbH, Habsburgring 2, 50674 K\u00f6ln, <a href=\"http:\/\/www.havana-club.de\" target=\"_blank\">http:\/\/www.havana-club.de<\/a><br \/>\n<strong>Alleinimport &amp; Vertrieb \u00d6sterreich:<\/strong> Pernod Ricard Austria GmbH, 1210 Vienna, <a href=\"http:\/\/www.havana-club.at\" target=\"_blank\">http:\/\/www.havana-club.at<\/a><\/p>\n<p>[adult_message]<\/p>\n","protected":false},"excerpt":{"rendered":"<p>Havana Club A\u00f1ejo 3 A\u00f1os reift 3 Jahre lang in Eichenf\u00e4ssern auf Kuba. Dadurch erh\u00e4lt er seine typische leicht goldene Farbe und seine frische, aber dennoch aromatische Note.<\/p>\n","protected":false},"featured_media":208,"comment_status":"open","ping_status":"closed","template":"","meta":{"site-sidebar-layout":"default","site-content-layout":"","ast-site-content-layout":"default","site-content-style":"default","site-sidebar-style":"default","ast-global-header-display":"","ast-banner-title-visibility":"","ast-main-header-display":"","ast-hfb-above-header-display":"","ast-hfb-below-header-display":"","ast-hfb-mobile-header-display":"","site-post-title":"","ast-breadcrumbs-content":"","ast-featured-img":"","footer-sml-layout":"","theme-transparent-header-meta":"","adv-header-id-meta":"","stick-header-meta":"","header-above-stick-meta":"","header-main-stick-meta":"","header-below-stick-meta":"","astra-migrate-meta-layouts":"default","ast-page-background-enabled":"default","ast-page-background-meta":{"desktop":{"background-color":"var(--ast-global-color-5)","background-image":"","background-repeat":"repeat","background-position":"center center","background-size":"auto","background-attachment":"scroll","background-type":"","background-media":"","overlay-type":"","overlay-color":"","overlay-opacity":"","overlay-gradient":""},"tablet":{"background-color":"","background-image":"","background-repeat":"repeat","background-position":"center center","background-size":"auto","background-attachment":"scroll","background-type":"","background-media":"","overlay-type":"","overlay-color":"","overlay-opacity":"","overlay-gradient":""},"mobile":{"background-color":"","background-image":"","background-repeat":"repeat","background-position":"center center","background-size":"auto","background-attachment":"scroll","background-type":"","background-media":"","overlay-type":"","overlay-color":"","overlay-opacity":"","overlay-gradient":""}},"ast-content-background-meta":{"desktop":{"background-color":"var(--ast-global-color-4)","background-image":"","background-repeat":"repeat","background-position":"center center","background-size":"auto","background-attachment":"scroll","background-type":"","background-media":"","overlay-type":"","overlay-color":"","overlay-opacity":"","overlay-gradient":""},"tablet":{"background-color":"var(--ast-global-color-4)","background-image":"","background-repeat":"repeat","background-position":"center center","background-size":"auto","background-attachment":"scroll","background-type":"","background-media":"","overlay-type":"","overlay-color":"","overlay-opacity":"","overlay-gradient":""},"mobile":{"background-color":"var(--ast-global-color-4)","background-image":"","background-repeat":"repeat","background-position":"center center","background-size":"auto","background-attachment":"scroll","background-type":"","background-media":"","overlay-type":"","overlay-color":"","overlay-opacity":"","overlay-gradient":""}}},"product_cat":[112],"product_tag":[95,102,110],"yoast_head":"<!-- This site is optimized with the Yoast SEO plugin v18.6 - https:\/\/yoast.com\/wordpress\/plugins\/seo\/ -->\n<title>Havana Club A\u00f1ejo 3 A\u00f1os 1,0 l RUM - Best Bottles<\/title>\n<meta name=\"description\" content=\"Alcoholpercentage van 40% . Krijg Havana Club A\u00f1ejo 3 A\u00f1os 1,0 l Rum voor uw feest. Onmisbaar voor Cuba Libre of Mojito ...\" \/>\n<meta name=\"robots\" content=\"index, follow, max-snippet:-1, max-image-preview:large, max-video-preview:-1\" \/>\n<link rel=\"canonical\" href=\"https:\/\/www.best-bottles.de\/?product=havana-club-anejo-3-anos-10-l-rum\" \/>\n<meta property=\"og:locale\" content=\"de_DE\" \/>\n<meta property=\"og:type\" content=\"article\" \/>\n<meta property=\"og:title\" content=\"Havana Club A\u00f1ejo 3 A\u00f1os 1,0 l RUM - Best Bottles\" \/>\n<meta property=\"og:description\" content=\"Alcoholpercentage van 40% . Krijg Havana Club A\u00f1ejo 3 A\u00f1os 1.0L Rum voor uw feest. Onmisbaar voor Cuba Libre of Mojito ...\" \/>\n<meta property=\"og:url\" content=\"https:\/\/www.best-bottles.de\/?product=havana-club-anejo-3-anos-10-l-rum\" \/>\n<meta property=\"og:site_name\" content=\"Best Bottles - Ihr Partner f\u00fcr RUM &amp; Co\" \/>\n<meta property=\"article:modified_time\" content=\"2025-03-16T15:49:46+00:00\" \/>\n<meta property=\"og:image\" content=\"https:\/\/www.best-bottles.de\/wp-content\/uploads\/2016\/01\/havana-club-anejo-3-anos-1-l-label.jpg\" \/>\n<meta name=\"twitter:card\" content=\"summary\" \/>\n<meta name=\"twitter:title\" content=\"Havana Club A\u00f1ejo 3 A\u00f1os 1,0 l RUM - Best Bottles\" \/>\n<meta name=\"twitter:description\" content=\"Alcoholpercentage van 40% . Krijg Havana Club A\u00f1ejo 3 A\u00f1os 1.0L Rum voor uw feest. Onmisbaar voor Cuba Libre of Mojito ...\" \/>\n<meta name=\"twitter:image\" content=\"https:\/\/www.best-bottles.de\/wp-content\/uploads\/2016\/01\/havana-club-anejo-3-anos-1-l-label.jpg\" \/>\n<meta name=\"twitter:label1\" content=\"Gesch\u00e4tzte Lesezeit\" \/>\n\t<meta name=\"twitter:data1\" content=\"1\u00a0Minute\" \/>\n<script type=\"application\/ld+json\" class=\"yoast-schema-graph\">{\"@context\":\"https:\/\/schema.org\",\"@graph\":[{\"@type\":\"Organization\",\"@id\":\"https:\/\/www.best-bottles.de\/#organization\",\"name\":\"best-bottles.de\",\"url\":\"https:\/\/www.best-bottles.de\/\",\"sameAs\":[],\"logo\":{\"@type\":\"ImageObject\",\"@id\":\"https:\/\/www.best-bottles.de\/#logo\",\"inLanguage\":\"de\",\"url\":\"https:\/\/www.best-bottles.de\/wp-content\/uploads\/2016\/01\/logo.jpg\",\"contentUrl\":\"https:\/\/www.best-bottles.de\/wp-content\/uploads\/2016\/01\/logo.jpg\",\"width\":646,\"height\":646,\"caption\":\"best-bottles.de\"},\"image\":{\"@id\":\"https:\/\/www.best-bottles.de\/#logo\"}},{\"@type\":\"WebSite\",\"@id\":\"https:\/\/www.best-bottles.de\/#website\",\"url\":\"https:\/\/www.best-bottles.de\/\",\"name\":\"Best Bottles - Ihr Partner f\u00fcr RUM &amp; Co\",\"description\":\"Eine weitere WordPress-Seite\",\"publisher\":{\"@id\":\"https:\/\/www.best-bottles.de\/#organization\"},\"potentialAction\":[{\"@type\":\"SearchAction\",\"target\":{\"@type\":\"EntryPoint\",\"urlTemplate\":\"https:\/\/www.best-bottles.de\/?s={search_term_string}\"},\"query-input\":\"required name=search_term_string\"}],\"inLanguage\":\"de\"},{\"@type\":\"ImageObject\",\"@id\":\"https:\/\/www.best-bottles.de\/?product=havana-club-anejo-3-anos-10-l-rum#primaryimage\",\"inLanguage\":\"de\",\"url\":\"\",\"contentUrl\":\"\"},{\"@type\":\"WebPage\",\"@id\":\"https:\/\/www.best-bottles.de\/?product=havana-club-anejo-3-anos-10-l-rum#webpage\",\"url\":\"https:\/\/www.best-bottles.de\/?product=havana-club-anejo-3-anos-10-l-rum\",\"name\":\"Havana Club A\u00f1ejo 3 A\u00f1os 1,0 l RUM - Best Bottles\",\"isPartOf\":{\"@id\":\"https:\/\/www.best-bottles.de\/#website\"},\"primaryImageOfPage\":{\"@id\":\"https:\/\/www.best-bottles.de\/?product=havana-club-anejo-3-anos-10-l-rum#primaryimage\"},\"datePublished\":\"2016-01-01T17:11:48+00:00\",\"dateModified\":\"2025-03-16T15:49:46+00:00\",\"description\":\"Alcoholpercentage van 40% . Krijg Havana Club A\u00f1ejo 3 A\u00f1os 1,0 l Rum voor uw feest. Onmisbaar voor Cuba Libre of Mojito ...\",\"breadcrumb\":{\"@id\":\"https:\/\/www.best-bottles.de\/?product=havana-club-anejo-3-anos-10-l-rum#breadcrumb\"},\"inLanguage\":\"de\",\"potentialAction\":[{\"@type\":\"ReadAction\",\"target\":[\"https:\/\/www.best-bottles.de\/?product=havana-club-anejo-3-anos-10-l-rum\"]}]},{\"@type\":\"BreadcrumbList\",\"@id\":\"https:\/\/www.best-bottles.de\/?product=havana-club-anejo-3-anos-10-l-rum#breadcrumb\",\"itemListElement\":[{\"@type\":\"ListItem\",\"position\":1,\"name\":\"Home\",\"item\":\"https:\/\/www.best-bottles.de\/\"},{\"@type\":\"ListItem\",\"position\":2,\"name\":\"Shop\",\"item\":\"https:\/\/www.best-bottles.de\/?page_id=4\"},{\"@type\":\"ListItem\",\"position\":3,\"name\":\"Havana Club A\u00f1ejo 3 A\u00f1os 1,0 l RUM\"}]}]}<\/script>\n<!-- \/ Yoast SEO plugin. -->","yoast_head_json":{"title":"Havana Club A\u00f1ejo 3 A\u00f1os 1,0 l RUM - Best Bottles","description":"Alcoholpercentage van 40% . Krijg Havana Club A\u00f1ejo 3 A\u00f1os 1,0 l Rum voor uw feest. Onmisbaar voor Cuba Libre of Mojito ...","robots":{"index":"index","follow":"follow","max-snippet":"max-snippet:-1","max-image-preview":"max-image-preview:large","max-video-preview":"max-video-preview:-1"},"canonical":"https:\/\/www.best-bottles.de\/?product=havana-club-anejo-3-anos-10-l-rum","og_locale":"de_DE","og_type":"article","og_title":"Havana Club A\u00f1ejo 3 A\u00f1os 1,0 l RUM - Best Bottles","og_description":"Alcoholpercentage van 40% . Krijg Havana Club A\u00f1ejo 3 A\u00f1os 1.0L Rum voor uw feest. Onmisbaar voor Cuba Libre of Mojito ...","og_url":"https:\/\/www.best-bottles.de\/?product=havana-club-anejo-3-anos-10-l-rum","og_site_name":"Best Bottles - Ihr Partner f\u00fcr RUM &amp; Co","article_modified_time":"2025-03-16T15:49:46+00:00","og_image":[{"url":"https:\/\/www.best-bottles.de\/wp-content\/uploads\/2016\/01\/havana-club-anejo-3-anos-1-l-label.jpg"}],"twitter_card":"summary","twitter_title":"Havana Club A\u00f1ejo 3 A\u00f1os 1,0 l RUM - Best Bottles","twitter_description":"Alcoholpercentage van 40% . Krijg Havana Club A\u00f1ejo 3 A\u00f1os 1.0L Rum voor uw feest. Onmisbaar voor Cuba Libre of Mojito ...","twitter_image":"https:\/\/www.best-bottles.de\/wp-content\/uploads\/2016\/01\/havana-club-anejo-3-anos-1-l-label.jpg","twitter_misc":{"Gesch\u00e4tzte Lesezeit":"1\u00a0Minute"},"schema":{"@context":"https:\/\/schema.org","@graph":[{"@type":"Organization","@id":"https:\/\/www.best-bottles.de\/#organization","name":"best-bottles.de","url":"https:\/\/www.best-bottles.de\/","sameAs":[],"logo":{"@type":"ImageObject","@id":"https:\/\/www.best-bottles.de\/#logo","inLanguage":"de","url":"https:\/\/www.best-bottles.de\/wp-content\/uploads\/2016\/01\/logo.jpg","contentUrl":"https:\/\/www.best-bottles.de\/wp-content\/uploads\/2016\/01\/logo.jpg","width":646,"height":646,"caption":"best-bottles.de"},"image":{"@id":"https:\/\/www.best-bottles.de\/#logo"}},{"@type":"WebSite","@id":"https:\/\/www.best-bottles.de\/#website","url":"https:\/\/www.best-bottles.de\/","name":"Best Bottles - Ihr Partner f\u00fcr RUM &amp; Co","description":"Eine weitere WordPress-Seite","publisher":{"@id":"https:\/\/www.best-bottles.de\/#organization"},"potentialAction":[{"@type":"SearchAction","target":{"@type":"EntryPoint","urlTemplate":"https:\/\/www.best-bottles.de\/?s={search_term_string}"},"query-input":"required name=search_term_string"}],"inLanguage":"de"},{"@type":"ImageObject","@id":"https:\/\/www.best-bottles.de\/?product=havana-club-anejo-3-anos-10-l-rum#primaryimage","inLanguage":"de","url":"","contentUrl":""},{"@type":"WebPage","@id":"https:\/\/www.best-bottles.de\/?product=havana-club-anejo-3-anos-10-l-rum#webpage","url":"https:\/\/www.best-bottles.de\/?product=havana-club-anejo-3-anos-10-l-rum","name":"Havana Club A\u00f1ejo 3 A\u00f1os 1,0 l RUM - Best Bottles","isPartOf":{"@id":"https:\/\/www.best-bottles.de\/#website"},"primaryImageOfPage":{"@id":"https:\/\/www.best-bottles.de\/?product=havana-club-anejo-3-anos-10-l-rum#primaryimage"},"datePublished":"2016-01-01T17:11:48+00:00","dateModified":"2025-03-16T15:49:46+00:00","description":"Alcoholpercentage van 40% . Krijg Havana Club A\u00f1ejo 3 A\u00f1os 1,0 l Rum voor uw feest. Onmisbaar voor Cuba Libre of Mojito ...","breadcrumb":{"@id":"https:\/\/www.best-bottles.de\/?product=havana-club-anejo-3-anos-10-l-rum#breadcrumb"},"inLanguage":"de","potentialAction":[{"@type":"ReadAction","target":["https:\/\/www.best-bottles.de\/?product=havana-club-anejo-3-anos-10-l-rum"]}]},{"@type":"BreadcrumbList","@id":"https:\/\/www.best-bottles.de\/?product=havana-club-anejo-3-anos-10-l-rum#breadcrumb","itemListElement":[{"@type":"ListItem","position":1,"name":"Home","item":"https:\/\/www.best-bottles.de\/"},{"@type":"ListItem","position":2,"name":"Shop","item":"https:\/\/www.best-bottles.de\/?page_id=4"},{"@type":"ListItem","position":3,"name":"Havana Club A\u00f1ejo 3 A\u00f1os 1,0 l RUM"}]}]}},"_links":{"self":[{"href":"https:\/\/www.best-bottles.de\/index.php?rest_route=\/wp\/v2\/product\/1127"}],"collection":[{"href":"https:\/\/www.best-bottles.de\/index.php?rest_route=\/wp\/v2\/product"}],"about":[{"href":"https:\/\/www.best-bottles.de\/index.php?rest_route=\/wp\/v2\/types\/product"}],"replies":[{"embeddable":true,"href":"https:\/\/www.best-bottles.de\/index.php?rest_route=%2Fwp%2Fv2%2Fcomments&post=1127"}],"wp:featuredmedia":[{"embeddable":true,"href":"https:\/\/www.best-bottles.de\/index.php?rest_route=\/wp\/v2\/media\/208"}],"wp:attachment":[{"href":"https:\/\/www.best-bottles.de\/index.php?rest_route=%2Fwp%2Fv2%2Fmedia&parent=1127"}],"wp:term":[{"taxonomy":"product_cat","embeddable":true,"href":"https:\/\/www.best-bottles.de\/index.php?rest_route=%2Fwp%2Fv2%2Fproduct_cat&post=1127"},{"taxonomy":"product_tag","embeddable":true,"href":"https:\/\/www.best-bottles.de\/index.php?rest_route=%2Fwp%2Fv2%2Fproduct_tag&post=1127"}],"curies":[{"name":"wp","href":"https:\/\/api.w.org\/{rel}","templated":true}]}}