{"id":1125,"date":"2016-01-02T22:34:14","date_gmt":"2016-01-02T21:34:14","guid":{"rendered":"https:\/\/www.best-bottles.de\/nl\/produkt\/unkategorisiert\/havana-club-anejo-3-anos-07-l-rum\/"},"modified":"2016-08-03T08:19:40","modified_gmt":"2016-08-03T06:19:40","slug":"havana-club-anejo-3-anos-07-l-rum","status":"publish","type":"product","link":"https:\/\/www.best-bottles.de\/?product=havana-club-anejo-3-anos-07-l-rum","title":{"rendered":"Havana Club A\u00f1ejo 3 A\u00f1os 0,7 l RUM"},"content":{"rendered":"<h3>Havana Club A\u00f1ejo 3 A\u00f1os 0,7 l<\/h3>\n<p><strong>Havana Club A\u00f1ejo 3 A\u00f1os<\/strong> reift 3 Jahre lang in Eichenf\u00e4ssern auf Kuba. Dadurch erh\u00e4lt er seine typische leicht goldene Farbe und seine frische, aber dennoch aromatische Note.<\/p>\n<p>Wegen seines feinen, unverwechselbaren Geschmacks bevorzugen ihn Barkeeper auf der ganzen Welt zum Mixen kubanischer Cocktails wie Mojito und Cuba Libre.<\/p>\n<figure id=\"attachment_245\" aria-describedby=\"caption-attachment-245\" style=\"width: 180px\" class=\"wp-caption alignleft\"><img loading=\"lazy\" class=\"wp-image-245 size-square\" src=\"https:\/\/www.best-bottles.de\/wp-content\/uploads\/2016\/01\/havana-club-anejo-3-anos-0-7-l-label-180x180.jpg\" alt=\"Havana Club A\u00f1ejo 3 A\u00f1os 0,7 l\" width=\"180\" height=\"180\" srcset=\"https:\/\/www.best-bottles.de\/wp-content\/uploads\/2016\/01\/havana-club-anejo-3-anos-0-7-l-label-180x180.jpg 180w, https:\/\/www.best-bottles.de\/wp-content\/uploads\/2016\/01\/havana-club-anejo-3-anos-0-7-l-label-450x450.jpg 450w, https:\/\/www.best-bottles.de\/wp-content\/uploads\/2016\/01\/havana-club-anejo-3-anos-0-7-l-label-100x100.jpg 100w, https:\/\/www.best-bottles.de\/wp-content\/uploads\/2016\/01\/havana-club-anejo-3-anos-0-7-l-label-80x80.jpg 80w, https:\/\/www.best-bottles.de\/wp-content\/uploads\/2016\/01\/havana-club-anejo-3-anos-0-7-l-label-300x300.jpg 300w, https:\/\/www.best-bottles.de\/wp-content\/uploads\/2016\/01\/havana-club-anejo-3-anos-0-7-l-label-768x768.jpg 768w, https:\/\/www.best-bottles.de\/wp-content\/uploads\/2016\/01\/havana-club-anejo-3-anos-0-7-l-label-1030x1030.jpg 1030w, https:\/\/www.best-bottles.de\/wp-content\/uploads\/2016\/01\/havana-club-anejo-3-anos-0-7-l-label-65x65.jpg 65w, https:\/\/www.best-bottles.de\/wp-content\/uploads\/2016\/01\/havana-club-anejo-3-anos-0-7-l-label-36x36.jpg 36w, https:\/\/www.best-bottles.de\/wp-content\/uploads\/2016\/01\/havana-club-anejo-3-anos-0-7-l-label-705x705.jpg 705w, https:\/\/www.best-bottles.de\/wp-content\/uploads\/2016\/01\/havana-club-anejo-3-anos-0-7-l-label.jpg 1350w\" sizes=\"(max-width: 180px) 100vw, 180px\" \/><figcaption id=\"caption-attachment-245\" class=\"wp-caption-text\">Havana Club A\u00f1ejo 3 A\u00f1os 0,7 l<\/figcaption><\/figure>\n<p>Alkoholgehalt: 40% (Vol.)<\/p>\n<p>Die Destellerie hat 2013 einen Aussto\u00df von ca. 45 Millionen Litern. Das ist zwar nur etwa ein viertel des Ausstosses von Bacardi &#8211; Trotzdem geh\u00f6rt <a href=\"\/?page_id=62\">Havana Club<\/a> zu den Weltmarktf\u00fchrern im Segment &#8222;\u00e4lterer brauner Rum&#8220;. Das hat nicht zuletzt mit dem franz\u00f6sischen Unternehmen Pernod Ricard zu tun, das 1993 den Weltvertrieb au\u00dferhalb von Kuba \u00fcbernommen hat. Gerade in der j\u00fcngeren Vergangenheit hat sich Havana Club mit hervorragendem &#8222;braunen Rums&#8220;, den Sorten Uni\u00f3n und M\u00e1ximo Extra A\u00f1ejo hervorgetan. Aber auch der <strong>Havana Club A\u00f1ejo 3 A\u00f1os<\/strong> ist ein hervorragender brauner Rum zum mixen.<\/p>\n<blockquote><p>EL RON DE CUBA<\/p><\/blockquote>\n<p>&nbsp;<\/p>\n<p>&nbsp;<\/p>\n<p><strong>Havana Club A\u00f1ejo 3 A\u00f1os<\/strong> als <a href=\"https:\/\/www.best-bottles.de\/produkt-schlagwort\/weisser-rum\/\">wei\u00dfer Rum<\/a> eignet sich hervorragen f\u00fcr folgende Getr\u00e4nke bzw. Cocktails:<\/p>\n<ul>\n<li><a href=\"https:\/\/www.best-bottles.de\/rezepte\/cuba-libre\/\">Cuba Libre<\/a><\/li>\n<li><a href=\"\/?page_id=94\">Mojito (Mochito)<\/a><\/li>\n<li><a href=\"\/?page_id=113\">Rum Cola<\/a><\/li>\n<\/ul>\n<p><strong>Hersteller:<\/strong> Havana Club International S.A., La Habana, Cuba<br \/>\n<strong>Alleinimport &amp; Vertrieb Deutschland:<\/strong> Pernod Ricard Deutschland GmbH, Habsburgring 2, 50674 K\u00f6ln, <a href=\"http:\/\/www.havana-club.de\" target=\"_blank\">http:\/\/www.havana-club.de<\/a><br \/>\n<strong>Alleinimport &amp; Vertrieb \u00d6sterreich:<\/strong> Pernod Ricard Austria GmbH, 1210 Vienna, <a href=\"http:\/\/www.havana-club.at\" target=\"_blank\">http:\/\/www.havana-club.at<\/a><\/p>\n<p>[adult_message]<\/p>\n","protected":false},"excerpt":{"rendered":"<p>Havana Club A\u00f1ejo 3 A\u00f1os reift 3 Jahre lang in Eichenf\u00e4ssern auf Kuba. Dadurch erh\u00e4lt er seine typische leicht goldene Farbe und seine frische, aber dennoch aromatische Note.<\/p>\n","protected":false},"featured_media":246,"comment_status":"open","ping_status":"closed","template":"","meta":{"site-sidebar-layout":"default","site-content-layout":"","ast-site-content-layout":"default","site-content-style":"default","site-sidebar-style":"default","ast-global-header-display":"","ast-banner-title-visibility":"","ast-main-header-display":"","ast-hfb-above-header-display":"","ast-hfb-below-header-display":"","ast-hfb-mobile-header-display":"","site-post-title":"","ast-breadcrumbs-content":"","ast-featured-img":"","footer-sml-layout":"","theme-transparent-header-meta":"","adv-header-id-meta":"","stick-header-meta":"","header-above-stick-meta":"","header-main-stick-meta":"","header-below-stick-meta":"","astra-migrate-meta-layouts":"default","ast-page-background-enabled":"default","ast-page-background-meta":{"desktop":{"background-color":"var(--ast-global-color-5)","background-image":"","background-repeat":"repeat","background-position":"center center","background-size":"auto","background-attachment":"scroll","background-type":"","background-media":"","overlay-type":"","overlay-color":"","overlay-opacity":"","overlay-gradient":""},"tablet":{"background-color":"","background-image":"","background-repeat":"repeat","background-position":"center center","background-size":"auto","background-attachment":"scroll","background-type":"","background-media":"","overlay-type":"","overlay-color":"","overlay-opacity":"","overlay-gradient":""},"mobile":{"background-color":"","background-image":"","background-repeat":"repeat","background-position":"center center","background-size":"auto","background-attachment":"scroll","background-type":"","background-media":"","overlay-type":"","overlay-color":"","overlay-opacity":"","overlay-gradient":""}},"ast-content-background-meta":{"desktop":{"background-color":"var(--ast-global-color-4)","background-image":"","background-repeat":"repeat","background-position":"center center","background-size":"auto","background-attachment":"scroll","background-type":"","background-media":"","overlay-type":"","overlay-color":"","overlay-opacity":"","overlay-gradient":""},"tablet":{"background-color":"var(--ast-global-color-4)","background-image":"","background-repeat":"repeat","background-position":"center center","background-size":"auto","background-attachment":"scroll","background-type":"","background-media":"","overlay-type":"","overlay-color":"","overlay-opacity":"","overlay-gradient":""},"mobile":{"background-color":"var(--ast-global-color-4)","background-image":"","background-repeat":"repeat","background-position":"center center","background-size":"auto","background-attachment":"scroll","background-type":"","background-media":"","overlay-type":"","overlay-color":"","overlay-opacity":"","overlay-gradient":""}}},"product_cat":[112],"product_tag":[95,102,110],"yoast_head":"<!-- This site is optimized with the Yoast SEO plugin v18.6 - https:\/\/yoast.com\/wordpress\/plugins\/seo\/ -->\n<title>Havana Club A\u00f1ejo 3 A\u00f1os 0,7 l - best-bottles.de<\/title>\n<meta name=\"description\" content=\"14,50\u20ac [20,71\u20ac\/l], Alkoholgehalt 40%. Hol Dir Havana Club A\u00f1ejo 3 A\u00f1os 0,7 l Rum f\u00fcr deine Party. Unerl\u00e4sslich f\u00fcr Cuba Libre oder Mojito...\" \/>\n<meta name=\"robots\" content=\"index, follow, max-snippet:-1, max-image-preview:large, max-video-preview:-1\" \/>\n<link rel=\"canonical\" href=\"https:\/\/www.best-bottles.de\/?product=havana-club-anejo-3-anos-07-l-rum\" \/>\n<meta property=\"og:locale\" content=\"de_DE\" \/>\n<meta property=\"og:type\" content=\"article\" \/>\n<meta property=\"og:title\" content=\"Havana Club A\u00f1ejo 3 A\u00f1os 0,7 l - best-bottles.de\" \/>\n<meta property=\"og:description\" content=\"14,50\u20ac [20,71\u20ac\/l], Alkoholgehalt 40%. Hol Dir Havana Club A\u00f1ejo 3 A\u00f1os 0,7 l Rum f\u00fcr deine Party. Unerl\u00e4sslich f\u00fcr Cuba Libre oder Mojito...\" \/>\n<meta property=\"og:url\" content=\"https:\/\/www.best-bottles.de\/?product=havana-club-anejo-3-anos-07-l-rum\" \/>\n<meta property=\"og:site_name\" content=\"Best Bottles - Ihr Partner f\u00fcr RUM &amp; Co\" \/>\n<meta property=\"article:modified_time\" content=\"2016-08-03T06:19:40+00:00\" \/>\n<meta property=\"og:image\" content=\"https:\/\/www.best-bottles.de\/wp-content\/uploads\/2016\/01\/havana-club-anejo-3-anos-0-7-l-label.jpg\" \/>\n<meta name=\"twitter:card\" content=\"summary\" \/>\n<meta name=\"twitter:label1\" content=\"Gesch\u00e4tzte Lesezeit\" \/>\n\t<meta name=\"twitter:data1\" content=\"1\u00a0Minute\" \/>\n<script type=\"application\/ld+json\" class=\"yoast-schema-graph\">{\"@context\":\"https:\/\/schema.org\",\"@graph\":[{\"@type\":\"Organization\",\"@id\":\"https:\/\/www.best-bottles.de\/#organization\",\"name\":\"best-bottles.de\",\"url\":\"https:\/\/www.best-bottles.de\/\",\"sameAs\":[],\"logo\":{\"@type\":\"ImageObject\",\"@id\":\"https:\/\/www.best-bottles.de\/#logo\",\"inLanguage\":\"de\",\"url\":\"https:\/\/www.best-bottles.de\/wp-content\/uploads\/2016\/01\/logo.jpg\",\"contentUrl\":\"https:\/\/www.best-bottles.de\/wp-content\/uploads\/2016\/01\/logo.jpg\",\"width\":646,\"height\":646,\"caption\":\"best-bottles.de\"},\"image\":{\"@id\":\"https:\/\/www.best-bottles.de\/#logo\"}},{\"@type\":\"WebSite\",\"@id\":\"https:\/\/www.best-bottles.de\/#website\",\"url\":\"https:\/\/www.best-bottles.de\/\",\"name\":\"Best Bottles - Ihr Partner f\u00fcr RUM &amp; Co\",\"description\":\"Eine weitere WordPress-Seite\",\"publisher\":{\"@id\":\"https:\/\/www.best-bottles.de\/#organization\"},\"potentialAction\":[{\"@type\":\"SearchAction\",\"target\":{\"@type\":\"EntryPoint\",\"urlTemplate\":\"https:\/\/www.best-bottles.de\/?s={search_term_string}\"},\"query-input\":\"required name=search_term_string\"}],\"inLanguage\":\"de\"},{\"@type\":\"ImageObject\",\"@id\":\"https:\/\/www.best-bottles.de\/?product=havana-club-anejo-3-anos-07-l-rum#primaryimage\",\"inLanguage\":\"de\",\"url\":\"\",\"contentUrl\":\"\"},{\"@type\":\"WebPage\",\"@id\":\"https:\/\/www.best-bottles.de\/?product=havana-club-anejo-3-anos-07-l-rum#webpage\",\"url\":\"https:\/\/www.best-bottles.de\/?product=havana-club-anejo-3-anos-07-l-rum\",\"name\":\"Havana Club A\u00f1ejo 3 A\u00f1os 0,7 l - best-bottles.de\",\"isPartOf\":{\"@id\":\"https:\/\/www.best-bottles.de\/#website\"},\"primaryImageOfPage\":{\"@id\":\"https:\/\/www.best-bottles.de\/?product=havana-club-anejo-3-anos-07-l-rum#primaryimage\"},\"datePublished\":\"2016-01-02T21:34:14+00:00\",\"dateModified\":\"2016-08-03T06:19:40+00:00\",\"description\":\"14,50\u20ac [20,71\u20ac\/l], Alkoholgehalt 40%. Hol Dir Havana Club A\u00f1ejo 3 A\u00f1os 0,7 l Rum f\u00fcr deine Party. Unerl\u00e4sslich f\u00fcr Cuba Libre oder Mojito...\",\"breadcrumb\":{\"@id\":\"https:\/\/www.best-bottles.de\/?product=havana-club-anejo-3-anos-07-l-rum#breadcrumb\"},\"inLanguage\":\"de\",\"potentialAction\":[{\"@type\":\"ReadAction\",\"target\":[\"https:\/\/www.best-bottles.de\/?product=havana-club-anejo-3-anos-07-l-rum\"]}]},{\"@type\":\"BreadcrumbList\",\"@id\":\"https:\/\/www.best-bottles.de\/?product=havana-club-anejo-3-anos-07-l-rum#breadcrumb\",\"itemListElement\":[{\"@type\":\"ListItem\",\"position\":1,\"name\":\"Home\",\"item\":\"https:\/\/www.best-bottles.de\/\"},{\"@type\":\"ListItem\",\"position\":2,\"name\":\"Shop\",\"item\":\"https:\/\/www.best-bottles.de\/?page_id=4\"},{\"@type\":\"ListItem\",\"position\":3,\"name\":\"Havana Club A\u00f1ejo 3 A\u00f1os 0,7 l RUM\"}]}]}<\/script>\n<!-- \/ Yoast SEO plugin. -->","yoast_head_json":{"title":"Havana Club A\u00f1ejo 3 A\u00f1os 0,7 l - best-bottles.de","description":"14,50\u20ac [20,71\u20ac\/l], Alkoholgehalt 40%. Hol Dir Havana Club A\u00f1ejo 3 A\u00f1os 0,7 l Rum f\u00fcr deine Party. Unerl\u00e4sslich f\u00fcr Cuba Libre oder Mojito...","robots":{"index":"index","follow":"follow","max-snippet":"max-snippet:-1","max-image-preview":"max-image-preview:large","max-video-preview":"max-video-preview:-1"},"canonical":"https:\/\/www.best-bottles.de\/?product=havana-club-anejo-3-anos-07-l-rum","og_locale":"de_DE","og_type":"article","og_title":"Havana Club A\u00f1ejo 3 A\u00f1os 0,7 l - best-bottles.de","og_description":"14,50\u20ac [20,71\u20ac\/l], Alkoholgehalt 40%. Hol Dir Havana Club A\u00f1ejo 3 A\u00f1os 0,7 l Rum f\u00fcr deine Party. Unerl\u00e4sslich f\u00fcr Cuba Libre oder Mojito...","og_url":"https:\/\/www.best-bottles.de\/?product=havana-club-anejo-3-anos-07-l-rum","og_site_name":"Best Bottles - Ihr Partner f\u00fcr RUM &amp; Co","article_modified_time":"2016-08-03T06:19:40+00:00","og_image":[{"url":"https:\/\/www.best-bottles.de\/wp-content\/uploads\/2016\/01\/havana-club-anejo-3-anos-0-7-l-label.jpg"}],"twitter_card":"summary","twitter_misc":{"Gesch\u00e4tzte Lesezeit":"1\u00a0Minute"},"schema":{"@context":"https:\/\/schema.org","@graph":[{"@type":"Organization","@id":"https:\/\/www.best-bottles.de\/#organization","name":"best-bottles.de","url":"https:\/\/www.best-bottles.de\/","sameAs":[],"logo":{"@type":"ImageObject","@id":"https:\/\/www.best-bottles.de\/#logo","inLanguage":"de","url":"https:\/\/www.best-bottles.de\/wp-content\/uploads\/2016\/01\/logo.jpg","contentUrl":"https:\/\/www.best-bottles.de\/wp-content\/uploads\/2016\/01\/logo.jpg","width":646,"height":646,"caption":"best-bottles.de"},"image":{"@id":"https:\/\/www.best-bottles.de\/#logo"}},{"@type":"WebSite","@id":"https:\/\/www.best-bottles.de\/#website","url":"https:\/\/www.best-bottles.de\/","name":"Best Bottles - Ihr Partner f\u00fcr RUM &amp; Co","description":"Eine weitere WordPress-Seite","publisher":{"@id":"https:\/\/www.best-bottles.de\/#organization"},"potentialAction":[{"@type":"SearchAction","target":{"@type":"EntryPoint","urlTemplate":"https:\/\/www.best-bottles.de\/?s={search_term_string}"},"query-input":"required name=search_term_string"}],"inLanguage":"de"},{"@type":"ImageObject","@id":"https:\/\/www.best-bottles.de\/?product=havana-club-anejo-3-anos-07-l-rum#primaryimage","inLanguage":"de","url":"","contentUrl":""},{"@type":"WebPage","@id":"https:\/\/www.best-bottles.de\/?product=havana-club-anejo-3-anos-07-l-rum#webpage","url":"https:\/\/www.best-bottles.de\/?product=havana-club-anejo-3-anos-07-l-rum","name":"Havana Club A\u00f1ejo 3 A\u00f1os 0,7 l - best-bottles.de","isPartOf":{"@id":"https:\/\/www.best-bottles.de\/#website"},"primaryImageOfPage":{"@id":"https:\/\/www.best-bottles.de\/?product=havana-club-anejo-3-anos-07-l-rum#primaryimage"},"datePublished":"2016-01-02T21:34:14+00:00","dateModified":"2016-08-03T06:19:40+00:00","description":"14,50\u20ac [20,71\u20ac\/l], Alkoholgehalt 40%. Hol Dir Havana Club A\u00f1ejo 3 A\u00f1os 0,7 l Rum f\u00fcr deine Party. Unerl\u00e4sslich f\u00fcr Cuba Libre oder Mojito...","breadcrumb":{"@id":"https:\/\/www.best-bottles.de\/?product=havana-club-anejo-3-anos-07-l-rum#breadcrumb"},"inLanguage":"de","potentialAction":[{"@type":"ReadAction","target":["https:\/\/www.best-bottles.de\/?product=havana-club-anejo-3-anos-07-l-rum"]}]},{"@type":"BreadcrumbList","@id":"https:\/\/www.best-bottles.de\/?product=havana-club-anejo-3-anos-07-l-rum#breadcrumb","itemListElement":[{"@type":"ListItem","position":1,"name":"Home","item":"https:\/\/www.best-bottles.de\/"},{"@type":"ListItem","position":2,"name":"Shop","item":"https:\/\/www.best-bottles.de\/?page_id=4"},{"@type":"ListItem","position":3,"name":"Havana Club A\u00f1ejo 3 A\u00f1os 0,7 l RUM"}]}]}},"_links":{"self":[{"href":"https:\/\/www.best-bottles.de\/index.php?rest_route=\/wp\/v2\/product\/1125"}],"collection":[{"href":"https:\/\/www.best-bottles.de\/index.php?rest_route=\/wp\/v2\/product"}],"about":[{"href":"https:\/\/www.best-bottles.de\/index.php?rest_route=\/wp\/v2\/types\/product"}],"replies":[{"embeddable":true,"href":"https:\/\/www.best-bottles.de\/index.php?rest_route=%2Fwp%2Fv2%2Fcomments&post=1125"}],"wp:featuredmedia":[{"embeddable":true,"href":"https:\/\/www.best-bottles.de\/index.php?rest_route=\/wp\/v2\/media\/246"}],"wp:attachment":[{"href":"https:\/\/www.best-bottles.de\/index.php?rest_route=%2Fwp%2Fv2%2Fmedia&parent=1125"}],"wp:term":[{"taxonomy":"product_cat","embeddable":true,"href":"https:\/\/www.best-bottles.de\/index.php?rest_route=%2Fwp%2Fv2%2Fproduct_cat&post=1125"},{"taxonomy":"product_tag","embeddable":true,"href":"https:\/\/www.best-bottles.de\/index.php?rest_route=%2Fwp%2Fv2%2Fproduct_tag&post=1125"}],"curies":[{"name":"wp","href":"https:\/\/api.w.org\/{rel}","templated":true}]}}