{"id":1115,"date":"2016-02-14T14:29:01","date_gmt":"2016-02-14T13:29:01","guid":{"rendered":"https:\/\/www.best-bottles.de\/nl\/produkt\/unkategorisiert\/havana-club-union-07l-rum\/"},"modified":"2024-08-11T06:00:11","modified_gmt":"2024-08-11T04:00:11","slug":"havana-club-union-07l-rum","status":"publish","type":"product","link":"https:\/\/www.best-bottles.de\/?product=havana-club-union-07l-rum","title":{"rendered":"Havana Club Uni\u00f3n 0,7l Rum"},"content":{"rendered":"<h2>Havana Club Uni\u00f3n 0,7 l RUM<\/h2>\n<p>Havana Club Uni\u00f3n werd mede ge\u00efnspireerd door de Cubaanse traditie &#8220; Sobremesa &#8220; &#8211; welke middelen betekent &#8220; over de tafel &#8220; &#8211; deze kwaliteit rum gooide rond na het diner en genoten van uitstekende sigaren en een levendig gesprek onder vrienden . Als Havana Club Uni\u00f3n in het glas gegoten , staat meteen de imposante donkere kleur met amber luster eye , het bewijs van lang en natuurlijke rijpingsproces . Neus Havana Club Uni\u00f3n biedt krachtige en diverse noten van eiken en rook , evenwichtig met aroma&#8217;s van kokos , citrus en gedroogd fruit en koffie . In smaak , een prachtig uitgebalanceerde smaak ontwikkelt met zachte hout aantekeningen en hints van vanille, chocolade en gedroogd fruit . De afwerking is langdurig , complex en aromatisch.<\/p>\n<p><a href=\"https:\/\/www.best-bottles.de\/wp-content\/uploads\/2016\/02\/havana-club-label-front.jpg\"><img loading=\"lazy\" class=\"alignleft wp-image-427 size-square\" src=\"https:\/\/www.best-bottles.de\/wp-content\/uploads\/2016\/02\/havana-club-label-front-180x180.jpg\" alt=\"Havana Club Union\" width=\"180\" height=\"180\" srcset=\"https:\/\/www.best-bottles.de\/wp-content\/uploads\/2016\/02\/havana-club-label-front-180x180.jpg 180w, https:\/\/www.best-bottles.de\/wp-content\/uploads\/2016\/02\/havana-club-label-front-450x450.jpg 450w, https:\/\/www.best-bottles.de\/wp-content\/uploads\/2016\/02\/havana-club-label-front-100x100.jpg 100w, https:\/\/www.best-bottles.de\/wp-content\/uploads\/2016\/02\/havana-club-label-front-80x80.jpg 80w, https:\/\/www.best-bottles.de\/wp-content\/uploads\/2016\/02\/havana-club-label-front-300x300.jpg 300w, https:\/\/www.best-bottles.de\/wp-content\/uploads\/2016\/02\/havana-club-label-front-768x768.jpg 768w, https:\/\/www.best-bottles.de\/wp-content\/uploads\/2016\/02\/havana-club-label-front-1030x1030.jpg 1030w, https:\/\/www.best-bottles.de\/wp-content\/uploads\/2016\/02\/havana-club-label-front-65x65.jpg 65w, https:\/\/www.best-bottles.de\/wp-content\/uploads\/2016\/02\/havana-club-label-front-36x36.jpg 36w, https:\/\/www.best-bottles.de\/wp-content\/uploads\/2016\/02\/havana-club-label-front-705x705.jpg 705w, https:\/\/www.best-bottles.de\/wp-content\/uploads\/2016\/02\/havana-club-label-front.jpg 1350w\" sizes=\"(max-width: 180px) 100vw, 180px\" \/><\/a>De Labelk werd uitvoerig ingebed in het oppervlak van de Havana Club Uni\u00f3n in het flesje en niet alleen afgedrukt . Deze methode benadrukt de absolute high-end segment. De prijs en de smaak vestigden deze rum over de A\u00f1ejo 15 A\u00f1os en M\u00e1ximo Extra A\u00f1ejo.<\/p>\n<p>&nbsp;<\/p>\n<p>Alcoholgehalte: 40% (Vol.)<\/p>\n<p>Geniet van Havana Club Uni\u00f3n puur of op ijs typisch Cubaanse . Met vrienden<\/p>\n<p>&nbsp;<\/p>\n<p><strong>Hersteller:<\/strong> Havana Club International S.A., La Habana, Cuba<\/p>\n<p><strong>Alleinimport &amp; Vertrieb Deutschland:<\/strong> Pernod Ricard Deutschland GmbH, Habsburgring 2, 50674 K\u00f6ln, <a href=\"http:\/\/www.havana-club.de\" target=\"_blank\">http:\/\/www.havana-club.de<\/a><br \/>\n<strong>Alleinimport &amp; Vertrieb \u00d6sterreich:<\/strong> Pernod Ricard Austria GmbH, 1210 Vienna, <a href=\"http:\/\/www.havana-club.at\" target=\"_blank\">http:\/\/www.havana-club.at<\/a><\/p>\n<p>[adult_message]<\/p>\n","protected":false},"excerpt":{"rendered":"<p>Havana Club Uni\u00f3n 0,7 l RUM Havana Club Uni\u00f3n werd mede ge\u00efnspireerd door de Cubaanse traditie &#8220; Sobremesa &#8220; &#8211; [&hellip;]<\/p>\n","protected":false},"featured_media":428,"comment_status":"open","ping_status":"closed","template":"","meta":{"site-sidebar-layout":"default","site-content-layout":"","ast-site-content-layout":"default","site-content-style":"default","site-sidebar-style":"default","ast-global-header-display":"","ast-banner-title-visibility":"","ast-main-header-display":"","ast-hfb-above-header-display":"","ast-hfb-below-header-display":"","ast-hfb-mobile-header-display":"","site-post-title":"","ast-breadcrumbs-content":"","ast-featured-img":"","footer-sml-layout":"","theme-transparent-header-meta":"","adv-header-id-meta":"","stick-header-meta":"","header-above-stick-meta":"","header-main-stick-meta":"","header-below-stick-meta":"","astra-migrate-meta-layouts":"default","ast-page-background-enabled":"default","ast-page-background-meta":{"desktop":{"background-color":"var(--ast-global-color-5)","background-image":"","background-repeat":"repeat","background-position":"center center","background-size":"auto","background-attachment":"scroll","background-type":"","background-media":"","overlay-type":"","overlay-color":"","overlay-opacity":"","overlay-gradient":""},"tablet":{"background-color":"","background-image":"","background-repeat":"repeat","background-position":"center center","background-size":"auto","background-attachment":"scroll","background-type":"","background-media":"","overlay-type":"","overlay-color":"","overlay-opacity":"","overlay-gradient":""},"mobile":{"background-color":"","background-image":"","background-repeat":"repeat","background-position":"center center","background-size":"auto","background-attachment":"scroll","background-type":"","background-media":"","overlay-type":"","overlay-color":"","overlay-opacity":"","overlay-gradient":""}},"ast-content-background-meta":{"desktop":{"background-color":"var(--ast-global-color-4)","background-image":"","background-repeat":"repeat","background-position":"center center","background-size":"auto","background-attachment":"scroll","background-type":"","background-media":"","overlay-type":"","overlay-color":"","overlay-opacity":"","overlay-gradient":""},"tablet":{"background-color":"var(--ast-global-color-4)","background-image":"","background-repeat":"repeat","background-position":"center center","background-size":"auto","background-attachment":"scroll","background-type":"","background-media":"","overlay-type":"","overlay-color":"","overlay-opacity":"","overlay-gradient":""},"mobile":{"background-color":"var(--ast-global-color-4)","background-image":"","background-repeat":"repeat","background-position":"center center","background-size":"auto","background-attachment":"scroll","background-type":"","background-media":"","overlay-type":"","overlay-color":"","overlay-opacity":"","overlay-gradient":""}}},"product_cat":[112],"product_tag":[109,102,105,197],"yoast_head":"<!-- This site is optimized with the Yoast SEO plugin v18.6 - https:\/\/yoast.com\/wordpress\/plugins\/seo\/ -->\n<title>Havana Club Uni\u00f3n 0,7l Rum - best-bottles<\/title>\n<meta name=\"description\" content=\"Havana Club Uni\u00f3n 0.7l . Geniet ervan met de twee belangrijkste dingen in je leven. Vrienden en een goede sigaar.\" \/>\n<meta name=\"robots\" content=\"index, follow, max-snippet:-1, max-image-preview:large, max-video-preview:-1\" \/>\n<link rel=\"canonical\" href=\"https:\/\/www.best-bottles.de\/?product=havana-club-union-07l-rum\" \/>\n<meta property=\"og:locale\" content=\"de_DE\" \/>\n<meta property=\"og:type\" content=\"article\" \/>\n<meta property=\"og:title\" content=\"Havana Club Uni\u00f3n 0,7l Rum - best-bottles\" \/>\n<meta property=\"og:description\" content=\"Havana Club Uni\u00f3n 0.7l . Geniet ervan met de twee belangrijkste dingen in je leven. Vrienden en een goede sigaar.\" \/>\n<meta property=\"og:url\" content=\"https:\/\/www.best-bottles.de\/?product=havana-club-union-07l-rum\" \/>\n<meta property=\"og:site_name\" content=\"Best Bottles - Ihr Partner f\u00fcr RUM &amp; Co\" \/>\n<meta property=\"article:modified_time\" content=\"2024-08-11T04:00:11+00:00\" \/>\n<meta property=\"og:image\" content=\"https:\/\/www.best-bottles.de\/wp-content\/uploads\/2016\/02\/havana-club-label-front.jpg\" \/>\n<meta name=\"twitter:card\" content=\"summary\" \/>\n<meta name=\"twitter:title\" content=\"Havana Club Uni\u00f3n 0,7l Rum - best-bottles\" \/>\n<meta name=\"twitter:description\" content=\"Havana Club Uni\u00f3n 0.7l . Geniet ervan met de twee belangrijkste dingen in je leven. Vrienden en een goede sigaar.\" \/>\n<meta name=\"twitter:image\" content=\"https:\/\/www.best-bottles.de\/wp-content\/uploads\/2016\/02\/havana-club-label-front.jpg\" \/>\n<meta name=\"twitter:label1\" content=\"Gesch\u00e4tzte Lesezeit\" \/>\n\t<meta name=\"twitter:data1\" content=\"1\u00a0Minute\" \/>\n<script type=\"application\/ld+json\" class=\"yoast-schema-graph\">{\"@context\":\"https:\/\/schema.org\",\"@graph\":[{\"@type\":\"Organization\",\"@id\":\"https:\/\/www.best-bottles.de\/#organization\",\"name\":\"best-bottles.de\",\"url\":\"https:\/\/www.best-bottles.de\/\",\"sameAs\":[],\"logo\":{\"@type\":\"ImageObject\",\"@id\":\"https:\/\/www.best-bottles.de\/#logo\",\"inLanguage\":\"de\",\"url\":\"https:\/\/www.best-bottles.de\/wp-content\/uploads\/2016\/01\/logo.jpg\",\"contentUrl\":\"https:\/\/www.best-bottles.de\/wp-content\/uploads\/2016\/01\/logo.jpg\",\"width\":646,\"height\":646,\"caption\":\"best-bottles.de\"},\"image\":{\"@id\":\"https:\/\/www.best-bottles.de\/#logo\"}},{\"@type\":\"WebSite\",\"@id\":\"https:\/\/www.best-bottles.de\/#website\",\"url\":\"https:\/\/www.best-bottles.de\/\",\"name\":\"Best Bottles - Ihr Partner f\u00fcr RUM &amp; Co\",\"description\":\"Eine weitere WordPress-Seite\",\"publisher\":{\"@id\":\"https:\/\/www.best-bottles.de\/#organization\"},\"potentialAction\":[{\"@type\":\"SearchAction\",\"target\":{\"@type\":\"EntryPoint\",\"urlTemplate\":\"https:\/\/www.best-bottles.de\/?s={search_term_string}\"},\"query-input\":\"required name=search_term_string\"}],\"inLanguage\":\"de\"},{\"@type\":\"ImageObject\",\"@id\":\"https:\/\/www.best-bottles.de\/?product=havana-club-union-07l-rum#primaryimage\",\"inLanguage\":\"de\",\"url\":\"\",\"contentUrl\":\"\"},{\"@type\":\"WebPage\",\"@id\":\"https:\/\/www.best-bottles.de\/?product=havana-club-union-07l-rum#webpage\",\"url\":\"https:\/\/www.best-bottles.de\/?product=havana-club-union-07l-rum\",\"name\":\"Havana Club Uni\u00f3n 0,7l Rum - best-bottles\",\"isPartOf\":{\"@id\":\"https:\/\/www.best-bottles.de\/#website\"},\"primaryImageOfPage\":{\"@id\":\"https:\/\/www.best-bottles.de\/?product=havana-club-union-07l-rum#primaryimage\"},\"datePublished\":\"2016-02-14T13:29:01+00:00\",\"dateModified\":\"2024-08-11T04:00:11+00:00\",\"description\":\"Havana Club Uni\u00f3n 0.7l . Geniet ervan met de twee belangrijkste dingen in je leven. Vrienden en een goede sigaar.\",\"breadcrumb\":{\"@id\":\"https:\/\/www.best-bottles.de\/?product=havana-club-union-07l-rum#breadcrumb\"},\"inLanguage\":\"de\",\"potentialAction\":[{\"@type\":\"ReadAction\",\"target\":[\"https:\/\/www.best-bottles.de\/?product=havana-club-union-07l-rum\"]}]},{\"@type\":\"BreadcrumbList\",\"@id\":\"https:\/\/www.best-bottles.de\/?product=havana-club-union-07l-rum#breadcrumb\",\"itemListElement\":[{\"@type\":\"ListItem\",\"position\":1,\"name\":\"Home\",\"item\":\"https:\/\/www.best-bottles.de\/\"},{\"@type\":\"ListItem\",\"position\":2,\"name\":\"Shop\",\"item\":\"https:\/\/www.best-bottles.de\/?page_id=4\"},{\"@type\":\"ListItem\",\"position\":3,\"name\":\"Havana Club Uni\u00f3n 0,7l Rum\"}]}]}<\/script>\n<!-- \/ Yoast SEO plugin. -->","yoast_head_json":{"title":"Havana Club Uni\u00f3n 0,7l Rum - best-bottles","description":"Havana Club Uni\u00f3n 0.7l . Geniet ervan met de twee belangrijkste dingen in je leven. Vrienden en een goede sigaar.","robots":{"index":"index","follow":"follow","max-snippet":"max-snippet:-1","max-image-preview":"max-image-preview:large","max-video-preview":"max-video-preview:-1"},"canonical":"https:\/\/www.best-bottles.de\/?product=havana-club-union-07l-rum","og_locale":"de_DE","og_type":"article","og_title":"Havana Club Uni\u00f3n 0,7l Rum - best-bottles","og_description":"Havana Club Uni\u00f3n 0.7l . Geniet ervan met de twee belangrijkste dingen in je leven. Vrienden en een goede sigaar.","og_url":"https:\/\/www.best-bottles.de\/?product=havana-club-union-07l-rum","og_site_name":"Best Bottles - Ihr Partner f\u00fcr RUM &amp; Co","article_modified_time":"2024-08-11T04:00:11+00:00","og_image":[{"url":"https:\/\/www.best-bottles.de\/wp-content\/uploads\/2016\/02\/havana-club-label-front.jpg"}],"twitter_card":"summary","twitter_title":"Havana Club Uni\u00f3n 0,7l Rum - best-bottles","twitter_description":"Havana Club Uni\u00f3n 0.7l . Geniet ervan met de twee belangrijkste dingen in je leven. Vrienden en een goede sigaar.","twitter_image":"https:\/\/www.best-bottles.de\/wp-content\/uploads\/2016\/02\/havana-club-label-front.jpg","twitter_misc":{"Gesch\u00e4tzte Lesezeit":"1\u00a0Minute"},"schema":{"@context":"https:\/\/schema.org","@graph":[{"@type":"Organization","@id":"https:\/\/www.best-bottles.de\/#organization","name":"best-bottles.de","url":"https:\/\/www.best-bottles.de\/","sameAs":[],"logo":{"@type":"ImageObject","@id":"https:\/\/www.best-bottles.de\/#logo","inLanguage":"de","url":"https:\/\/www.best-bottles.de\/wp-content\/uploads\/2016\/01\/logo.jpg","contentUrl":"https:\/\/www.best-bottles.de\/wp-content\/uploads\/2016\/01\/logo.jpg","width":646,"height":646,"caption":"best-bottles.de"},"image":{"@id":"https:\/\/www.best-bottles.de\/#logo"}},{"@type":"WebSite","@id":"https:\/\/www.best-bottles.de\/#website","url":"https:\/\/www.best-bottles.de\/","name":"Best Bottles - Ihr Partner f\u00fcr RUM &amp; Co","description":"Eine weitere WordPress-Seite","publisher":{"@id":"https:\/\/www.best-bottles.de\/#organization"},"potentialAction":[{"@type":"SearchAction","target":{"@type":"EntryPoint","urlTemplate":"https:\/\/www.best-bottles.de\/?s={search_term_string}"},"query-input":"required name=search_term_string"}],"inLanguage":"de"},{"@type":"ImageObject","@id":"https:\/\/www.best-bottles.de\/?product=havana-club-union-07l-rum#primaryimage","inLanguage":"de","url":"","contentUrl":""},{"@type":"WebPage","@id":"https:\/\/www.best-bottles.de\/?product=havana-club-union-07l-rum#webpage","url":"https:\/\/www.best-bottles.de\/?product=havana-club-union-07l-rum","name":"Havana Club Uni\u00f3n 0,7l Rum - best-bottles","isPartOf":{"@id":"https:\/\/www.best-bottles.de\/#website"},"primaryImageOfPage":{"@id":"https:\/\/www.best-bottles.de\/?product=havana-club-union-07l-rum#primaryimage"},"datePublished":"2016-02-14T13:29:01+00:00","dateModified":"2024-08-11T04:00:11+00:00","description":"Havana Club Uni\u00f3n 0.7l . Geniet ervan met de twee belangrijkste dingen in je leven. Vrienden en een goede sigaar.","breadcrumb":{"@id":"https:\/\/www.best-bottles.de\/?product=havana-club-union-07l-rum#breadcrumb"},"inLanguage":"de","potentialAction":[{"@type":"ReadAction","target":["https:\/\/www.best-bottles.de\/?product=havana-club-union-07l-rum"]}]},{"@type":"BreadcrumbList","@id":"https:\/\/www.best-bottles.de\/?product=havana-club-union-07l-rum#breadcrumb","itemListElement":[{"@type":"ListItem","position":1,"name":"Home","item":"https:\/\/www.best-bottles.de\/"},{"@type":"ListItem","position":2,"name":"Shop","item":"https:\/\/www.best-bottles.de\/?page_id=4"},{"@type":"ListItem","position":3,"name":"Havana Club Uni\u00f3n 0,7l Rum"}]}]}},"_links":{"self":[{"href":"https:\/\/www.best-bottles.de\/index.php?rest_route=\/wp\/v2\/product\/1115"}],"collection":[{"href":"https:\/\/www.best-bottles.de\/index.php?rest_route=\/wp\/v2\/product"}],"about":[{"href":"https:\/\/www.best-bottles.de\/index.php?rest_route=\/wp\/v2\/types\/product"}],"replies":[{"embeddable":true,"href":"https:\/\/www.best-bottles.de\/index.php?rest_route=%2Fwp%2Fv2%2Fcomments&post=1115"}],"wp:featuredmedia":[{"embeddable":true,"href":"https:\/\/www.best-bottles.de\/index.php?rest_route=\/wp\/v2\/media\/428"}],"wp:attachment":[{"href":"https:\/\/www.best-bottles.de\/index.php?rest_route=%2Fwp%2Fv2%2Fmedia&parent=1115"}],"wp:term":[{"taxonomy":"product_cat","embeddable":true,"href":"https:\/\/www.best-bottles.de\/index.php?rest_route=%2Fwp%2Fv2%2Fproduct_cat&post=1115"},{"taxonomy":"product_tag","embeddable":true,"href":"https:\/\/www.best-bottles.de\/index.php?rest_route=%2Fwp%2Fv2%2Fproduct_tag&post=1115"}],"curies":[{"name":"wp","href":"https:\/\/api.w.org\/{rel}","templated":true}]}}