{"id":1099,"date":"2016-04-28T20:00:59","date_gmt":"2016-04-28T18:00:59","guid":{"rendered":"https:\/\/www.best-bottles.de\/nl\/produkt\/unkategorisiert\/pitu-07l-cachaca\/"},"modified":"2016-07-17T13:32:09","modified_gmt":"2016-07-17T11:32:09","slug":"pitu-07l-cachaca","status":"publish","type":"product","link":"https:\/\/www.best-bottles.de\/?product=pitu-07l-cachaca","title":{"rendered":"PIT\u00da 0,7l Cachaca"},"content":{"rendered":"<h3>PIT\u00da 0,7l Cachaca<\/h3>\n<p>PIT\u00da wird exclusiv in Brasilien aus dem Saft von handgeerntetem frischem Zuckerrohr destilliert. Nach sorgf\u00e4ltiger Lagerung und genauer Qualit\u00e4tskontrolle wird er als stolzer &#8222;Premium do Brasil&#8220; in alle Welt gesandt. Deswegen ist der leichte und fruchtige Geschmack von PIT\u00da ideal f\u00fcr den Drink, der brasilianische Lebensfreude vermittelt. F\u00fcr den Kenner hei\u00dft es deshalb PIT\u00darinha\u00ae die Premium Caipirinha.<\/p>\n<p><a href=\"https:\/\/www.best-bottles.de\/wp-content\/uploads\/2016\/04\/garantia-autentico-genuino-do-brasile.jpg\"><img loading=\"lazy\" class=\"alignleft wp-image-925\" title=\"PIT\u00da Echtheitssiegel\" src=\"https:\/\/www.best-bottles.de\/wp-content\/uploads\/2016\/04\/garantia-autentico-genuino-do-brasile.jpg\" alt=\"PIT\u00da Echtheitssiegel\" width=\"250\" height=\"88\" srcset=\"https:\/\/www.best-bottles.de\/wp-content\/uploads\/2016\/04\/garantia-autentico-genuino-do-brasile.jpg 1015w, https:\/\/www.best-bottles.de\/wp-content\/uploads\/2016\/04\/garantia-autentico-genuino-do-brasile-450x158.jpg 450w\" sizes=\"(max-width: 250px) 100vw, 250px\" \/><\/a><\/p>\n<p>Caipirinha ist ein aus brasilien stammender Cocktail aus Cachaca (Pinga), Limettensaft, Rohrzucker und Eis (Caipirinha de Pinga). Cachaca ist ein aus Zuckerrohr gewonnener Schnaps (Destilat). Der blanco ist ein direkt nach dem destilieren abgef\u00fcllter Cachaca, w\u00e4hrend der gelbe oder goldfarbende Cachaca auf eine l\u00e4ngere Reifung hinweist.<br \/>\nAlkoholgehalt: 40% (Vol.)<\/p>\n<p>&nbsp;<\/p>\n<p><strong>PIT\u00da <\/strong>eignet sich hervorragen f\u00fcr folgende Getr\u00e4nke bzw. Cocktails:<\/p>\n<ul>\n<li>Caipirinha<\/li>\n<\/ul>\n<p><strong>Alleinimport &amp; Vertrieb Deutschland:<\/strong> PIT\u00da Importadora Exportadora GmbH, D-85421 Erding b. M\u00fcnchen, <a href=\"http:\/\/www.pitu.com\" target=\"_blank\" rel=\"nofollow\">http:\/\/www.pitu.com<\/a><br \/>\n<strong>Alleinimport &amp; Vertrieb \u00d6sterreich:<\/strong> Dettling &amp; Marmot AG, CH-8305 Dietikon<\/p>\n<p>[adult_message]<\/p>\n","protected":false},"excerpt":{"rendered":"<p>PIT\u00da wird exclusiv in Brasilien aus dem Saft von handgeerntetem frischem Zuckerrohr destilliert. Nach sorgf\u00e4ltiger Lagerung und genauer Qualit\u00e4tskontrolle wird er als stolzer &#8222;Premium do Brasil&#8220; in alle Welt gesandt.<\/p>\n","protected":false},"featured_media":932,"comment_status":"open","ping_status":"closed","template":"","meta":{"site-sidebar-layout":"default","site-content-layout":"","ast-site-content-layout":"default","site-content-style":"default","site-sidebar-style":"default","ast-global-header-display":"","ast-banner-title-visibility":"","ast-main-header-display":"","ast-hfb-above-header-display":"","ast-hfb-below-header-display":"","ast-hfb-mobile-header-display":"","site-post-title":"","ast-breadcrumbs-content":"","ast-featured-img":"","footer-sml-layout":"","theme-transparent-header-meta":"","adv-header-id-meta":"","stick-header-meta":"","header-above-stick-meta":"","header-main-stick-meta":"","header-below-stick-meta":"","astra-migrate-meta-layouts":"default","ast-page-background-enabled":"default","ast-page-background-meta":{"desktop":{"background-color":"var(--ast-global-color-5)","background-image":"","background-repeat":"repeat","background-position":"center center","background-size":"auto","background-attachment":"scroll","background-type":"","background-media":"","overlay-type":"","overlay-color":"","overlay-opacity":"","overlay-gradient":""},"tablet":{"background-color":"","background-image":"","background-repeat":"repeat","background-position":"center center","background-size":"auto","background-attachment":"scroll","background-type":"","background-media":"","overlay-type":"","overlay-color":"","overlay-opacity":"","overlay-gradient":""},"mobile":{"background-color":"","background-image":"","background-repeat":"repeat","background-position":"center center","background-size":"auto","background-attachment":"scroll","background-type":"","background-media":"","overlay-type":"","overlay-color":"","overlay-opacity":"","overlay-gradient":""}},"ast-content-background-meta":{"desktop":{"background-color":"var(--ast-global-color-4)","background-image":"","background-repeat":"repeat","background-position":"center center","background-size":"auto","background-attachment":"scroll","background-type":"","background-media":"","overlay-type":"","overlay-color":"","overlay-opacity":"","overlay-gradient":""},"tablet":{"background-color":"var(--ast-global-color-4)","background-image":"","background-repeat":"repeat","background-position":"center center","background-size":"auto","background-attachment":"scroll","background-type":"","background-media":"","overlay-type":"","overlay-color":"","overlay-opacity":"","overlay-gradient":""},"mobile":{"background-color":"var(--ast-global-color-4)","background-image":"","background-repeat":"repeat","background-position":"center center","background-size":"auto","background-attachment":"scroll","background-type":"","background-media":"","overlay-type":"","overlay-color":"","overlay-opacity":"","overlay-gradient":""}}},"product_cat":[187],"product_tag":[188,189,190],"yoast_head":"<!-- This site is optimized with the Yoast SEO plugin v18.6 - https:\/\/yoast.com\/wordpress\/plugins\/seo\/ -->\n<title>PIT\u00da - Der Brasilianer f\u00fcr den Original PIT\u00darinha<\/title>\n<meta name=\"description\" content=\"PIT\u00da wird exclusiv in Brasilien aus dem Saft von handgeerntetem frischem Zuckerrohr destilliert. 12,99\u20ac [18,56\u20ac\/l]\" \/>\n<meta name=\"robots\" content=\"index, follow, max-snippet:-1, max-image-preview:large, max-video-preview:-1\" \/>\n<link rel=\"canonical\" href=\"https:\/\/www.best-bottles.de\/?product=pitu-07l-cachaca\" \/>\n<meta property=\"og:locale\" content=\"de_DE\" \/>\n<meta property=\"og:type\" content=\"article\" \/>\n<meta property=\"og:title\" content=\"PIT\u00da - Der Brasilianer f\u00fcr den Original PIT\u00darinha\" \/>\n<meta property=\"og:description\" content=\"PIT\u00da wird exclusiv in Brasilien aus dem Saft von handgeerntetem frischem Zuckerrohr destilliert. 12,99\u20ac [18,56\u20ac\/l]\" \/>\n<meta property=\"og:url\" content=\"https:\/\/www.best-bottles.de\/?product=pitu-07l-cachaca\" \/>\n<meta property=\"og:site_name\" content=\"Best Bottles - Ihr Partner f\u00fcr RUM &amp; Co\" \/>\n<meta property=\"article:modified_time\" content=\"2016-07-17T11:32:09+00:00\" \/>\n<meta property=\"og:image\" content=\"https:\/\/www.best-bottles.de\/wp-content\/uploads\/2016\/04\/pitu-07l-front-label.jpg\" \/>\n\t<meta property=\"og:image:width\" content=\"1350\" \/>\n\t<meta property=\"og:image:height\" content=\"1350\" \/>\n\t<meta property=\"og:image:type\" content=\"image\/jpeg\" \/>\n<meta name=\"twitter:card\" content=\"summary\" \/>\n<meta name=\"twitter:label1\" content=\"Gesch\u00e4tzte Lesezeit\" \/>\n\t<meta name=\"twitter:data1\" content=\"1\u00a0Minute\" \/>\n<script type=\"application\/ld+json\" class=\"yoast-schema-graph\">{\"@context\":\"https:\/\/schema.org\",\"@graph\":[{\"@type\":\"Organization\",\"@id\":\"https:\/\/www.best-bottles.de\/#organization\",\"name\":\"best-bottles.de\",\"url\":\"https:\/\/www.best-bottles.de\/\",\"sameAs\":[],\"logo\":{\"@type\":\"ImageObject\",\"@id\":\"https:\/\/www.best-bottles.de\/#logo\",\"inLanguage\":\"de\",\"url\":\"https:\/\/www.best-bottles.de\/wp-content\/uploads\/2016\/01\/logo.jpg\",\"contentUrl\":\"https:\/\/www.best-bottles.de\/wp-content\/uploads\/2016\/01\/logo.jpg\",\"width\":646,\"height\":646,\"caption\":\"best-bottles.de\"},\"image\":{\"@id\":\"https:\/\/www.best-bottles.de\/#logo\"}},{\"@type\":\"WebSite\",\"@id\":\"https:\/\/www.best-bottles.de\/#website\",\"url\":\"https:\/\/www.best-bottles.de\/\",\"name\":\"Best Bottles - Ihr Partner f\u00fcr RUM &amp; Co\",\"description\":\"Eine weitere WordPress-Seite\",\"publisher\":{\"@id\":\"https:\/\/www.best-bottles.de\/#organization\"},\"potentialAction\":[{\"@type\":\"SearchAction\",\"target\":{\"@type\":\"EntryPoint\",\"urlTemplate\":\"https:\/\/www.best-bottles.de\/?s={search_term_string}\"},\"query-input\":\"required name=search_term_string\"}],\"inLanguage\":\"de\"},{\"@type\":\"ImageObject\",\"@id\":\"https:\/\/www.best-bottles.de\/?product=pitu-07l-cachaca#primaryimage\",\"inLanguage\":\"de\",\"url\":\"https:\/\/www.best-bottles.de\/wp-content\/uploads\/2016\/04\/pitu-07l-front-label.jpg\",\"contentUrl\":\"https:\/\/www.best-bottles.de\/wp-content\/uploads\/2016\/04\/pitu-07l-front-label.jpg\",\"width\":1350,\"height\":1350},{\"@type\":\"WebPage\",\"@id\":\"https:\/\/www.best-bottles.de\/?product=pitu-07l-cachaca#webpage\",\"url\":\"https:\/\/www.best-bottles.de\/?product=pitu-07l-cachaca\",\"name\":\"PIT\u00da - Der Brasilianer f\u00fcr den Original PIT\u00darinha\",\"isPartOf\":{\"@id\":\"https:\/\/www.best-bottles.de\/#website\"},\"primaryImageOfPage\":{\"@id\":\"https:\/\/www.best-bottles.de\/?product=pitu-07l-cachaca#primaryimage\"},\"datePublished\":\"2016-04-28T18:00:59+00:00\",\"dateModified\":\"2016-07-17T11:32:09+00:00\",\"description\":\"PIT\u00da wird exclusiv in Brasilien aus dem Saft von handgeerntetem frischem Zuckerrohr destilliert. 12,99\u20ac [18,56\u20ac\/l]\",\"breadcrumb\":{\"@id\":\"https:\/\/www.best-bottles.de\/?product=pitu-07l-cachaca#breadcrumb\"},\"inLanguage\":\"de\",\"potentialAction\":[{\"@type\":\"ReadAction\",\"target\":[\"https:\/\/www.best-bottles.de\/?product=pitu-07l-cachaca\"]}]},{\"@type\":\"BreadcrumbList\",\"@id\":\"https:\/\/www.best-bottles.de\/?product=pitu-07l-cachaca#breadcrumb\",\"itemListElement\":[{\"@type\":\"ListItem\",\"position\":1,\"name\":\"Home\",\"item\":\"https:\/\/www.best-bottles.de\/\"},{\"@type\":\"ListItem\",\"position\":2,\"name\":\"Shop\",\"item\":\"https:\/\/www.best-bottles.de\/?page_id=4\"},{\"@type\":\"ListItem\",\"position\":3,\"name\":\"PIT\u00da 0,7l Cachaca\"}]}]}<\/script>\n<!-- \/ Yoast SEO plugin. -->","yoast_head_json":{"title":"PIT\u00da - Der Brasilianer f\u00fcr den Original PIT\u00darinha","description":"PIT\u00da wird exclusiv in Brasilien aus dem Saft von handgeerntetem frischem Zuckerrohr destilliert. 12,99\u20ac [18,56\u20ac\/l]","robots":{"index":"index","follow":"follow","max-snippet":"max-snippet:-1","max-image-preview":"max-image-preview:large","max-video-preview":"max-video-preview:-1"},"canonical":"https:\/\/www.best-bottles.de\/?product=pitu-07l-cachaca","og_locale":"de_DE","og_type":"article","og_title":"PIT\u00da - Der Brasilianer f\u00fcr den Original PIT\u00darinha","og_description":"PIT\u00da wird exclusiv in Brasilien aus dem Saft von handgeerntetem frischem Zuckerrohr destilliert. 12,99\u20ac [18,56\u20ac\/l]","og_url":"https:\/\/www.best-bottles.de\/?product=pitu-07l-cachaca","og_site_name":"Best Bottles - Ihr Partner f\u00fcr RUM &amp; Co","article_modified_time":"2016-07-17T11:32:09+00:00","og_image":[{"width":1350,"height":1350,"url":"https:\/\/www.best-bottles.de\/wp-content\/uploads\/2016\/04\/pitu-07l-front-label.jpg","type":"image\/jpeg"}],"twitter_card":"summary","twitter_misc":{"Gesch\u00e4tzte Lesezeit":"1\u00a0Minute"},"schema":{"@context":"https:\/\/schema.org","@graph":[{"@type":"Organization","@id":"https:\/\/www.best-bottles.de\/#organization","name":"best-bottles.de","url":"https:\/\/www.best-bottles.de\/","sameAs":[],"logo":{"@type":"ImageObject","@id":"https:\/\/www.best-bottles.de\/#logo","inLanguage":"de","url":"https:\/\/www.best-bottles.de\/wp-content\/uploads\/2016\/01\/logo.jpg","contentUrl":"https:\/\/www.best-bottles.de\/wp-content\/uploads\/2016\/01\/logo.jpg","width":646,"height":646,"caption":"best-bottles.de"},"image":{"@id":"https:\/\/www.best-bottles.de\/#logo"}},{"@type":"WebSite","@id":"https:\/\/www.best-bottles.de\/#website","url":"https:\/\/www.best-bottles.de\/","name":"Best Bottles - Ihr Partner f\u00fcr RUM &amp; Co","description":"Eine weitere WordPress-Seite","publisher":{"@id":"https:\/\/www.best-bottles.de\/#organization"},"potentialAction":[{"@type":"SearchAction","target":{"@type":"EntryPoint","urlTemplate":"https:\/\/www.best-bottles.de\/?s={search_term_string}"},"query-input":"required name=search_term_string"}],"inLanguage":"de"},{"@type":"ImageObject","@id":"https:\/\/www.best-bottles.de\/?product=pitu-07l-cachaca#primaryimage","inLanguage":"de","url":"https:\/\/www.best-bottles.de\/wp-content\/uploads\/2016\/04\/pitu-07l-front-label.jpg","contentUrl":"https:\/\/www.best-bottles.de\/wp-content\/uploads\/2016\/04\/pitu-07l-front-label.jpg","width":1350,"height":1350},{"@type":"WebPage","@id":"https:\/\/www.best-bottles.de\/?product=pitu-07l-cachaca#webpage","url":"https:\/\/www.best-bottles.de\/?product=pitu-07l-cachaca","name":"PIT\u00da - Der Brasilianer f\u00fcr den Original PIT\u00darinha","isPartOf":{"@id":"https:\/\/www.best-bottles.de\/#website"},"primaryImageOfPage":{"@id":"https:\/\/www.best-bottles.de\/?product=pitu-07l-cachaca#primaryimage"},"datePublished":"2016-04-28T18:00:59+00:00","dateModified":"2016-07-17T11:32:09+00:00","description":"PIT\u00da wird exclusiv in Brasilien aus dem Saft von handgeerntetem frischem Zuckerrohr destilliert. 12,99\u20ac [18,56\u20ac\/l]","breadcrumb":{"@id":"https:\/\/www.best-bottles.de\/?product=pitu-07l-cachaca#breadcrumb"},"inLanguage":"de","potentialAction":[{"@type":"ReadAction","target":["https:\/\/www.best-bottles.de\/?product=pitu-07l-cachaca"]}]},{"@type":"BreadcrumbList","@id":"https:\/\/www.best-bottles.de\/?product=pitu-07l-cachaca#breadcrumb","itemListElement":[{"@type":"ListItem","position":1,"name":"Home","item":"https:\/\/www.best-bottles.de\/"},{"@type":"ListItem","position":2,"name":"Shop","item":"https:\/\/www.best-bottles.de\/?page_id=4"},{"@type":"ListItem","position":3,"name":"PIT\u00da 0,7l Cachaca"}]}]}},"_links":{"self":[{"href":"https:\/\/www.best-bottles.de\/index.php?rest_route=\/wp\/v2\/product\/1099"}],"collection":[{"href":"https:\/\/www.best-bottles.de\/index.php?rest_route=\/wp\/v2\/product"}],"about":[{"href":"https:\/\/www.best-bottles.de\/index.php?rest_route=\/wp\/v2\/types\/product"}],"replies":[{"embeddable":true,"href":"https:\/\/www.best-bottles.de\/index.php?rest_route=%2Fwp%2Fv2%2Fcomments&post=1099"}],"wp:featuredmedia":[{"embeddable":true,"href":"https:\/\/www.best-bottles.de\/index.php?rest_route=\/wp\/v2\/media\/932"}],"wp:attachment":[{"href":"https:\/\/www.best-bottles.de\/index.php?rest_route=%2Fwp%2Fv2%2Fmedia&parent=1099"}],"wp:term":[{"taxonomy":"product_cat","embeddable":true,"href":"https:\/\/www.best-bottles.de\/index.php?rest_route=%2Fwp%2Fv2%2Fproduct_cat&post=1099"},{"taxonomy":"product_tag","embeddable":true,"href":"https:\/\/www.best-bottles.de\/index.php?rest_route=%2Fwp%2Fv2%2Fproduct_tag&post=1099"}],"curies":[{"name":"wp","href":"https:\/\/api.w.org\/{rel}","templated":true}]}}