{"id":1089,"date":"2016-05-17T20:52:04","date_gmt":"2016-05-17T18:52:04","guid":{"rendered":"https:\/\/www.best-bottles.de\/nl\/produkt\/unkategorisiert\/havana-club-boston-shaker\/"},"modified":"2022-12-09T10:00:45","modified_gmt":"2022-12-09T09:00:45","slug":"havana-club-boston-shaker","status":"publish","type":"product","link":"https:\/\/www.best-bottles.de\/?product=havana-club-boston-shaker","title":{"rendered":"Havana Club Boston Shaker"},"content":{"rendered":"<h2>Havana Club Boston Shaker<\/h2>\n<figure id=\"attachment_1021\" aria-describedby=\"caption-attachment-1021\" style=\"width: 300px\" class=\"wp-caption alignleft\"><a href=\"https:\/\/www.best-bottles.de\/wp-content\/uploads\/2016\/05\/havana-club-boston-shaker-logo.jpg\"><img loading=\"lazy\" class=\"wp-image-1021 size-medium\" title=\"havana club boston shaker logo\" src=\"https:\/\/www.best-bottles.de\/wp-content\/uploads\/2016\/05\/havana-club-boston-shaker-logo-300x300.jpg\" alt=\"havana club boston shaker logo\" width=\"300\" height=\"300\" srcset=\"https:\/\/www.best-bottles.de\/wp-content\/uploads\/2016\/05\/havana-club-boston-shaker-logo-300x300.jpg 300w, https:\/\/www.best-bottles.de\/wp-content\/uploads\/2016\/05\/havana-club-boston-shaker-logo-450x450.jpg 450w, https:\/\/www.best-bottles.de\/wp-content\/uploads\/2016\/05\/havana-club-boston-shaker-logo-100x100.jpg 100w, https:\/\/www.best-bottles.de\/wp-content\/uploads\/2016\/05\/havana-club-boston-shaker-logo-80x80.jpg 80w, https:\/\/www.best-bottles.de\/wp-content\/uploads\/2016\/05\/havana-club-boston-shaker-logo-768x768.jpg 768w, https:\/\/www.best-bottles.de\/wp-content\/uploads\/2016\/05\/havana-club-boston-shaker-logo-1030x1030.jpg 1030w, https:\/\/www.best-bottles.de\/wp-content\/uploads\/2016\/05\/havana-club-boston-shaker-logo-65x65.jpg 65w, https:\/\/www.best-bottles.de\/wp-content\/uploads\/2016\/05\/havana-club-boston-shaker-logo-36x36.jpg 36w, https:\/\/www.best-bottles.de\/wp-content\/uploads\/2016\/05\/havana-club-boston-shaker-logo-180x180.jpg 180w, https:\/\/www.best-bottles.de\/wp-content\/uploads\/2016\/05\/havana-club-boston-shaker-logo-705x705.jpg 705w, https:\/\/www.best-bottles.de\/wp-content\/uploads\/2016\/05\/havana-club-boston-shaker-logo.jpg 1350w\" sizes=\"(max-width: 300px) 100vw, 300px\" \/><\/a><figcaption id=\"caption-attachment-1021\" class=\"wp-caption-text\">havana club boston shaker<\/figcaption><\/figure>\n<p>Ein Boston Shaker ist ein Cocktail-Shaker, der nur aus einer gr\u00f6\u00dferen Oberschale besteht und als Unterschale ein kleineres Glas nutzt. Nachdem Zutaten und Eis in das Glas gef\u00fcllt wurden, wird die Metall Oberschale leicht schr\u00e4g auf das Glas gest\u00fclp und mit einem Schlag fixiert. Nach dem mixen wird der Shaker mit dem Metalloberteil auf den Tisch gestellt und das Glas mit einem leichten Schlag gel\u00f6st. Der cocktail wird nun durch ein Barsieb in das eigentliche Trinkglas abgeseiht.<\/p>\n<p>Der Boston Shaker ist leichter zu reinigen und die Barkeeper k\u00f6nnen schneller damit arbeiten, weshalb er gerade im Prodi-Bereich sehr beliebt ist. Er erfordert zum abseihen allerdings ein zus\u00e4tzliches Barsieb.<\/p>\n<p>Dieser Boston Shaker beseitzt ein sh\u00f6nes Havana Club Logo auf der Oberschale.<\/p>\n<p><strong>Beachten Sie Bitte:<\/strong> Das beim Sch\u00fcttel, die Oberschale fest fixiert ist und die Oberschale immer in Richtung Gaste gesch\u00fcttelt wird. \u00dcben Sie etwas und Sie werden sich in Ihren Boston Shaker verlieben.<\/p>\n<p>&nbsp;<\/p>\n","protected":false},"excerpt":{"rendered":"<p>Havana Club Boston Shaker Ein Boston Shaker ist ein Cocktail-Shaker, der nur aus einer gr\u00f6\u00dferen Oberschale besteht und als Unterschale [&hellip;]<\/p>\n","protected":false},"featured_media":1019,"comment_status":"open","ping_status":"closed","template":"","meta":{"site-sidebar-layout":"default","site-content-layout":"","ast-site-content-layout":"default","site-content-style":"default","site-sidebar-style":"default","ast-global-header-display":"","ast-banner-title-visibility":"","ast-main-header-display":"","ast-hfb-above-header-display":"","ast-hfb-below-header-display":"","ast-hfb-mobile-header-display":"","site-post-title":"","ast-breadcrumbs-content":"","ast-featured-img":"","footer-sml-layout":"","theme-transparent-header-meta":"","adv-header-id-meta":"","stick-header-meta":"","header-above-stick-meta":"","header-main-stick-meta":"","header-below-stick-meta":"","astra-migrate-meta-layouts":"default","ast-page-background-enabled":"default","ast-page-background-meta":{"desktop":{"background-color":"var(--ast-global-color-5)","background-image":"","background-repeat":"repeat","background-position":"center center","background-size":"auto","background-attachment":"scroll","background-type":"","background-media":"","overlay-type":"","overlay-color":"","overlay-opacity":"","overlay-gradient":""},"tablet":{"background-color":"","background-image":"","background-repeat":"repeat","background-position":"center center","background-size":"auto","background-attachment":"scroll","background-type":"","background-media":"","overlay-type":"","overlay-color":"","overlay-opacity":"","overlay-gradient":""},"mobile":{"background-color":"","background-image":"","background-repeat":"repeat","background-position":"center center","background-size":"auto","background-attachment":"scroll","background-type":"","background-media":"","overlay-type":"","overlay-color":"","overlay-opacity":"","overlay-gradient":""}},"ast-content-background-meta":{"desktop":{"background-color":"var(--ast-global-color-4)","background-image":"","background-repeat":"repeat","background-position":"center center","background-size":"auto","background-attachment":"scroll","background-type":"","background-media":"","overlay-type":"","overlay-color":"","overlay-opacity":"","overlay-gradient":""},"tablet":{"background-color":"var(--ast-global-color-4)","background-image":"","background-repeat":"repeat","background-position":"center center","background-size":"auto","background-attachment":"scroll","background-type":"","background-media":"","overlay-type":"","overlay-color":"","overlay-opacity":"","overlay-gradient":""},"mobile":{"background-color":"var(--ast-global-color-4)","background-image":"","background-repeat":"repeat","background-position":"center center","background-size":"auto","background-attachment":"scroll","background-type":"","background-media":"","overlay-type":"","overlay-color":"","overlay-opacity":"","overlay-gradient":""}}},"product_cat":[135],"product_tag":[102,137],"yoast_head":"<!-- This site is optimized with the Yoast SEO plugin v18.6 - https:\/\/yoast.com\/wordpress\/plugins\/seo\/ -->\n<title>Havana Club Boston Shaker - Barzubeh\u00f6r bei best-bottles<\/title>\n<meta name=\"description\" content=\"Hier bitene wir einen wundersch\u00f6nen Havana Club Boston Shaker an. Er macht sich gut in jeder BAR; Eignet sich aber auch als Geschenk.\" \/>\n<meta name=\"robots\" content=\"index, follow, max-snippet:-1, max-image-preview:large, max-video-preview:-1\" \/>\n<link rel=\"canonical\" href=\"https:\/\/www.best-bottles.de\/?product=havana-club-boston-shaker\" \/>\n<meta property=\"og:locale\" content=\"de_DE\" \/>\n<meta property=\"og:type\" content=\"article\" \/>\n<meta property=\"og:title\" content=\"Havana Club Boston Shaker - Barzubeh\u00f6r bei best-bottles\" \/>\n<meta property=\"og:description\" content=\"Hier bitene wir einen wundersch\u00f6nen Havana Club Boston Shaker an. Er macht sich gut in jeder BAR; Eignet sich aber auch als Geschenk.\" \/>\n<meta property=\"og:url\" content=\"https:\/\/www.best-bottles.de\/?product=havana-club-boston-shaker\" \/>\n<meta property=\"og:site_name\" content=\"Best Bottles - Ihr Partner f\u00fcr RUM &amp; Co\" \/>\n<meta property=\"article:modified_time\" content=\"2022-12-09T09:00:45+00:00\" \/>\n<meta property=\"og:image\" content=\"https:\/\/www.best-bottles.de\/wp-content\/uploads\/2016\/05\/havana-club-boston-shaker.jpg\" \/>\n<meta name=\"twitter:card\" content=\"summary\" \/>\n<meta name=\"twitter:title\" content=\"Havana Club Boston Shaker - Barzubeh\u00f6r bei best-bottles\" \/>\n<meta name=\"twitter:description\" content=\"Hier bitene wir einen wundersch\u00f6nen Havana Club Boston Shaker an. Er macht sich gut in jeder BAR; Eignet sich aber auch als Geschenk.\" \/>\n<meta name=\"twitter:image\" content=\"https:\/\/www.best-bottles.de\/wp-content\/uploads\/2016\/05\/havana-club-boston-shaker.jpg\" \/>\n<meta name=\"twitter:label1\" content=\"Gesch\u00e4tzte Lesezeit\" \/>\n\t<meta name=\"twitter:data1\" content=\"1\u00a0Minute\" \/>\n<script type=\"application\/ld+json\" class=\"yoast-schema-graph\">{\"@context\":\"https:\/\/schema.org\",\"@graph\":[{\"@type\":\"Organization\",\"@id\":\"https:\/\/www.best-bottles.de\/#organization\",\"name\":\"best-bottles.de\",\"url\":\"https:\/\/www.best-bottles.de\/\",\"sameAs\":[],\"logo\":{\"@type\":\"ImageObject\",\"@id\":\"https:\/\/www.best-bottles.de\/#logo\",\"inLanguage\":\"de\",\"url\":\"https:\/\/www.best-bottles.de\/wp-content\/uploads\/2016\/01\/logo.jpg\",\"contentUrl\":\"https:\/\/www.best-bottles.de\/wp-content\/uploads\/2016\/01\/logo.jpg\",\"width\":646,\"height\":646,\"caption\":\"best-bottles.de\"},\"image\":{\"@id\":\"https:\/\/www.best-bottles.de\/#logo\"}},{\"@type\":\"WebSite\",\"@id\":\"https:\/\/www.best-bottles.de\/#website\",\"url\":\"https:\/\/www.best-bottles.de\/\",\"name\":\"Best Bottles - Ihr Partner f\u00fcr RUM &amp; Co\",\"description\":\"Eine weitere WordPress-Seite\",\"publisher\":{\"@id\":\"https:\/\/www.best-bottles.de\/#organization\"},\"potentialAction\":[{\"@type\":\"SearchAction\",\"target\":{\"@type\":\"EntryPoint\",\"urlTemplate\":\"https:\/\/www.best-bottles.de\/?s={search_term_string}\"},\"query-input\":\"required name=search_term_string\"}],\"inLanguage\":\"de\"},{\"@type\":\"ImageObject\",\"@id\":\"https:\/\/www.best-bottles.de\/?product=havana-club-boston-shaker#primaryimage\",\"inLanguage\":\"de\",\"url\":\"\",\"contentUrl\":\"\"},{\"@type\":\"WebPage\",\"@id\":\"https:\/\/www.best-bottles.de\/?product=havana-club-boston-shaker#webpage\",\"url\":\"https:\/\/www.best-bottles.de\/?product=havana-club-boston-shaker\",\"name\":\"Havana Club Boston Shaker - Barzubeh\u00f6r bei best-bottles\",\"isPartOf\":{\"@id\":\"https:\/\/www.best-bottles.de\/#website\"},\"primaryImageOfPage\":{\"@id\":\"https:\/\/www.best-bottles.de\/?product=havana-club-boston-shaker#primaryimage\"},\"datePublished\":\"2016-05-17T18:52:04+00:00\",\"dateModified\":\"2022-12-09T09:00:45+00:00\",\"description\":\"Hier bitene wir einen wundersch\u00f6nen Havana Club Boston Shaker an. Er macht sich gut in jeder BAR; Eignet sich aber auch als Geschenk.\",\"breadcrumb\":{\"@id\":\"https:\/\/www.best-bottles.de\/?product=havana-club-boston-shaker#breadcrumb\"},\"inLanguage\":\"de\",\"potentialAction\":[{\"@type\":\"ReadAction\",\"target\":[\"https:\/\/www.best-bottles.de\/?product=havana-club-boston-shaker\"]}]},{\"@type\":\"BreadcrumbList\",\"@id\":\"https:\/\/www.best-bottles.de\/?product=havana-club-boston-shaker#breadcrumb\",\"itemListElement\":[{\"@type\":\"ListItem\",\"position\":1,\"name\":\"Home\",\"item\":\"https:\/\/www.best-bottles.de\/\"},{\"@type\":\"ListItem\",\"position\":2,\"name\":\"Shop\",\"item\":\"https:\/\/www.best-bottles.de\/?page_id=4\"},{\"@type\":\"ListItem\",\"position\":3,\"name\":\"Havana Club Boston Shaker\"}]}]}<\/script>\n<!-- \/ Yoast SEO plugin. -->","yoast_head_json":{"title":"Havana Club Boston Shaker - Barzubeh\u00f6r bei best-bottles","description":"Hier bitene wir einen wundersch\u00f6nen Havana Club Boston Shaker an. Er macht sich gut in jeder BAR; Eignet sich aber auch als Geschenk.","robots":{"index":"index","follow":"follow","max-snippet":"max-snippet:-1","max-image-preview":"max-image-preview:large","max-video-preview":"max-video-preview:-1"},"canonical":"https:\/\/www.best-bottles.de\/?product=havana-club-boston-shaker","og_locale":"de_DE","og_type":"article","og_title":"Havana Club Boston Shaker - Barzubeh\u00f6r bei best-bottles","og_description":"Hier bitene wir einen wundersch\u00f6nen Havana Club Boston Shaker an. Er macht sich gut in jeder BAR; Eignet sich aber auch als Geschenk.","og_url":"https:\/\/www.best-bottles.de\/?product=havana-club-boston-shaker","og_site_name":"Best Bottles - Ihr Partner f\u00fcr RUM &amp; Co","article_modified_time":"2022-12-09T09:00:45+00:00","og_image":[{"url":"https:\/\/www.best-bottles.de\/wp-content\/uploads\/2016\/05\/havana-club-boston-shaker.jpg"}],"twitter_card":"summary","twitter_title":"Havana Club Boston Shaker - Barzubeh\u00f6r bei best-bottles","twitter_description":"Hier bitene wir einen wundersch\u00f6nen Havana Club Boston Shaker an. Er macht sich gut in jeder BAR; Eignet sich aber auch als Geschenk.","twitter_image":"https:\/\/www.best-bottles.de\/wp-content\/uploads\/2016\/05\/havana-club-boston-shaker.jpg","twitter_misc":{"Gesch\u00e4tzte Lesezeit":"1\u00a0Minute"},"schema":{"@context":"https:\/\/schema.org","@graph":[{"@type":"Organization","@id":"https:\/\/www.best-bottles.de\/#organization","name":"best-bottles.de","url":"https:\/\/www.best-bottles.de\/","sameAs":[],"logo":{"@type":"ImageObject","@id":"https:\/\/www.best-bottles.de\/#logo","inLanguage":"de","url":"https:\/\/www.best-bottles.de\/wp-content\/uploads\/2016\/01\/logo.jpg","contentUrl":"https:\/\/www.best-bottles.de\/wp-content\/uploads\/2016\/01\/logo.jpg","width":646,"height":646,"caption":"best-bottles.de"},"image":{"@id":"https:\/\/www.best-bottles.de\/#logo"}},{"@type":"WebSite","@id":"https:\/\/www.best-bottles.de\/#website","url":"https:\/\/www.best-bottles.de\/","name":"Best Bottles - Ihr Partner f\u00fcr RUM &amp; Co","description":"Eine weitere WordPress-Seite","publisher":{"@id":"https:\/\/www.best-bottles.de\/#organization"},"potentialAction":[{"@type":"SearchAction","target":{"@type":"EntryPoint","urlTemplate":"https:\/\/www.best-bottles.de\/?s={search_term_string}"},"query-input":"required name=search_term_string"}],"inLanguage":"de"},{"@type":"ImageObject","@id":"https:\/\/www.best-bottles.de\/?product=havana-club-boston-shaker#primaryimage","inLanguage":"de","url":"","contentUrl":""},{"@type":"WebPage","@id":"https:\/\/www.best-bottles.de\/?product=havana-club-boston-shaker#webpage","url":"https:\/\/www.best-bottles.de\/?product=havana-club-boston-shaker","name":"Havana Club Boston Shaker - Barzubeh\u00f6r bei best-bottles","isPartOf":{"@id":"https:\/\/www.best-bottles.de\/#website"},"primaryImageOfPage":{"@id":"https:\/\/www.best-bottles.de\/?product=havana-club-boston-shaker#primaryimage"},"datePublished":"2016-05-17T18:52:04+00:00","dateModified":"2022-12-09T09:00:45+00:00","description":"Hier bitene wir einen wundersch\u00f6nen Havana Club Boston Shaker an. Er macht sich gut in jeder BAR; Eignet sich aber auch als Geschenk.","breadcrumb":{"@id":"https:\/\/www.best-bottles.de\/?product=havana-club-boston-shaker#breadcrumb"},"inLanguage":"de","potentialAction":[{"@type":"ReadAction","target":["https:\/\/www.best-bottles.de\/?product=havana-club-boston-shaker"]}]},{"@type":"BreadcrumbList","@id":"https:\/\/www.best-bottles.de\/?product=havana-club-boston-shaker#breadcrumb","itemListElement":[{"@type":"ListItem","position":1,"name":"Home","item":"https:\/\/www.best-bottles.de\/"},{"@type":"ListItem","position":2,"name":"Shop","item":"https:\/\/www.best-bottles.de\/?page_id=4"},{"@type":"ListItem","position":3,"name":"Havana Club Boston Shaker"}]}]}},"_links":{"self":[{"href":"https:\/\/www.best-bottles.de\/index.php?rest_route=\/wp\/v2\/product\/1089"}],"collection":[{"href":"https:\/\/www.best-bottles.de\/index.php?rest_route=\/wp\/v2\/product"}],"about":[{"href":"https:\/\/www.best-bottles.de\/index.php?rest_route=\/wp\/v2\/types\/product"}],"replies":[{"embeddable":true,"href":"https:\/\/www.best-bottles.de\/index.php?rest_route=%2Fwp%2Fv2%2Fcomments&post=1089"}],"wp:featuredmedia":[{"embeddable":true,"href":"https:\/\/www.best-bottles.de\/index.php?rest_route=\/wp\/v2\/media\/1019"}],"wp:attachment":[{"href":"https:\/\/www.best-bottles.de\/index.php?rest_route=%2Fwp%2Fv2%2Fmedia&parent=1089"}],"wp:term":[{"taxonomy":"product_cat","embeddable":true,"href":"https:\/\/www.best-bottles.de\/index.php?rest_route=%2Fwp%2Fv2%2Fproduct_cat&post=1089"},{"taxonomy":"product_tag","embeddable":true,"href":"https:\/\/www.best-bottles.de\/index.php?rest_route=%2Fwp%2Fv2%2Fproduct_tag&post=1089"}],"curies":[{"name":"wp","href":"https:\/\/api.w.org\/{rel}","templated":true}]}}