{"id":638,"date":"2016-03-25T14:14:45","date_gmt":"2016-03-25T13:14:45","guid":{"rendered":"https:\/\/www.best-bottles.de\/?page_id=638"},"modified":"2016-06-05T11:59:05","modified_gmt":"2016-06-05T09:59:05","slug":"cocktails","status":"publish","type":"page","link":"https:\/\/www.best-bottles.de\/?page_id=638","title":{"rendered":"Cocktails"},"content":{"rendered":"<p>Wir wollen Ihnen an dieser Stelle einige interessante und vor allem sehr leckere Cocktail vorstellen. Sie k\u00f6nnen sich hier Anregungen f\u00fcr Ihre n\u00e4chste Party holen, unabh\u00e4ngig ob Sie die Spirituosen zu den Cocktails bei uns im Online-Versand bestellen.<\/p>\n<h2>Cocktails mit Rum<\/h2>\n<p>&nbsp;<\/p>\n","protected":false},"excerpt":{"rendered":"<p>Wir wollen Ihnen an dieser Stelle einige interessante und vor allem sehr leckere Cocktail vorstellen. Sie k\u00f6nnen sich hier Anregungen f\u00fcr Ihre n\u00e4chste Party holen, unabh\u00e4ngig ob Sie die Spirituosen zu den Cocktails bei uns im Online-Versand bestellen.<\/p>\n","protected":false},"author":1,"featured_media":120,"parent":0,"menu_order":0,"comment_status":"closed","ping_status":"closed","template":"","meta":{"site-sidebar-layout":"default","site-content-layout":"","ast-site-content-layout":"default","site-content-style":"default","site-sidebar-style":"default","ast-global-header-display":"","ast-banner-title-visibility":"","ast-main-header-display":"","ast-hfb-above-header-display":"","ast-hfb-below-header-display":"","ast-hfb-mobile-header-display":"","site-post-title":"","ast-breadcrumbs-content":"","ast-featured-img":"","footer-sml-layout":"","theme-transparent-header-meta":"","adv-header-id-meta":"","stick-header-meta":"","header-above-stick-meta":"","header-main-stick-meta":"","header-below-stick-meta":"","astra-migrate-meta-layouts":"default","ast-page-background-enabled":"default","ast-page-background-meta":{"desktop":{"background-color":"var(--ast-global-color-5)","background-image":"","background-repeat":"repeat","background-position":"center center","background-size":"auto","background-attachment":"scroll","background-type":"","background-media":"","overlay-type":"","overlay-color":"","overlay-opacity":"","overlay-gradient":""},"tablet":{"background-color":"","background-image":"","background-repeat":"repeat","background-position":"center center","background-size":"auto","background-attachment":"scroll","background-type":"","background-media":"","overlay-type":"","overlay-color":"","overlay-opacity":"","overlay-gradient":""},"mobile":{"background-color":"","background-image":"","background-repeat":"repeat","background-position":"center center","background-size":"auto","background-attachment":"scroll","background-type":"","background-media":"","overlay-type":"","overlay-color":"","overlay-opacity":"","overlay-gradient":""}},"ast-content-background-meta":{"desktop":{"background-color":"var(--ast-global-color-4)","background-image":"","background-repeat":"repeat","background-position":"center center","background-size":"auto","background-attachment":"scroll","background-type":"","background-media":"","overlay-type":"","overlay-color":"","overlay-opacity":"","overlay-gradient":""},"tablet":{"background-color":"var(--ast-global-color-4)","background-image":"","background-repeat":"repeat","background-position":"center center","background-size":"auto","background-attachment":"scroll","background-type":"","background-media":"","overlay-type":"","overlay-color":"","overlay-opacity":"","overlay-gradient":""},"mobile":{"background-color":"var(--ast-global-color-4)","background-image":"","background-repeat":"repeat","background-position":"center center","background-size":"auto","background-attachment":"scroll","background-type":"","background-media":"","overlay-type":"","overlay-color":"","overlay-opacity":"","overlay-gradient":""}}},"tags":[150,153,149,117,24,23,152,25,26,151,20,29,154],"yoast_head":"<!-- This site is optimized with the Yoast SEO plugin v18.6 - https:\/\/yoast.com\/wordpress\/plugins\/seo\/ -->\n<title>Cocktails - \u00dcbersicht bei best-bottles.de<\/title>\n<meta name=\"description\" content=\"best-bottles.de stellt Ihnen hier verschiedene leckere Cocktails vor. Klassiker wie Cuba Libre, aber auch ausgefallenes...\" \/>\n<meta name=\"robots\" content=\"index, follow, max-snippet:-1, max-image-preview:large, max-video-preview:-1\" \/>\n<link rel=\"canonical\" href=\"https:\/\/www.best-bottles.de\/?page_id=638\" \/>\n<meta property=\"og:locale\" content=\"de_DE\" \/>\n<meta property=\"og:type\" content=\"article\" \/>\n<meta property=\"og:title\" content=\"Cocktails - \u00dcbersicht bei best-bottles.de\" \/>\n<meta property=\"og:description\" content=\"best-bottles.de stellt Ihnen hier verschiedene leckere Cocktails vor. Klassiker wie Cuba Libre, aber auch ausgefallenes...\" \/>\n<meta property=\"og:url\" content=\"https:\/\/www.best-bottles.de\/?page_id=638\" \/>\n<meta property=\"og:site_name\" content=\"Best Bottles - Ihr Partner f\u00fcr RUM &amp; Co\" \/>\n<meta property=\"article:modified_time\" content=\"2016-06-05T09:59:05+00:00\" \/>\n<meta property=\"og:image\" content=\"https:\/\/www.best-bottles.de\/wp-content\/uploads\/2015\/12\/bacardi-cola.jpg\" \/>\n<meta name=\"twitter:card\" content=\"summary\" \/>\n<meta name=\"twitter:title\" content=\"Cocktails - \u00dcbersicht bei best-bottles.de\" \/>\n<meta name=\"twitter:description\" content=\"best-bottles.de stellt Ihnen hier verschiedene leckere Cocktails vor. Klassiker wie Cuba Libre, aber auch ausgefallenes...\" \/>\n<meta name=\"twitter:image\" content=\"https:\/\/www.best-bottles.de\/wp-content\/uploads\/2015\/12\/bacardi-cola.jpg\" \/>\n<script type=\"application\/ld+json\" class=\"yoast-schema-graph\">{\"@context\":\"https:\/\/schema.org\",\"@graph\":[{\"@type\":\"Organization\",\"@id\":\"https:\/\/www.best-bottles.de\/#organization\",\"name\":\"best-bottles.de\",\"url\":\"https:\/\/www.best-bottles.de\/\",\"sameAs\":[],\"logo\":{\"@type\":\"ImageObject\",\"@id\":\"https:\/\/www.best-bottles.de\/#logo\",\"inLanguage\":\"de\",\"url\":\"https:\/\/www.best-bottles.de\/wp-content\/uploads\/2016\/01\/logo.jpg\",\"contentUrl\":\"https:\/\/www.best-bottles.de\/wp-content\/uploads\/2016\/01\/logo.jpg\",\"width\":646,\"height\":646,\"caption\":\"best-bottles.de\"},\"image\":{\"@id\":\"https:\/\/www.best-bottles.de\/#logo\"}},{\"@type\":\"WebSite\",\"@id\":\"https:\/\/www.best-bottles.de\/#website\",\"url\":\"https:\/\/www.best-bottles.de\/\",\"name\":\"Best Bottles - Ihr Partner f\u00fcr RUM &amp; Co\",\"description\":\"Eine weitere WordPress-Seite\",\"publisher\":{\"@id\":\"https:\/\/www.best-bottles.de\/#organization\"},\"potentialAction\":[{\"@type\":\"SearchAction\",\"target\":{\"@type\":\"EntryPoint\",\"urlTemplate\":\"https:\/\/www.best-bottles.de\/?s={search_term_string}\"},\"query-input\":\"required name=search_term_string\"}],\"inLanguage\":\"de\"},{\"@type\":\"ImageObject\",\"@id\":\"https:\/\/www.best-bottles.de\/?page_id=638#primaryimage\",\"inLanguage\":\"de\",\"url\":\"\",\"contentUrl\":\"\"},{\"@type\":\"WebPage\",\"@id\":\"https:\/\/www.best-bottles.de\/?page_id=638#webpage\",\"url\":\"https:\/\/www.best-bottles.de\/?page_id=638\",\"name\":\"Cocktails - \u00dcbersicht bei best-bottles.de\",\"isPartOf\":{\"@id\":\"https:\/\/www.best-bottles.de\/#website\"},\"primaryImageOfPage\":{\"@id\":\"https:\/\/www.best-bottles.de\/?page_id=638#primaryimage\"},\"datePublished\":\"2016-03-25T13:14:45+00:00\",\"dateModified\":\"2016-06-05T09:59:05+00:00\",\"description\":\"best-bottles.de stellt Ihnen hier verschiedene leckere Cocktails vor. Klassiker wie Cuba Libre, aber auch ausgefallenes...\",\"breadcrumb\":{\"@id\":\"https:\/\/www.best-bottles.de\/?page_id=638#breadcrumb\"},\"inLanguage\":\"de\",\"potentialAction\":[{\"@type\":\"ReadAction\",\"target\":[\"https:\/\/www.best-bottles.de\/?page_id=638\"]}]},{\"@type\":\"BreadcrumbList\",\"@id\":\"https:\/\/www.best-bottles.de\/?page_id=638#breadcrumb\",\"itemListElement\":[{\"@type\":\"ListItem\",\"position\":1,\"name\":\"Home\",\"item\":\"https:\/\/www.best-bottles.de\/\"},{\"@type\":\"ListItem\",\"position\":2,\"name\":\"Cocktails\"}]}]}<\/script>\n<!-- \/ Yoast SEO plugin. -->","yoast_head_json":{"title":"Cocktails - \u00dcbersicht bei best-bottles.de","description":"best-bottles.de stellt Ihnen hier verschiedene leckere Cocktails vor. Klassiker wie Cuba Libre, aber auch ausgefallenes...","robots":{"index":"index","follow":"follow","max-snippet":"max-snippet:-1","max-image-preview":"max-image-preview:large","max-video-preview":"max-video-preview:-1"},"canonical":"https:\/\/www.best-bottles.de\/?page_id=638","og_locale":"de_DE","og_type":"article","og_title":"Cocktails - \u00dcbersicht bei best-bottles.de","og_description":"best-bottles.de stellt Ihnen hier verschiedene leckere Cocktails vor. Klassiker wie Cuba Libre, aber auch ausgefallenes...","og_url":"https:\/\/www.best-bottles.de\/?page_id=638","og_site_name":"Best Bottles - Ihr Partner f\u00fcr RUM &amp; Co","article_modified_time":"2016-06-05T09:59:05+00:00","og_image":[{"url":"https:\/\/www.best-bottles.de\/wp-content\/uploads\/2015\/12\/bacardi-cola.jpg"}],"twitter_card":"summary","twitter_title":"Cocktails - \u00dcbersicht bei best-bottles.de","twitter_description":"best-bottles.de stellt Ihnen hier verschiedene leckere Cocktails vor. Klassiker wie Cuba Libre, aber auch ausgefallenes...","twitter_image":"https:\/\/www.best-bottles.de\/wp-content\/uploads\/2015\/12\/bacardi-cola.jpg","schema":{"@context":"https:\/\/schema.org","@graph":[{"@type":"Organization","@id":"https:\/\/www.best-bottles.de\/#organization","name":"best-bottles.de","url":"https:\/\/www.best-bottles.de\/","sameAs":[],"logo":{"@type":"ImageObject","@id":"https:\/\/www.best-bottles.de\/#logo","inLanguage":"de","url":"https:\/\/www.best-bottles.de\/wp-content\/uploads\/2016\/01\/logo.jpg","contentUrl":"https:\/\/www.best-bottles.de\/wp-content\/uploads\/2016\/01\/logo.jpg","width":646,"height":646,"caption":"best-bottles.de"},"image":{"@id":"https:\/\/www.best-bottles.de\/#logo"}},{"@type":"WebSite","@id":"https:\/\/www.best-bottles.de\/#website","url":"https:\/\/www.best-bottles.de\/","name":"Best Bottles - Ihr Partner f\u00fcr RUM &amp; Co","description":"Eine weitere WordPress-Seite","publisher":{"@id":"https:\/\/www.best-bottles.de\/#organization"},"potentialAction":[{"@type":"SearchAction","target":{"@type":"EntryPoint","urlTemplate":"https:\/\/www.best-bottles.de\/?s={search_term_string}"},"query-input":"required name=search_term_string"}],"inLanguage":"de"},{"@type":"ImageObject","@id":"https:\/\/www.best-bottles.de\/?page_id=638#primaryimage","inLanguage":"de","url":"","contentUrl":""},{"@type":"WebPage","@id":"https:\/\/www.best-bottles.de\/?page_id=638#webpage","url":"https:\/\/www.best-bottles.de\/?page_id=638","name":"Cocktails - \u00dcbersicht bei best-bottles.de","isPartOf":{"@id":"https:\/\/www.best-bottles.de\/#website"},"primaryImageOfPage":{"@id":"https:\/\/www.best-bottles.de\/?page_id=638#primaryimage"},"datePublished":"2016-03-25T13:14:45+00:00","dateModified":"2016-06-05T09:59:05+00:00","description":"best-bottles.de stellt Ihnen hier verschiedene leckere Cocktails vor. Klassiker wie Cuba Libre, aber auch ausgefallenes...","breadcrumb":{"@id":"https:\/\/www.best-bottles.de\/?page_id=638#breadcrumb"},"inLanguage":"de","potentialAction":[{"@type":"ReadAction","target":["https:\/\/www.best-bottles.de\/?page_id=638"]}]},{"@type":"BreadcrumbList","@id":"https:\/\/www.best-bottles.de\/?page_id=638#breadcrumb","itemListElement":[{"@type":"ListItem","position":1,"name":"Home","item":"https:\/\/www.best-bottles.de\/"},{"@type":"ListItem","position":2,"name":"Cocktails"}]}]}},"_links":{"self":[{"href":"https:\/\/www.best-bottles.de\/index.php?rest_route=\/wp\/v2\/pages\/638"}],"collection":[{"href":"https:\/\/www.best-bottles.de\/index.php?rest_route=\/wp\/v2\/pages"}],"about":[{"href":"https:\/\/www.best-bottles.de\/index.php?rest_route=\/wp\/v2\/types\/page"}],"author":[{"embeddable":true,"href":"https:\/\/www.best-bottles.de\/index.php?rest_route=\/wp\/v2\/users\/1"}],"replies":[{"embeddable":true,"href":"https:\/\/www.best-bottles.de\/index.php?rest_route=%2Fwp%2Fv2%2Fcomments&post=638"}],"version-history":[{"count":3,"href":"https:\/\/www.best-bottles.de\/index.php?rest_route=\/wp\/v2\/pages\/638\/revisions"}],"predecessor-version":[{"id":697,"href":"https:\/\/www.best-bottles.de\/index.php?rest_route=\/wp\/v2\/pages\/638\/revisions\/697"}],"wp:featuredmedia":[{"embeddable":true,"href":"https:\/\/www.best-bottles.de\/index.php?rest_route=\/wp\/v2\/media\/120"}],"wp:attachment":[{"href":"https:\/\/www.best-bottles.de\/index.php?rest_route=%2Fwp%2Fv2%2Fmedia&parent=638"}],"wp:term":[{"taxonomy":"post_tag","embeddable":true,"href":"https:\/\/www.best-bottles.de\/index.php?rest_route=%2Fwp%2Fv2%2Ftags&post=638"}],"curies":[{"name":"wp","href":"https:\/\/api.w.org\/{rel}","templated":true}]}}