{"id":348,"date":"2016-01-12T20:57:55","date_gmt":"2016-01-12T19:57:55","guid":{"rendered":"http:\/\/www.best-bottles.de\/?page_id=348"},"modified":"2016-07-17T13:22:42","modified_gmt":"2016-07-17T11:22:42","slug":"black-russian-rezept","status":"publish","type":"page","link":"https:\/\/www.best-bottles.de\/?page_id=348","title":{"rendered":"Black Russian Rezept"},"content":{"rendered":"<p>[av_slideshow_full size=&#8217;featured&#8216; stretch=&#8220; animation=&#8217;slide&#8216; autoplay=&#8217;false&#8216; interval=&#8217;5&#8242; control_layout=&#8217;av-control-default&#8216; src=&#8220; attachment=&#8220; attachment_size=&#8220; position=&#8217;top left&#8216; repeat=&#8217;no-repeat&#8216; attach=&#8217;scroll&#8216;]<br \/>\n[av_slide_full slide_type=&#8217;image&#8216; id=&#8217;349&#8242; video=&#8217;http:\/\/&#8216; mobile_image=&#8220; video_format=&#8220; video_ratio=&#8217;16:9&#8242; title=&#8217;Black Russian Rezept&#8216; custom_title_size=&#8220; custom_content_size=&#8220; caption_pos=&#8217;caption_bottom&#8216; link_apply=&#8220; link=&#8217;lightbox&#8216; link_target=&#8220; button_label=&#8217;Click me&#8216; button_color=&#8217;light&#8216; link1=&#8217;manually,http:\/\/&#8216; link_target1=&#8220; button_label2=&#8217;Click me&#8216; button_color2=&#8217;light&#8216; link2=&#8217;manually,http:\/\/&#8216; link_target2=&#8220; font_color=&#8220; custom_title=&#8220; custom_content=&#8220; overlay_opacity=&#8217;0.5&#8242; overlay_color=&#8220; overlay_pattern=&#8220; overlay_custom_pattern=&#8220;]<br \/>\nDer starke Bruder des White Russian<br \/>\n[\/av_slide_full]<br \/>\n[\/av_slideshow_full]<\/p>\n<p>[av_textblock size=&#8220; font_color=&#8220; color=&#8220;]<\/p>\n<h2>Zutaten zum Black Russian Rezept<\/h2>\n<p>[\/av_textblock]<\/p>\n<p>[av_table purpose=&#8217;pricing&#8216; pricing_table_design=&#8217;avia_pricing_default&#8216; pricing_hidden_cells=&#8220; caption=&#8220; responsive_styling=&#8217;avia_responsive_table&#8216;]<br \/>\n[av_row row_style=&#8217;avia-heading-row&#8216;][av_cell col_style=&#8217;avia-desc-col&#8216;][\/av_cell][av_cell col_style=&#8220;]Tumbler Glas[\/av_cell][\/av_row]<br \/>\n[av_row row_style=&#8220;][av_cell col_style=&#8217;avia-desc-col&#8216;]Woka[\/av_cell][av_cell col_style=&#8220;]4cl[\/av_cell][\/av_row]<br \/>\n[av_row row_style=&#8220;][av_cell col_style=&#8217;avia-desc-col&#8216;]Kahl\u00faa[\/av_cell][av_cell col_style=&#8220;]2cl[\/av_cell][\/av_row]<br \/>\n[av_row row_style=&#8220;][av_cell col_style=&#8217;avia-desc-col&#8216;]Eisw\u00fcrfel[\/av_cell][av_cell col_style=&#8220;]2-3 W\u00fcrfel[\/av_cell][\/av_row]<br \/>\n[\/av_table]<\/p>\n<p>[av_textblock size=&#8220; font_color=&#8220; color=&#8220;]<\/p>\n<h2>Zubereitung des Black Russian<\/h2>\n<p>Mixen Sie den Wodka mit dem Kahl\u00faa im Verh\u00e4ltnis 2:1 und geben Sie dieses auf Eisw\u00fcrfel in einem Tumbler Glas. Wahlweise kann das Getr\u00e4nk auch ohne Eisw\u00fcrfel in einer Cocktailschale getrunken werden. Das ist auch tats\u00e4chlich die beforzugte Anrichtungsweise unserer weiblichen Kunden, wobei diese eigentlich eher den White Russian bevorzugen.<br \/>\n[\/av_textblock]<\/p>\n<p>[av_textblock size=&#8220; font_color=&#8220; color=&#8220;]<\/p>\n<h2>Geeignete RUM-Sorten f\u00fcr den Black Russian<\/h2>\n<p>Wir trinken den Black Russian gerne mit dem <a href=\"https:\/\/www.best-bottles.de\/produkt\/wodka\/smirnoff-red-label-no-21-07-l\/\">Smirnoff Red Label No. 21<\/a>. In der regul\u00e4ren <a href=\"https:\/\/www.best-bottles.de\/produkt\/wodka\/smirnoff-red-label-no-21-07-l\/\">0,7l Flasche Smirnoff Red Label No. 21<\/a> stecken etwa 17 Black Russians. Haben Sie viele G\u00e4ste die gerne den Mix aus guten Wodka und Kafeelik\u00f6r zu sch\u00e4tzen wissen, sollten Sie eher zur <a href=\"https:\/\/www.best-bottles.de\/produkt\/wodka\/amirnoff-red-label-no-21-15-l-party-flasche\/\">1,5l Party Flasche Smirnoff Red Label No. 21<\/a> greifen.<br \/>\n[\/av_textblock]<\/p>\n<p>[av_textblock size=&#8220; font_color=&#8220; color=&#8220;]<\/p>\n<h2>Geeignete Gl\u00e4ser f\u00fcr den Black Russian<\/h2>\n<figure id=\"attachment_349\" aria-describedby=\"caption-attachment-349\" style=\"width: 300px\" class=\"wp-caption alignleft\"><a href=\"https:\/\/www.best-bottles.de\/wp-content\/uploads\/2016\/01\/black-russian.jpg\"><img loading=\"lazy\" class=\"alignnone wp-image-349 size-medium\" src=\"https:\/\/www.best-bottles.de\/wp-content\/uploads\/2016\/01\/black-russian-300x199.jpg\" alt=\"Black Russian Rezept im Tumbler\" width=\"300\" height=\"199\" srcset=\"https:\/\/www.best-bottles.de\/wp-content\/uploads\/2016\/01\/black-russian-300x199.jpg 300w, https:\/\/www.best-bottles.de\/wp-content\/uploads\/2016\/01\/black-russian-450x299.jpg 450w, https:\/\/www.best-bottles.de\/wp-content\/uploads\/2016\/01\/black-russian-768x510.jpg 768w, https:\/\/www.best-bottles.de\/wp-content\/uploads\/2016\/01\/black-russian-1030x684.jpg 1030w, https:\/\/www.best-bottles.de\/wp-content\/uploads\/2016\/01\/black-russian-1500x996.jpg 1500w, https:\/\/www.best-bottles.de\/wp-content\/uploads\/2016\/01\/black-russian-705x468.jpg 705w, https:\/\/www.best-bottles.de\/wp-content\/uploads\/2016\/01\/black-russian.jpg 1691w\" sizes=\"(max-width: 300px) 100vw, 300px\" \/><\/a><figcaption id=\"caption-attachment-349\" class=\"wp-caption-text\">Liqueur in shot glass with coffee beans<\/figcaption><\/figure>\n<p>Klassisch wird der Black Russian in einem Tumbler oder einem halb hohem Cocktail-Glas serviert. Frauen trinken den Black-Russian auch gerne aus einer Cocktailschale.<br \/>\n[\/av_textblock]<\/p>\n<p>[av_comments_list]<\/p>\n<p>[av_codeblock wrapper_element=&#8220; wrapper_element_attributes=&#8220;]<br \/>\n<script type=\"application\/ld+json\">\/\/ <![CDATA[\n{ \"@context\": \"http:\/\/schema.org\/\", \"@type\": \"Recipe\", \"name\": \"Black Russian\", \"author\": \"Chriss\", \"image\": \"https:\/\/cdn.best-bottles.de\/wp-content\/uploads\/2016\/01\/black-russian.jpg\", \"description\": \"Der starke Bruder des White Russian\", \"aggregateRating\": { \"@type\": \"AggregateRating\", \"ratingValue\": \"0\", \"reviewCount\": \"0\", \"bestRating\": \"0\", \"worstRating\": \"0\" }, \"prepTime\": \"PT3M\", \"totalTime\": \"PT3M\", \"nutrition\": { \"@type\": \"NutritionInformation\", \"calories\": \"102 calories\", \"fatContent\": \"0 g\", \"proteinContent\": \"0 g\", \"saturatedFatContent\": \"0 g\", \"sugarContent\": \"0 g\", \"Alcohol\":\"16 g\", }, \"recipeIngredient\": [ \"4cl Wodka\", \"2cl Kahl\u00faa\", \"eine Hand voll Eis\" ], \"recipeInstructions\": [ \"1 Mixen Sie den Wodka mit dem Kahl\u00faa im Verh\u00e4ltnis 2:1 und geben Sie dieses auf Eisw\u00fcrfel in einem Tumbler Glas.\", \"2 Wahlweise kann das Getr\u00e4nk auch ohne Eisw\u00fcrfel in einer Cocktailschale getrunken werden.\", \"3 Das ist auch tats\u00e4chlich die beforzugte Anrichtungsweise unserer weiblichen Kunden, wobei diese eigentlich eher den White Russian bevorzugen.\" ] }\n\/\/ ]]><\/script><br \/>\n[\/av_codeblock]<\/p>\n","protected":false},"excerpt":{"rendered":"<p>[av_slideshow_full size=&#8217;featured&#8216; stretch=&#8220; animation=&#8217;slide&#8216; autoplay=&#8217;false&#8216; interval=&#8217;5&#8242; control_layout=&#8217;av-control-default&#8216; src=&#8220; attachment=&#8220; attachment_size=&#8220; position=&#8217;top left&#8216; repeat=&#8217;no-repeat&#8216; attach=&#8217;scroll&#8216;] [av_slide_full slide_type=&#8217;image&#8216; id=&#8217;349&#8242; video=&#8217;http:\/\/&#8216; mobile_image=&#8220; video_format=&#8220; [&hellip;]<\/p>\n","protected":false},"author":1,"featured_media":349,"parent":70,"menu_order":0,"comment_status":"open","ping_status":"closed","template":"","meta":{"site-sidebar-layout":"default","site-content-layout":"","ast-site-content-layout":"default","site-content-style":"default","site-sidebar-style":"default","ast-global-header-display":"","ast-banner-title-visibility":"","ast-main-header-display":"","ast-hfb-above-header-display":"","ast-hfb-below-header-display":"","ast-hfb-mobile-header-display":"","site-post-title":"","ast-breadcrumbs-content":"","ast-featured-img":"","footer-sml-layout":"","theme-transparent-header-meta":"","adv-header-id-meta":"","stick-header-meta":"","header-above-stick-meta":"","header-main-stick-meta":"","header-below-stick-meta":"","astra-migrate-meta-layouts":"default","ast-page-background-enabled":"default","ast-page-background-meta":{"desktop":{"background-color":"var(--ast-global-color-5)","background-image":"","background-repeat":"repeat","background-position":"center center","background-size":"auto","background-attachment":"scroll","background-type":"","background-media":"","overlay-type":"","overlay-color":"","overlay-opacity":"","overlay-gradient":""},"tablet":{"background-color":"","background-image":"","background-repeat":"repeat","background-position":"center center","background-size":"auto","background-attachment":"scroll","background-type":"","background-media":"","overlay-type":"","overlay-color":"","overlay-opacity":"","overlay-gradient":""},"mobile":{"background-color":"","background-image":"","background-repeat":"repeat","background-position":"center center","background-size":"auto","background-attachment":"scroll","background-type":"","background-media":"","overlay-type":"","overlay-color":"","overlay-opacity":"","overlay-gradient":""}},"ast-content-background-meta":{"desktop":{"background-color":"var(--ast-global-color-4)","background-image":"","background-repeat":"repeat","background-position":"center center","background-size":"auto","background-attachment":"scroll","background-type":"","background-media":"","overlay-type":"","overlay-color":"","overlay-opacity":"","overlay-gradient":""},"tablet":{"background-color":"var(--ast-global-color-4)","background-image":"","background-repeat":"repeat","background-position":"center center","background-size":"auto","background-attachment":"scroll","background-type":"","background-media":"","overlay-type":"","overlay-color":"","overlay-opacity":"","overlay-gradient":""},"mobile":{"background-color":"var(--ast-global-color-4)","background-image":"","background-repeat":"repeat","background-position":"center center","background-size":"auto","background-attachment":"scroll","background-type":"","background-media":"","overlay-type":"","overlay-color":"","overlay-opacity":"","overlay-gradient":""}}},"tags":[153,22,64,63,62,248,61],"yoast_head":"<!-- This site is optimized with the Yoast SEO plugin v18.6 - https:\/\/yoast.com\/wordpress\/plugins\/seo\/ -->\n<title>Black Russian Rezept - Cocktails Rezepte f\u00fcr Ihre Party<\/title>\n<meta name=\"description\" content=\"Der Black Russian ist die aus dem tiefen Russland entstanden. Guter Wodka und starker Kaffeelik\u00f6r. Hier das beste Black Russian Rezept.\" \/>\n<meta name=\"robots\" content=\"index, follow, max-snippet:-1, max-image-preview:large, max-video-preview:-1\" \/>\n<link rel=\"canonical\" href=\"https:\/\/www.best-bottles.de\/?page_id=348\" \/>\n<meta property=\"og:locale\" content=\"de_DE\" \/>\n<meta property=\"og:type\" content=\"article\" \/>\n<meta property=\"og:title\" content=\"Black Russian Rezept - Cocktails Rezepte f\u00fcr Ihre Party\" \/>\n<meta property=\"og:description\" content=\"Der Black Russian ist die aus dem tiefen Russland entstanden. Guter Wodka und starker Kaffeelik\u00f6r. Hier das beste Black Russian Rezept.\" \/>\n<meta property=\"og:url\" content=\"https:\/\/www.best-bottles.de\/?page_id=348\" \/>\n<meta property=\"og:site_name\" content=\"Best Bottles - Ihr Partner f\u00fcr RUM &amp; Co\" \/>\n<meta property=\"article:modified_time\" content=\"2016-07-17T11:22:42+00:00\" \/>\n<meta property=\"og:image\" content=\"https:\/\/www.best-bottles.de\/wp-content\/uploads\/2016\/01\/black-russian.jpg\" \/>\n\t<meta property=\"og:image:width\" content=\"1691\" \/>\n\t<meta property=\"og:image:height\" content=\"1123\" \/>\n\t<meta property=\"og:image:type\" content=\"image\/jpeg\" \/>\n<meta name=\"twitter:card\" content=\"summary\" \/>\n<meta name=\"twitter:label1\" content=\"Gesch\u00e4tzte Lesezeit\" \/>\n\t<meta name=\"twitter:data1\" content=\"2\u00a0Minuten\" \/>\n<script type=\"application\/ld+json\" class=\"yoast-schema-graph\">{\"@context\":\"https:\/\/schema.org\",\"@graph\":[{\"@type\":\"Organization\",\"@id\":\"https:\/\/www.best-bottles.de\/#organization\",\"name\":\"best-bottles.de\",\"url\":\"https:\/\/www.best-bottles.de\/\",\"sameAs\":[],\"logo\":{\"@type\":\"ImageObject\",\"@id\":\"https:\/\/www.best-bottles.de\/#logo\",\"inLanguage\":\"de\",\"url\":\"https:\/\/www.best-bottles.de\/wp-content\/uploads\/2016\/01\/logo.jpg\",\"contentUrl\":\"https:\/\/www.best-bottles.de\/wp-content\/uploads\/2016\/01\/logo.jpg\",\"width\":646,\"height\":646,\"caption\":\"best-bottles.de\"},\"image\":{\"@id\":\"https:\/\/www.best-bottles.de\/#logo\"}},{\"@type\":\"WebSite\",\"@id\":\"https:\/\/www.best-bottles.de\/#website\",\"url\":\"https:\/\/www.best-bottles.de\/\",\"name\":\"Best Bottles - Ihr Partner f\u00fcr RUM &amp; Co\",\"description\":\"Eine weitere WordPress-Seite\",\"publisher\":{\"@id\":\"https:\/\/www.best-bottles.de\/#organization\"},\"potentialAction\":[{\"@type\":\"SearchAction\",\"target\":{\"@type\":\"EntryPoint\",\"urlTemplate\":\"https:\/\/www.best-bottles.de\/?s={search_term_string}\"},\"query-input\":\"required name=search_term_string\"}],\"inLanguage\":\"de\"},{\"@type\":\"ImageObject\",\"@id\":\"https:\/\/www.best-bottles.de\/?page_id=348#primaryimage\",\"inLanguage\":\"de\",\"url\":\"https:\/\/www.best-bottles.de\/wp-content\/uploads\/2016\/01\/black-russian.jpg\",\"contentUrl\":\"https:\/\/www.best-bottles.de\/wp-content\/uploads\/2016\/01\/black-russian.jpg\",\"width\":1691,\"height\":1123,\"caption\":\"Black Russian im Tumbler\"},{\"@type\":\"WebPage\",\"@id\":\"https:\/\/www.best-bottles.de\/?page_id=348#webpage\",\"url\":\"https:\/\/www.best-bottles.de\/?page_id=348\",\"name\":\"Black Russian Rezept - Cocktails Rezepte f\u00fcr Ihre Party\",\"isPartOf\":{\"@id\":\"https:\/\/www.best-bottles.de\/#website\"},\"primaryImageOfPage\":{\"@id\":\"https:\/\/www.best-bottles.de\/?page_id=348#primaryimage\"},\"datePublished\":\"2016-01-12T19:57:55+00:00\",\"dateModified\":\"2016-07-17T11:22:42+00:00\",\"description\":\"Der Black Russian ist die aus dem tiefen Russland entstanden. Guter Wodka und starker Kaffeelik\u00f6r. Hier das beste Black Russian Rezept.\",\"breadcrumb\":{\"@id\":\"https:\/\/www.best-bottles.de\/?page_id=348#breadcrumb\"},\"inLanguage\":\"de\",\"potentialAction\":[{\"@type\":\"ReadAction\",\"target\":[\"https:\/\/www.best-bottles.de\/?page_id=348\"]}]},{\"@type\":\"BreadcrumbList\",\"@id\":\"https:\/\/www.best-bottles.de\/?page_id=348#breadcrumb\",\"itemListElement\":[{\"@type\":\"ListItem\",\"position\":1,\"name\":\"Home\",\"item\":\"https:\/\/www.best-bottles.de\/\"},{\"@type\":\"ListItem\",\"position\":2,\"name\":\"Rezepte\",\"item\":\"https:\/\/www.best-bottles.de\/?page_id=70\"},{\"@type\":\"ListItem\",\"position\":3,\"name\":\"Black Russian Rezept\"}]}]}<\/script>\n<!-- \/ Yoast SEO plugin. -->","yoast_head_json":{"title":"Black Russian Rezept - Cocktails Rezepte f\u00fcr Ihre Party","description":"Der Black Russian ist die aus dem tiefen Russland entstanden. Guter Wodka und starker Kaffeelik\u00f6r. Hier das beste Black Russian Rezept.","robots":{"index":"index","follow":"follow","max-snippet":"max-snippet:-1","max-image-preview":"max-image-preview:large","max-video-preview":"max-video-preview:-1"},"canonical":"https:\/\/www.best-bottles.de\/?page_id=348","og_locale":"de_DE","og_type":"article","og_title":"Black Russian Rezept - Cocktails Rezepte f\u00fcr Ihre Party","og_description":"Der Black Russian ist die aus dem tiefen Russland entstanden. Guter Wodka und starker Kaffeelik\u00f6r. Hier das beste Black Russian Rezept.","og_url":"https:\/\/www.best-bottles.de\/?page_id=348","og_site_name":"Best Bottles - Ihr Partner f\u00fcr RUM &amp; Co","article_modified_time":"2016-07-17T11:22:42+00:00","og_image":[{"width":1691,"height":1123,"url":"https:\/\/www.best-bottles.de\/wp-content\/uploads\/2016\/01\/black-russian.jpg","type":"image\/jpeg"}],"twitter_card":"summary","twitter_misc":{"Gesch\u00e4tzte Lesezeit":"2\u00a0Minuten"},"schema":{"@context":"https:\/\/schema.org","@graph":[{"@type":"Organization","@id":"https:\/\/www.best-bottles.de\/#organization","name":"best-bottles.de","url":"https:\/\/www.best-bottles.de\/","sameAs":[],"logo":{"@type":"ImageObject","@id":"https:\/\/www.best-bottles.de\/#logo","inLanguage":"de","url":"https:\/\/www.best-bottles.de\/wp-content\/uploads\/2016\/01\/logo.jpg","contentUrl":"https:\/\/www.best-bottles.de\/wp-content\/uploads\/2016\/01\/logo.jpg","width":646,"height":646,"caption":"best-bottles.de"},"image":{"@id":"https:\/\/www.best-bottles.de\/#logo"}},{"@type":"WebSite","@id":"https:\/\/www.best-bottles.de\/#website","url":"https:\/\/www.best-bottles.de\/","name":"Best Bottles - Ihr Partner f\u00fcr RUM &amp; Co","description":"Eine weitere WordPress-Seite","publisher":{"@id":"https:\/\/www.best-bottles.de\/#organization"},"potentialAction":[{"@type":"SearchAction","target":{"@type":"EntryPoint","urlTemplate":"https:\/\/www.best-bottles.de\/?s={search_term_string}"},"query-input":"required name=search_term_string"}],"inLanguage":"de"},{"@type":"ImageObject","@id":"https:\/\/www.best-bottles.de\/?page_id=348#primaryimage","inLanguage":"de","url":"https:\/\/www.best-bottles.de\/wp-content\/uploads\/2016\/01\/black-russian.jpg","contentUrl":"https:\/\/www.best-bottles.de\/wp-content\/uploads\/2016\/01\/black-russian.jpg","width":1691,"height":1123,"caption":"Black Russian im Tumbler"},{"@type":"WebPage","@id":"https:\/\/www.best-bottles.de\/?page_id=348#webpage","url":"https:\/\/www.best-bottles.de\/?page_id=348","name":"Black Russian Rezept - Cocktails Rezepte f\u00fcr Ihre Party","isPartOf":{"@id":"https:\/\/www.best-bottles.de\/#website"},"primaryImageOfPage":{"@id":"https:\/\/www.best-bottles.de\/?page_id=348#primaryimage"},"datePublished":"2016-01-12T19:57:55+00:00","dateModified":"2016-07-17T11:22:42+00:00","description":"Der Black Russian ist die aus dem tiefen Russland entstanden. Guter Wodka und starker Kaffeelik\u00f6r. Hier das beste Black Russian Rezept.","breadcrumb":{"@id":"https:\/\/www.best-bottles.de\/?page_id=348#breadcrumb"},"inLanguage":"de","potentialAction":[{"@type":"ReadAction","target":["https:\/\/www.best-bottles.de\/?page_id=348"]}]},{"@type":"BreadcrumbList","@id":"https:\/\/www.best-bottles.de\/?page_id=348#breadcrumb","itemListElement":[{"@type":"ListItem","position":1,"name":"Home","item":"https:\/\/www.best-bottles.de\/"},{"@type":"ListItem","position":2,"name":"Rezepte","item":"https:\/\/www.best-bottles.de\/?page_id=70"},{"@type":"ListItem","position":3,"name":"Black Russian Rezept"}]}]}},"_links":{"self":[{"href":"https:\/\/www.best-bottles.de\/index.php?rest_route=\/wp\/v2\/pages\/348"}],"collection":[{"href":"https:\/\/www.best-bottles.de\/index.php?rest_route=\/wp\/v2\/pages"}],"about":[{"href":"https:\/\/www.best-bottles.de\/index.php?rest_route=\/wp\/v2\/types\/page"}],"author":[{"embeddable":true,"href":"https:\/\/www.best-bottles.de\/index.php?rest_route=\/wp\/v2\/users\/1"}],"replies":[{"embeddable":true,"href":"https:\/\/www.best-bottles.de\/index.php?rest_route=%2Fwp%2Fv2%2Fcomments&post=348"}],"version-history":[{"count":14,"href":"https:\/\/www.best-bottles.de\/index.php?rest_route=\/wp\/v2\/pages\/348\/revisions"}],"predecessor-version":[{"id":1431,"href":"https:\/\/www.best-bottles.de\/index.php?rest_route=\/wp\/v2\/pages\/348\/revisions\/1431"}],"up":[{"embeddable":true,"href":"https:\/\/www.best-bottles.de\/index.php?rest_route=\/wp\/v2\/pages\/70"}],"wp:featuredmedia":[{"embeddable":true,"href":"https:\/\/www.best-bottles.de\/index.php?rest_route=\/wp\/v2\/media\/349"}],"wp:attachment":[{"href":"https:\/\/www.best-bottles.de\/index.php?rest_route=%2Fwp%2Fv2%2Fmedia&parent=348"}],"wp:term":[{"taxonomy":"post_tag","embeddable":true,"href":"https:\/\/www.best-bottles.de\/index.php?rest_route=%2Fwp%2Fv2%2Ftags&post=348"}],"curies":[{"name":"wp","href":"https:\/\/api.w.org\/{rel}","templated":true}]}}