{"id":339,"date":"2016-01-12T20:20:56","date_gmt":"2016-01-12T19:20:56","guid":{"rendered":"http:\/\/www.best-bottles.de\/?page_id=339"},"modified":"2016-08-09T10:34:06","modified_gmt":"2016-08-09T08:34:06","slug":"white-russian-rezept","status":"publish","type":"page","link":"https:\/\/www.best-bottles.de\/?page_id=339","title":{"rendered":"White Russian Rezept"},"content":{"rendered":"<p>[av_slideshow_full size=&#8217;featured&#8216; stretch=&#8220; animation=&#8217;slide&#8216; autoplay=&#8217;false&#8216; interval=&#8217;5&#8242; control_layout=&#8217;av-control-default&#8216; src=&#8220; attachment=&#8220; attachment_size=&#8220; position=&#8217;top left&#8216; repeat=&#8217;no-repeat&#8216; attach=&#8217;scroll&#8216;]<br \/>\n[av_slide_full slide_type=&#8217;image&#8216; id=&#8217;340&#8242; video=&#8217;http:\/\/&#8216; mobile_image=&#8220; video_format=&#8220; video_ratio=&#8217;16:9&#8242; title=&#8217;White Russian Rezept&#8216; custom_title_size=&#8220; custom_content_size=&#8220; caption_pos=&#8217;caption_bottom&#8216; link_apply=&#8220; link=&#8217;lightbox&#8216; link_target=&#8220; button_label=&#8217;Click me&#8216; button_color=&#8217;light&#8216; link1=&#8217;manually,http:\/\/&#8216; link_target1=&#8220; button_label2=&#8217;Click me&#8216; button_color2=&#8217;light&#8216; link2=&#8217;manually,http:\/\/&#8216; link_target2=&#8220; font_color=&#8220; custom_title=&#8220; custom_content=&#8220; overlay_opacity=&#8217;0.5&#8242; overlay_color=&#8220; overlay_pattern=&#8220; overlay_custom_pattern=&#8220;]<br \/>\nDer sahnige Cocktail &#8211; nicht nur f\u00fcr Big Lebowski Fans.<br \/>\n[\/av_slide_full]<br \/>\n[\/av_slideshow_full]<\/p>\n<p>[av_textblock size=&#8220; font_color=&#8220; color=&#8220;]<\/p>\n<h2>Zutaten zum White Russian Rezept<\/h2>\n<p>[\/av_textblock]<\/p>\n<p>[av_table purpose=&#8217;pricing&#8216; pricing_table_design=&#8217;avia_pricing_default&#8216; pricing_hidden_cells=&#8220; caption=&#8220; responsive_styling=&#8217;avia_responsive_table&#8216;]<br \/>\n[av_row row_style=&#8217;avia-heading-row&#8216;][av_cell col_style=&#8217;avia-desc-col&#8216;][\/av_cell][av_cell col_style=&#8220;]Tumbler[\/av_cell][\/av_row]<br \/>\n[av_row row_style=&#8220;][av_cell col_style=&#8217;avia-desc-col&#8216;]Wodka[\/av_cell][av_cell col_style=&#8220;]4cl[\/av_cell][\/av_row]<br \/>\n[av_row row_style=&#8220;][av_cell col_style=&#8217;avia-desc-col&#8216;]Kahl\u00faa[\/av_cell][av_cell col_style=&#8220;]2cl[\/av_cell][\/av_row]<br \/>\n[av_row row_style=&#8220;][av_cell col_style=&#8217;avia-desc-col&#8216;]Sahne[\/av_cell][av_cell col_style=&#8220;]2cl[\/av_cell][\/av_row]<br \/>\n[av_row row_style=&#8220;][av_cell col_style=&#8217;avia-desc-col&#8216;]Eis[\/av_cell][av_cell col_style=&#8220;]2-3 W\u00fcrfel[\/av_cell][\/av_row]<br \/>\n[\/av_table]<\/p>\n<p>[av_textblock size=&#8220; font_color=&#8220; color=&#8220;]<\/p>\n<h2>Zubereitung des White Russian<\/h2>\n<p>Mixen Sie den Wodka mit dem Kahl\u00faa im Verh\u00e4ltnis 2:1 und geben Sie dieses auf Eisw\u00fcrfel in einem Tumbler Glas. Wahlweise kann das Getr\u00e4nk auch ohne Eisw\u00fcrfel in einer Cocktailschale getrunken werden. Das ist auch tats\u00e4chlich die beforzugte Anrichtungsweise unserer weiblichen Kunden. Schlagen Sie die Sahne kurz an und geben sie die noch fl\u00fcssige Sahne \u00fcber einen L\u00f6ffel-R\u00fccken ins Glas. Die Fl\u00fcssigkeiten sollen \u00fcbereinander geschichtet angerichtet werden und sich nicht vermischen.<\/p>\n<p>Wir nutzen zum anschlagen den Nespresso Aeroccino. Damit kann Sahne auch kalt aufgeschlagen werden. Aber achten Sie auf die Zeit: 10-15 Sekunden sind absolut ausreichend, die Sahne soll noch fl\u00fcssig und sein und nicht steif werden. Sie k\u00f6nnen auch Milch nehmen und diese &#8222;etwas&#8220; l\u00e4nger aufschlagen. Wir empfinden den Cocktail aber mit Sahne bek\u00f6mmlicher und bei uns wird er sehr gerne auf Eis aus dem Tumbler getrunken.<br \/>\n[\/av_textblock]<\/p>\n<p>[av_textblock size=&#8220; font_color=&#8220; color=&#8220;]<\/p>\n<h2>Geeignete Wodka Sorten f\u00fcr den White Russian<\/h2>\n<p>Wir trinken den White Russian gerne mit dem <a href=\"https:\/\/www.best-bottles.de\/produkt\/wodka\/smirnoff-red-label-no-21-07-l\/\">Smirnoff Red Label No. 21<\/a>. In der regul\u00e4ren <a href=\"https:\/\/www.best-bottles.de\/produkt\/wodka\/smirnoff-red-label-no-21-07-l\/\">0,7l Flasche Smirnoff Red Label No. 21<\/a> stecken etwa 17 White Russians. Haben Sie viele G\u00e4ste die gerne den Mix aus guten Wodka, Kafeelik\u00f6r und Sahne zu sch\u00e4tzen wissen, sollten Sie eher zur <a href=\"https:\/\/www.best-bottles.de\/produkt\/wodka\/amirnoff-red-label-no-21-15-l-party-flasche\/\">1,5l Party Flasche Smirnoff Red Label No. 21<\/a> greifen.<br \/>\n[\/av_textblock]<\/p>\n<p>[av_textblock size=&#8220; font_color=&#8220; color=&#8220;]<\/p>\n<h2>Geeignete Gl\u00e4ser f\u00fcr den White Russian<\/h2>\n<figure id=\"attachment_340\" aria-describedby=\"caption-attachment-340\" style=\"width: 300px\" class=\"wp-caption alignleft\"><a href=\"https:\/\/www.best-bottles.de\/wp-content\/uploads\/2016\/01\/white-russians.jpg\"><img loading=\"lazy\" class=\"wp-image-340 size-medium\" src=\"https:\/\/www.best-bottles.de\/wp-content\/uploads\/2016\/01\/white-russians-300x199.jpg\" alt=\"White Russian Rezept im Tumbler\" width=\"300\" height=\"199\" srcset=\"https:\/\/www.best-bottles.de\/wp-content\/uploads\/2016\/01\/white-russians-300x199.jpg 300w, https:\/\/www.best-bottles.de\/wp-content\/uploads\/2016\/01\/white-russians-450x299.jpg 450w, https:\/\/www.best-bottles.de\/wp-content\/uploads\/2016\/01\/white-russians-768x510.jpg 768w, https:\/\/www.best-bottles.de\/wp-content\/uploads\/2016\/01\/white-russians-1030x684.jpg 1030w, https:\/\/www.best-bottles.de\/wp-content\/uploads\/2016\/01\/white-russians-1500x996.jpg 1500w, https:\/\/www.best-bottles.de\/wp-content\/uploads\/2016\/01\/white-russians-705x468.jpg 705w, https:\/\/www.best-bottles.de\/wp-content\/uploads\/2016\/01\/white-russians.jpg 1691w\" sizes=\"(max-width: 300px) 100vw, 300px\" \/><\/a><figcaption id=\"caption-attachment-340\" class=\"wp-caption-text\">White Russian Rezept im Tumbler<\/figcaption><\/figure>\n<p>Der White Russian wird klasssisch in einem Tumbler oder einem halbhohem Cocktail-Glas serviert.<br \/>\n[\/av_textblock]<\/p>\n<p>[av_textblock size=&#8220; font_color=&#8220; color=&#8220;]<br \/>\n\n<div id=\"review\" class=\"review-wrapper wp-review-339 wp-review-star-type wp-review-default-template wp-review-box-full-width\">\n\t\t\t<div class=\"review-heading\">\n\t\t\t<h5 class=\"review-title\">\n\t\t\t\tBewertung\n\t\t\t\t\t\t\t<\/h5>\n\t\t<\/div>\n\t\n\t\n\t\t\t<ul class=\"review-list\">\n\t\t\t\t\t\t\t<li>\n\t\t\t\t\t<div class=\"review-star\">\n\t<div class=\"review-result-wrapper\" style=\"color: #95bae0;\">\n\t\t\t\t\t\t<i class=\"mts-icon-star\"><\/i>\n\t\t\t\t\t\t\t\t<i class=\"mts-icon-star\"><\/i>\n\t\t\t\t\t\t\t\t<i class=\"mts-icon-star\"><\/i>\n\t\t\t\t\t\t\t\t<i class=\"mts-icon-star\"><\/i>\n\t\t\t\t\t\t\t\t<i class=\"mts-icon-star\"><\/i>\n\t\t\t\t\n\t\t<div class=\"review-result\" style=\"width:100%; color:#eeee22;\">\n\t\t\t\t\t\t\t\t<i class=\"mts-icon-star\"><\/i>\n\t\t\t\t\t\t\t\t\t\t<i class=\"mts-icon-star\"><\/i>\n\t\t\t\t\t\t\t\t\t\t<i class=\"mts-icon-star\"><\/i>\n\t\t\t\t\t\t\t\t\t\t<i class=\"mts-icon-star\"><\/i>\n\t\t\t\t\t\t\t\t\t\t<i class=\"mts-icon-star\"><\/i>\n\t\t\t\t\t\t\t<\/div><!-- .review-result -->\n\n\t<\/div><!-- .review-result-wrapper -->\n\n<\/div><!-- .review-star -->\n\t\t\t\t\t<span>Manuela<\/span>\n\t\t\t\t<\/li>\n\t\t\t\t\t<\/ul>\n\t\n\t\t\t\t\t\t<div class=\"review-total-wrapper\">\n\t\t\t\t<span class=\"review-total-box\">5<\/span>\n\t\t\t\t<div class=\"review-star review-total\">\n\t<div class=\"review-result-wrapper\" style=\"color: #95bae0;\">\n\t\t\t\t\t\t<i class=\"mts-icon-star\"><\/i>\n\t\t\t\t\t\t\t\t<i class=\"mts-icon-star\"><\/i>\n\t\t\t\t\t\t\t\t<i class=\"mts-icon-star\"><\/i>\n\t\t\t\t\t\t\t\t<i class=\"mts-icon-star\"><\/i>\n\t\t\t\t\t\t\t\t<i class=\"mts-icon-star\"><\/i>\n\t\t\t\t\n\t\t<div class=\"review-result\" style=\"width:100%; color:#eeee22;\">\n\t\t\t\t\t\t\t\t<i class=\"mts-icon-star\"><\/i>\n\t\t\t\t\t\t\t\t\t\t<i class=\"mts-icon-star\"><\/i>\n\t\t\t\t\t\t\t\t\t\t<i class=\"mts-icon-star\"><\/i>\n\t\t\t\t\t\t\t\t\t\t<i class=\"mts-icon-star\"><\/i>\n\t\t\t\t\t\t\t\t\t\t<i class=\"mts-icon-star\"><\/i>\n\t\t\t\t\t\t\t<\/div><!-- .review-result -->\n\n\t<\/div><!-- .review-result-wrapper -->\n\n<\/div><!-- .review-star -->\n\t\t\t<\/div>\n\t\t\n\t\t\t\t\t<div class=\"review-desc\">\n\t\t\t\t<p class=\"review-summary-title\"><strong>Kurzfassung<\/strong><\/p>\n\t\t\t\t<p>Der White Russian ist mein Lieblinkscocktail. Man schmeckt den Alkohol nicht so stark und das Zusammenspiel von Sahne und Kaffee ist einfach wunderbar.<\/p>\n\t\t\t<\/div>\n\t\t\t\n\t\t\t<div class=\"user-review-area visitors-review-area\">\n\t\t\t<div class=\"wp-review-user-rating wp-review-user-rating-star\"><div id=\"wp-review-star-rating-9865\" class=\"wp-review-rating-input review-star\" data-post-id=\"339\" data-token=\"206ba79d9b\">\n\t<div class=\"wp-review-loading-msg\">\n\t\t<span class=\"animate-spin fa fa-spinner\"><\/span>\t\tSende\t<\/div>\n\n\t<div class=\"review-result-wrapper\">\n\t\t<span data-input-value=\"1\" title=\"1\/5\"><i class=\"mts-icon-star\"><\/i><\/span><span data-input-value=\"2\" title=\"2\/5\"><i class=\"mts-icon-star\"><\/i><\/span><span data-input-value=\"3\" title=\"3\/5\"><i class=\"mts-icon-star\"><\/i><\/span><span data-input-value=\"4\" title=\"4\/5\"><i class=\"mts-icon-star\"><\/i><\/span><span data-input-value=\"5\" title=\"5\/5\"><i class=\"mts-icon-star\"><\/i><\/span>\t\t<div class=\"review-result\" style=\"width:0%;\">\n\t\t\t<i class=\"mts-icon-star\"><\/i><i class=\"mts-icon-star\"><\/i><i class=\"mts-icon-star\"><\/i><i class=\"mts-icon-star\"><\/i><i class=\"mts-icon-star\"><\/i>\t\t<\/div>\n\t<\/div>\n\t<input type=\"hidden\" class=\"wp-review-user-rating-val\" name=\"wp-review-user-rating-val\" value=\"0.0\" \/>\n\t<input type=\"hidden\" class=\"wp-review-user-rating-nonce\" value=\"206ba79d9b\" \/>\n\t<input type=\"hidden\" class=\"wp-review-user-rating-postid\" value=\"339\" \/>\n<\/div>\n\n<style type=\"text\/css\">\n\t.wp-review-comment-rating #wp-review-star-rating-9865 .review-result-wrapper i {\n\t\tcolor: #95bae0;\n\t}\n\t.wp-review-339 #wp-review-star-rating-9865 .review-result-wrapper .review-result i {\n\t\tcolor: #eeee22;\n\t\topacity: 1;\n\t\tfilter: alpha(opacity=100);\n\t}\n\t.wp-review-339 #wp-review-star-rating-9865 .review-result-wrapper i {\n\t\tcolor: #95bae0;\n\t}\n\t.wp-review-339 .mts-user-review-star-container #wp-review-star-rating-9865 .selected i,\n\t.wp-review-339 .user-review-area #wp-review-star-rating-9865 .review-result i,\n\t.wp-review-comment-field #wp-review-star-rating-9865 .review-result i,\n\t.wp-review-comment-rating #wp-review-star-rating-9865 .review-result i,\n\t.wp-review-user-rating #wp-review-star-rating-9865 .review-result-wrapper:hover span i,\n\t.wp-review-comment-rating #wp-review-star-rating-9865 .review-result-wrapper:hover span i {\n\t\tcolor: #eeee22;\n\t\topacity: 1;\n\t\tfilter: alpha(opacity=100);\n\t}\n\t.wp-review-user-rating #wp-review-star-rating-9865 .review-result-wrapper span:hover ~ span i,\n\t.wp-review-comment-rating #wp-review-star-rating-9865 .review-result-wrapper span:hover ~ span i {\n\t\topacity: 1;\n\t\tcolor: #95bae0;\n\t}\n<\/style>\n<\/div>\t\t\t<div class=\"user-total-wrapper\">\n\t\t\t\t<h5 class=\"user-review-title\">Benutzer-Bewertung<\/h5>\n\t\t\t\t<span class=\"review-total-box\">\n\t\t\t\t\t\t\t\t\t\t<span class=\"wp-review-user-rating-total\">0<\/span>\n\t\t\t\t\t<small>(<span class=\"wp-review-user-rating-counter\">0<\/span> Stimmen)<\/small>\n\t\t\t\t<\/span>\n\t\t\t<\/div>\n\t\t<\/div>\n\t\n\t<\/div>\n\n<style type=\"text\/css\">\n\t.wp-review-339.review-wrapper {\n\t\twidth: 100%;\n\t\toverflow: hidden;\n\t}\n\t.wp-review-339.review-wrapper,\n\t.wp-review-339 .review-title,\n\t.wp-review-339 .review-desc p,\n\t.wp-review-339 .reviewed-item p {\n\t\tcolor: #ffffff;\n\t}\n\t.wp-review-339 .review-title {\n\t\tpadding-top: 15px;\n\t\tfont-weight: bold;\n\t}\n\t.wp-review-339 .review-links a {\n\t\tcolor: #eeee22;\n\t}\n\t.wp-review-339 .review-links a:hover {\n\t\tbackground: #eeee22;\n\t\tcolor: #fff;\n\t}\n\t.wp-review-339 .review-list li,\n\t.wp-review-339.review-wrapper {\n\t\tbackground: #141414;\n\t}\n\t.wp-review-339 .review-title,\n\t.wp-review-339 .review-list li:nth-child(2n),\n\t.wp-review-339 .wpr-user-features-rating .user-review-title {\n\t\tbackground: #4ecac2;\n\t}\n\t.wp-review-339.review-wrapper,\n\t.wp-review-339 .review-title,\n\t.wp-review-339 .review-list li,\n\t.wp-review-339 .review-list li:last-child,\n\t.wp-review-339 .user-review-area,\n\t.wp-review-339 .reviewed-item,\n\t.wp-review-339 .review-links,\n\t.wp-review-339 .wpr-user-features-rating {\n\t\tborder-color: #4ecac2;\n\t}\n\t.wp-review-339 .wpr-rating-accept-btn {\n\t\tbackground: #eeee22;\n\t}\n\t.wp-review-339.review-wrapper .user-review-title {\n\t\tcolor: inherit;\n\t}\n<\/style>\n<br \/>\n[\/av_textblock]<\/p>\n<p>[av_comments_list]<\/p>\n<p>[av_codeblock wrapper_element=&#8220; wrapper_element_attributes=&#8220;]<br \/>\n<script type=\"application\/ld+json\">\/\/ <![CDATA[\n{ \"@context\": \"http:\/\/schema.org\/\", \"@type\": \"Recipe\", \"name\": \"WhiteRussian\", \"author\": \"Chriss\", \"image\": \"https:\/\/cdn.best-bottles.de\/wp-content\/uploads\/2016\/01\/white-russians.jpg\", \"description\": \"Die kleine Schwester des Black Russian\", \"aggregateRating\": { \"@type\": \"AggregateRating\", \"ratingValue\": \"5\", \"reviewCount\": \"1\", \"bestRating\": \"5\", \"worstRating\": \"0\" }, \"prepTime\": \"PT3M\", \"totalTime\": \"PT3M\", \"nutrition\": { \"@type\": \"NutritionInformation\", \"calories\": \"89 calories\", \"fatContent\": \"0.7 g\", \"proteinContent\": \"0 g\", \"saturatedFatContent\": \"0 g\", \"sugarContent\": \"0 g\", \"Alcohol\":\"12 g\", }, \"recipeIngredient\": [ \"4cl Wodka\", \"2cl Kahl\u00faa\", \"2cl Sahne\", \"eine Hand voll Eis\" ], \"recipeInstructions\": [ \"1 Mixen Sie den Wodka mit dem Kahl\u00faa im Verh\u00e4ltnis 2:1 und geben Sie dieses auf Eisw\u00fcrfel in einem Tumbler Glas.\", \"2 Schlagen Sie die Sahne kurz an und geben Sie diese \u00fcber einen L\u00f6ffel ins Glas, so dass sich Schichten bilden.\", \"3 Wahlweise kann das Getr\u00e4nk auch ohne Eisw\u00fcrfel in einer Cocktailschale getrunken werden.\", \"4 Das ist auch tats\u00e4chlich die beforzugte Anrichtungsweise unserer weiblichen Kunden, wobei diese eigentlich eher den White Russian bevorzugen.\" ] }\n\/\/ ]]><\/script><br \/>\n[\/av_codeblock]<\/p>\n","protected":false},"excerpt":{"rendered":"<p>[av_slideshow_full size=&#8217;featured&#8216; stretch=&#8220; animation=&#8217;slide&#8216; autoplay=&#8217;false&#8216; interval=&#8217;5&#8242; control_layout=&#8217;av-control-default&#8216; src=&#8220; attachment=&#8220; attachment_size=&#8220; position=&#8217;top left&#8216; repeat=&#8217;no-repeat&#8216; attach=&#8217;scroll&#8216;] [av_slide_full slide_type=&#8217;image&#8216; id=&#8217;340&#8242; video=&#8217;http:\/\/&#8216; mobile_image=&#8220; video_format=&#8220; [&hellip;]<\/p>\n","protected":false},"author":1,"featured_media":340,"parent":70,"menu_order":0,"comment_status":"open","ping_status":"closed","template":"","meta":{"site-sidebar-layout":"default","site-content-layout":"","ast-site-content-layout":"default","site-content-style":"default","site-sidebar-style":"default","ast-global-header-display":"","ast-banner-title-visibility":"","ast-main-header-display":"","ast-hfb-above-header-display":"","ast-hfb-below-header-display":"","ast-hfb-mobile-header-display":"","site-post-title":"","ast-breadcrumbs-content":"","ast-featured-img":"","footer-sml-layout":"","theme-transparent-header-meta":"","adv-header-id-meta":"","stick-header-meta":"","header-above-stick-meta":"","header-main-stick-meta":"","header-below-stick-meta":"","astra-migrate-meta-layouts":"default","ast-page-background-enabled":"default","ast-page-background-meta":{"desktop":{"background-color":"var(--ast-global-color-5)","background-image":"","background-repeat":"repeat","background-position":"center center","background-size":"auto","background-attachment":"scroll","background-type":"","background-media":"","overlay-type":"","overlay-color":"","overlay-opacity":"","overlay-gradient":""},"tablet":{"background-color":"","background-image":"","background-repeat":"repeat","background-position":"center center","background-size":"auto","background-attachment":"scroll","background-type":"","background-media":"","overlay-type":"","overlay-color":"","overlay-opacity":"","overlay-gradient":""},"mobile":{"background-color":"","background-image":"","background-repeat":"repeat","background-position":"center center","background-size":"auto","background-attachment":"scroll","background-type":"","background-media":"","overlay-type":"","overlay-color":"","overlay-opacity":"","overlay-gradient":""}},"ast-content-background-meta":{"desktop":{"background-color":"var(--ast-global-color-4)","background-image":"","background-repeat":"repeat","background-position":"center center","background-size":"auto","background-attachment":"scroll","background-type":"","background-media":"","overlay-type":"","overlay-color":"","overlay-opacity":"","overlay-gradient":""},"tablet":{"background-color":"var(--ast-global-color-4)","background-image":"","background-repeat":"repeat","background-position":"center center","background-size":"auto","background-attachment":"scroll","background-type":"","background-media":"","overlay-type":"","overlay-color":"","overlay-opacity":"","overlay-gradient":""},"mobile":{"background-color":"var(--ast-global-color-4)","background-image":"","background-repeat":"repeat","background-position":"center center","background-size":"auto","background-attachment":"scroll","background-type":"","background-media":"","overlay-type":"","overlay-color":"","overlay-opacity":"","overlay-gradient":""}}},"tags":[118,117,22,64,63,62,248,61],"yoast_head":"<!-- This site is optimized with the Yoast SEO plugin v18.6 - https:\/\/yoast.com\/wordpress\/plugins\/seo\/ -->\n<title>White Russian Rezept - Cocktails f\u00fcr Ihre Party<\/title>\n<meta name=\"description\" content=\"Der White Russian ist die aus dem tiefen Russland entstanden. Der Sahnige Cocktail - nicht nur f\u00fcr Big Lebowski Fans.. Hier das beste White Russian Rezept.\" \/>\n<meta name=\"robots\" content=\"index, follow, max-snippet:-1, max-image-preview:large, max-video-preview:-1\" \/>\n<link rel=\"canonical\" href=\"https:\/\/www.best-bottles.de\/?page_id=339\" \/>\n<meta property=\"og:locale\" content=\"de_DE\" \/>\n<meta property=\"og:type\" content=\"article\" \/>\n<meta property=\"og:title\" content=\"White Russian Rezept - Cocktails f\u00fcr Ihre Party\" \/>\n<meta property=\"og:description\" content=\"Der White Russian ist die aus dem tiefen Russland entstanden. Der Sahnige Cocktail - nicht nur f\u00fcr Big Lebowski Fans.. Hier das beste White Russian Rezept.\" \/>\n<meta property=\"og:url\" content=\"https:\/\/www.best-bottles.de\/?page_id=339\" \/>\n<meta property=\"og:site_name\" content=\"Best Bottles - Ihr Partner f\u00fcr RUM &amp; Co\" \/>\n<meta property=\"article:modified_time\" content=\"2016-08-09T08:34:06+00:00\" \/>\n<meta property=\"og:image\" content=\"https:\/\/www.best-bottles.de\/wp-content\/uploads\/2016\/01\/white-russians.jpg\" \/>\n<meta name=\"twitter:card\" content=\"summary\" \/>\n<meta name=\"twitter:label1\" content=\"Gesch\u00e4tzte Lesezeit\" \/>\n\t<meta name=\"twitter:data1\" content=\"3\u00a0Minuten\" \/>\n<script type=\"application\/ld+json\" class=\"yoast-schema-graph\">{\"@context\":\"https:\/\/schema.org\",\"@graph\":[{\"@type\":\"Organization\",\"@id\":\"https:\/\/www.best-bottles.de\/#organization\",\"name\":\"best-bottles.de\",\"url\":\"https:\/\/www.best-bottles.de\/\",\"sameAs\":[],\"logo\":{\"@type\":\"ImageObject\",\"@id\":\"https:\/\/www.best-bottles.de\/#logo\",\"inLanguage\":\"de\",\"url\":\"https:\/\/www.best-bottles.de\/wp-content\/uploads\/2016\/01\/logo.jpg\",\"contentUrl\":\"https:\/\/www.best-bottles.de\/wp-content\/uploads\/2016\/01\/logo.jpg\",\"width\":646,\"height\":646,\"caption\":\"best-bottles.de\"},\"image\":{\"@id\":\"https:\/\/www.best-bottles.de\/#logo\"}},{\"@type\":\"WebSite\",\"@id\":\"https:\/\/www.best-bottles.de\/#website\",\"url\":\"https:\/\/www.best-bottles.de\/\",\"name\":\"Best Bottles - Ihr Partner f\u00fcr RUM &amp; Co\",\"description\":\"Eine weitere WordPress-Seite\",\"publisher\":{\"@id\":\"https:\/\/www.best-bottles.de\/#organization\"},\"potentialAction\":[{\"@type\":\"SearchAction\",\"target\":{\"@type\":\"EntryPoint\",\"urlTemplate\":\"https:\/\/www.best-bottles.de\/?s={search_term_string}\"},\"query-input\":\"required name=search_term_string\"}],\"inLanguage\":\"de\"},{\"@type\":\"ImageObject\",\"@id\":\"https:\/\/www.best-bottles.de\/?page_id=339#primaryimage\",\"inLanguage\":\"de\",\"url\":\"\",\"contentUrl\":\"\"},{\"@type\":\"WebPage\",\"@id\":\"https:\/\/www.best-bottles.de\/?page_id=339#webpage\",\"url\":\"https:\/\/www.best-bottles.de\/?page_id=339\",\"name\":\"White Russian Rezept - Cocktails f\u00fcr Ihre Party\",\"isPartOf\":{\"@id\":\"https:\/\/www.best-bottles.de\/#website\"},\"primaryImageOfPage\":{\"@id\":\"https:\/\/www.best-bottles.de\/?page_id=339#primaryimage\"},\"datePublished\":\"2016-01-12T19:20:56+00:00\",\"dateModified\":\"2016-08-09T08:34:06+00:00\",\"description\":\"Der White Russian ist die aus dem tiefen Russland entstanden. Der Sahnige Cocktail - nicht nur f\u00fcr Big Lebowski Fans.. Hier das beste White Russian Rezept.\",\"breadcrumb\":{\"@id\":\"https:\/\/www.best-bottles.de\/?page_id=339#breadcrumb\"},\"inLanguage\":\"de\",\"potentialAction\":[{\"@type\":\"ReadAction\",\"target\":[\"https:\/\/www.best-bottles.de\/?page_id=339\"]}]},{\"@type\":\"BreadcrumbList\",\"@id\":\"https:\/\/www.best-bottles.de\/?page_id=339#breadcrumb\",\"itemListElement\":[{\"@type\":\"ListItem\",\"position\":1,\"name\":\"Home\",\"item\":\"https:\/\/www.best-bottles.de\/\"},{\"@type\":\"ListItem\",\"position\":2,\"name\":\"Rezepte\",\"item\":\"https:\/\/www.best-bottles.de\/?page_id=70\"},{\"@type\":\"ListItem\",\"position\":3,\"name\":\"White Russian Rezept\"}]}]}<\/script>\n<!-- \/ Yoast SEO plugin. -->","yoast_head_json":{"title":"White Russian Rezept - Cocktails f\u00fcr Ihre Party","description":"Der White Russian ist die aus dem tiefen Russland entstanden. Der Sahnige Cocktail - nicht nur f\u00fcr Big Lebowski Fans.. Hier das beste White Russian Rezept.","robots":{"index":"index","follow":"follow","max-snippet":"max-snippet:-1","max-image-preview":"max-image-preview:large","max-video-preview":"max-video-preview:-1"},"canonical":"https:\/\/www.best-bottles.de\/?page_id=339","og_locale":"de_DE","og_type":"article","og_title":"White Russian Rezept - Cocktails f\u00fcr Ihre Party","og_description":"Der White Russian ist die aus dem tiefen Russland entstanden. Der Sahnige Cocktail - nicht nur f\u00fcr Big Lebowski Fans.. Hier das beste White Russian Rezept.","og_url":"https:\/\/www.best-bottles.de\/?page_id=339","og_site_name":"Best Bottles - Ihr Partner f\u00fcr RUM &amp; Co","article_modified_time":"2016-08-09T08:34:06+00:00","og_image":[{"url":"https:\/\/www.best-bottles.de\/wp-content\/uploads\/2016\/01\/white-russians.jpg"}],"twitter_card":"summary","twitter_misc":{"Gesch\u00e4tzte Lesezeit":"3\u00a0Minuten"},"schema":{"@context":"https:\/\/schema.org","@graph":[{"@type":"Organization","@id":"https:\/\/www.best-bottles.de\/#organization","name":"best-bottles.de","url":"https:\/\/www.best-bottles.de\/","sameAs":[],"logo":{"@type":"ImageObject","@id":"https:\/\/www.best-bottles.de\/#logo","inLanguage":"de","url":"https:\/\/www.best-bottles.de\/wp-content\/uploads\/2016\/01\/logo.jpg","contentUrl":"https:\/\/www.best-bottles.de\/wp-content\/uploads\/2016\/01\/logo.jpg","width":646,"height":646,"caption":"best-bottles.de"},"image":{"@id":"https:\/\/www.best-bottles.de\/#logo"}},{"@type":"WebSite","@id":"https:\/\/www.best-bottles.de\/#website","url":"https:\/\/www.best-bottles.de\/","name":"Best Bottles - Ihr Partner f\u00fcr RUM &amp; Co","description":"Eine weitere WordPress-Seite","publisher":{"@id":"https:\/\/www.best-bottles.de\/#organization"},"potentialAction":[{"@type":"SearchAction","target":{"@type":"EntryPoint","urlTemplate":"https:\/\/www.best-bottles.de\/?s={search_term_string}"},"query-input":"required name=search_term_string"}],"inLanguage":"de"},{"@type":"ImageObject","@id":"https:\/\/www.best-bottles.de\/?page_id=339#primaryimage","inLanguage":"de","url":"","contentUrl":""},{"@type":"WebPage","@id":"https:\/\/www.best-bottles.de\/?page_id=339#webpage","url":"https:\/\/www.best-bottles.de\/?page_id=339","name":"White Russian Rezept - Cocktails f\u00fcr Ihre Party","isPartOf":{"@id":"https:\/\/www.best-bottles.de\/#website"},"primaryImageOfPage":{"@id":"https:\/\/www.best-bottles.de\/?page_id=339#primaryimage"},"datePublished":"2016-01-12T19:20:56+00:00","dateModified":"2016-08-09T08:34:06+00:00","description":"Der White Russian ist die aus dem tiefen Russland entstanden. Der Sahnige Cocktail - nicht nur f\u00fcr Big Lebowski Fans.. Hier das beste White Russian Rezept.","breadcrumb":{"@id":"https:\/\/www.best-bottles.de\/?page_id=339#breadcrumb"},"inLanguage":"de","potentialAction":[{"@type":"ReadAction","target":["https:\/\/www.best-bottles.de\/?page_id=339"]}]},{"@type":"BreadcrumbList","@id":"https:\/\/www.best-bottles.de\/?page_id=339#breadcrumb","itemListElement":[{"@type":"ListItem","position":1,"name":"Home","item":"https:\/\/www.best-bottles.de\/"},{"@type":"ListItem","position":2,"name":"Rezepte","item":"https:\/\/www.best-bottles.de\/?page_id=70"},{"@type":"ListItem","position":3,"name":"White Russian Rezept"}]}]}},"_links":{"self":[{"href":"https:\/\/www.best-bottles.de\/index.php?rest_route=\/wp\/v2\/pages\/339"}],"collection":[{"href":"https:\/\/www.best-bottles.de\/index.php?rest_route=\/wp\/v2\/pages"}],"about":[{"href":"https:\/\/www.best-bottles.de\/index.php?rest_route=\/wp\/v2\/types\/page"}],"author":[{"embeddable":true,"href":"https:\/\/www.best-bottles.de\/index.php?rest_route=\/wp\/v2\/users\/1"}],"replies":[{"embeddable":true,"href":"https:\/\/www.best-bottles.de\/index.php?rest_route=%2Fwp%2Fv2%2Fcomments&post=339"}],"version-history":[{"count":14,"href":"https:\/\/www.best-bottles.de\/index.php?rest_route=\/wp\/v2\/pages\/339\/revisions"}],"predecessor-version":[{"id":1432,"href":"https:\/\/www.best-bottles.de\/index.php?rest_route=\/wp\/v2\/pages\/339\/revisions\/1432"}],"up":[{"embeddable":true,"href":"https:\/\/www.best-bottles.de\/index.php?rest_route=\/wp\/v2\/pages\/70"}],"wp:featuredmedia":[{"embeddable":true,"href":"https:\/\/www.best-bottles.de\/index.php?rest_route=\/wp\/v2\/media\/340"}],"wp:attachment":[{"href":"https:\/\/www.best-bottles.de\/index.php?rest_route=%2Fwp%2Fv2%2Fmedia&parent=339"}],"wp:term":[{"taxonomy":"post_tag","embeddable":true,"href":"https:\/\/www.best-bottles.de\/index.php?rest_route=%2Fwp%2Fv2%2Ftags&post=339"}],"curies":[{"name":"wp","href":"https:\/\/api.w.org\/{rel}","templated":true}]}}