{"id":313,"date":"2016-01-03T17:45:04","date_gmt":"2016-01-03T16:45:04","guid":{"rendered":"http:\/\/www.best-bottles.de\/?page_id=313"},"modified":"2016-08-09T10:32:07","modified_gmt":"2016-08-09T08:32:07","slug":"especial-cola-rezept","status":"publish","type":"page","link":"https:\/\/www.best-bottles.de\/?page_id=313","title":{"rendered":"Especial Cola Rezept"},"content":{"rendered":"<p>[av_slideshow_full size=&#8217;featured&#8216; stretch=&#8220; animation=&#8217;slide&#8216; autoplay=&#8217;false&#8216; interval=&#8217;5&#8242; control_layout=&#8217;av-control-default&#8216; src=&#8220; attachment=&#8220; attachment_size=&#8220; position=&#8217;top left&#8216; repeat=&#8217;no-repeat&#8216; attach=&#8217;scroll&#8216;]<br \/>\n[av_slide_full slide_type=&#8217;image&#8216; id=&#8217;89&#8216; video=&#8217;http:\/\/&#8216; mobile_image=&#8220; video_format=&#8220; video_ratio=&#8217;16:9&#8242; title=&#8217;Especial Cola&#8216; custom_title_size=&#8220; custom_content_size=&#8220; caption_pos=&#8217;caption_bottom&#8216; link_apply=&#8220; link=&#8217;lightbox&#8216; link_target=&#8220; button_label=&#8217;Click me&#8216; button_color=&#8217;light&#8216; link1=&#8217;manually,http:\/\/&#8216; link_target1=&#8220; button_label2=&#8217;Click me&#8216; button_color2=&#8217;light&#8216; link2=&#8217;manually,http:\/\/&#8216; link_target2=&#8220; font_color=&#8220; custom_title=&#8220; custom_content=&#8220; overlay_opacity=&#8217;0.5&#8242; overlay_color=&#8220; overlay_pattern=&#8220; overlay_custom_pattern=&#8220;]<br \/>\nVollmundik mit dem Vanille Geschmack des Havana Club A\u00f1ejo Especial<br \/>\n[\/av_slide_full]<br \/>\n[\/av_slideshow_full]<\/p>\n<p>[av_textblock size=&#8220; font_color=&#8220; color=&#8220;]<\/p>\n<h2>Zutaten zum Especial Cola<\/h2>\n<p>5cl RUM <a href=\"https:\/\/www.best-bottles.de\/produkt\/rum\/havana-club-anejo-especial-07-l-rum\/\">Havana Club A\u00f1ejo Especial<\/a><br \/>\nCoca Cola<br \/>\nEisw\u00fcrfel<br \/>\nOrange<br \/>\n[\/av_textblock]<\/p>\n<p>[av_textblock size=&#8220; font_color=&#8220; color=&#8220;]<\/p>\n<figure id=\"attachment_458\" aria-describedby=\"caption-attachment-458\" style=\"width: 200px\" class=\"wp-caption alignleft\"><a href=\"https:\/\/www.best-bottles.de\/wp-content\/uploads\/2015\/12\/especial-cola.jpg\"><img loading=\"lazy\" class=\"alignnone wp-image-458 size-medium\" title=\"Especial Cola\" src=\"https:\/\/www.best-bottles.de\/wp-content\/uploads\/2015\/12\/especial-cola-200x300.jpg\" alt=\"Especial Cola\" width=\"200\" height=\"300\" srcset=\"https:\/\/www.best-bottles.de\/wp-content\/uploads\/2015\/12\/especial-cola-200x300.jpg 200w, https:\/\/www.best-bottles.de\/wp-content\/uploads\/2015\/12\/especial-cola.jpg 283w\" sizes=\"(max-width: 200px) 100vw, 200px\" \/><\/a><figcaption id=\"caption-attachment-458\" class=\"wp-caption-text\">Especial Cola im Tumbler<\/figcaption><\/figure>\n<h2>Zubereitung des Especial Cola<\/h2>\n<p>Geben Sie die Eisw\u00fcrfel in ein Longdrink Glas und gie\u00dfen den Havana Club A\u00f1ejo Especial ein. Anschlie\u00dfend f\u00fcllen Sei das Glas mit Coca Cola auf und r\u00fchren es kurz mit einem <a href=\"https:\/\/www.best-bottles.de\/produkt-schlagwort\/stirrer\/\">Stirrer<\/a> um. Garnieren Sie das Glas mit einer Orangenscheibe. Wenn Sie eine Limette verwenden \u00e4hnelt es schon sehr dem <a href=\"https:\/\/www.best-bottles.de\/rezepte\/cuba-libre\/\">Cuba Libre<\/a> oder dem <a href=\"https:\/\/www.best-bottles.de\/rezepte\/cubata\/\">Cubata<\/a>,\u00a0 wobei beim Cuba Libre die Limette noch ausgepresst wird und au\u00dferdem ein <a href=\"https:\/\/www.best-bottles.de\/produkt-schlagwort\/weisser-rum\/\">wei\u00dfer Rum<\/a> anstelle eines <a href=\"https:\/\/www.best-bottles.de\/produkt-schlagwort\/brauner-rum\/\">brauenen Rums<\/a> verwendet wird.<br \/>\n[\/av_textblock]<\/p>\n<p>[av_textblock size=&#8220; font_color=&#8220; color=&#8220;]<\/p>\n<h2>Geeignete RUM Sorten f\u00fcr Especial Cola<\/h2>\n<p>Wie der Name bereits vermuten l\u00e4sst, wird Especial Cola mit <a href=\"https:\/\/www.best-bottles.de\/produkt\/rum\/havana-club-anejo-especial-07-l-rum\/\">Havana Club A\u00f1ejo Especial<\/a> gemixt. Wir glauben auch, dass es eine Glaubensfrage ist, aber so geht eben das beste Rezept. Es sind alles leichte Abwandlungen von RUM Cola, egal ob er nun &#8222;<a href=\"https:\/\/www.best-bottles.de\/rezepte\/cuba-libre\/\">Cuba Libre<\/a>&#8222;, &#8222;<a href=\"https:\/\/www.best-bottles.de\/rezepte\/cubata\/\">Cubata<\/a>&#8222;, &#8222;<a href=\"https:\/\/www.best-bottles.de\/rezepte\/captain-cola-rezept\/\">Captain Cola<\/a>&#8222;, &#8222;<a href=\"https:\/\/www.best-bottles.de\/rezepte\/bacardi-cola-rezept\/\">Bacardi Cola<\/a>&#8220; oder eben &#8222;Especial Cola&#8220; heisst. Jeder RUM braucht sein eigenes Rezept und am Ende ist es doch Geschmacksache. Trinken Sie Ihren &#8222;Especial Cola&#8220; So wie Sie Ihn m\u00f6gen, ab mit Limette, Zitrone oder Orange, aber ins Originalrezept geh\u00f6ren eben eine Orangenscheibe.<br \/>\n[\/av_textblock]<\/p>\n<p>[av_textblock size=&#8220; font_color=&#8220; color=&#8220;]<\/p>\n<h2>Geeignete Gl\u00e4ser f\u00fcr Especial Cola<\/h2>\n<p>Especial Cola wird klassisch aus einem Cocktail-Glas (Caipi-Glas) getrunken. Wie Sie oben aber sehen passt er auch sehr gut in ein Tumbler-Glas.<br \/>\n[\/av_textblock]<\/p>\n<p>[av_comments_list]<\/p>\n<p>[av_codeblock wrapper_element=&#8220; wrapper_element_attributes=&#8220;]<br \/>\n<script type=\"application\/ld+json\">\/\/ <![CDATA[\n{\n  \"@context\": \"http:\/\/schema.org\/\",\n  \"@type\": \"Recipe\",\n  \"name\": \"Especial Cola\",\n  \"author\": \"Chriss\",\n  \"image\": \"https:\/\/www.best-bottles.de\/wp-content\/uploads\/2015\/12\/especial-cola.jpg\",\n  \"description\": \"Vollmundik mit dem Vanille Geschmack des Havana Club A\u00f1ejo Especial\",\n  \"aggregateRating\": {\n    \"@type\": \"AggregateRating\",\n    \"ratingValue\": \"0\",\n    \"reviewCount\": \"0\",\n    \"bestRating\": \"0\",\n    \"worstRating\": \"0\"\n  },\n  \"prepTime\": \"PT3M\",\n  \"totalTime\": \"PT3M\",\n  \"nutrition\": {\n    \"@type\": \"NutritionInformation\",\n    \"calories\": \"85 calories\",\n    \"fatContent\": \"0 g\",\n    \"proteinContent\": \"0 g\",\n    \"saturatedFatContent\": \"0 g\",\n    \"sugarContent\": \"10 g\"\n  },\n  \"recipeIngredient\": [\n    \"5cl RUM\",\n    \"Cola\",\n    \"Orange\",\n    \"eine Hand voll Eis\"\n  ],\n  \"recipeInstructions\": [\n    \"1 Geben Sie die Eisw\u00fcrfel in ein Longdrink Glas und gie\u00dfen den Havana Club A\u00f1ejo Especial ein. \",\n    \"2 Anschlie\u00dfend f\u00fcllen Sei das Glas mit Coca Cola auf und r\u00fchren es kurz mit einem Stirrer um.\",\n    \"3 Garnieren Sie das Glas mit einer Orangenscheibe.\"\n   ]\n}\n\/\/ ]]><\/script><br \/>\n[\/av_codeblock]<\/p>\n","protected":false},"excerpt":{"rendered":"<p>Hier finden Sie das Rezept und die Zutaten zu Especial Cola. Einfach gemachter Longdrink der auf keiner Party fehlen darf.<\/p>\n","protected":false},"author":1,"featured_media":458,"parent":70,"menu_order":0,"comment_status":"open","ping_status":"closed","template":"","meta":{"site-sidebar-layout":"default","site-content-layout":"","ast-site-content-layout":"default","site-content-style":"default","site-sidebar-style":"default","ast-global-header-display":"","ast-banner-title-visibility":"","ast-main-header-display":"","ast-hfb-above-header-display":"","ast-hfb-below-header-display":"","ast-hfb-mobile-header-display":"","site-post-title":"","ast-breadcrumbs-content":"","ast-featured-img":"","footer-sml-layout":"","theme-transparent-header-meta":"","adv-header-id-meta":"","stick-header-meta":"","header-above-stick-meta":"","header-main-stick-meta":"","header-below-stick-meta":"","astra-migrate-meta-layouts":"default","ast-page-background-enabled":"default","ast-page-background-meta":{"desktop":{"background-color":"var(--ast-global-color-5)","background-image":"","background-repeat":"repeat","background-position":"center center","background-size":"auto","background-attachment":"scroll","background-type":"","background-media":"","overlay-type":"","overlay-color":"","overlay-opacity":"","overlay-gradient":""},"tablet":{"background-color":"","background-image":"","background-repeat":"repeat","background-position":"center center","background-size":"auto","background-attachment":"scroll","background-type":"","background-media":"","overlay-type":"","overlay-color":"","overlay-opacity":"","overlay-gradient":""},"mobile":{"background-color":"","background-image":"","background-repeat":"repeat","background-position":"center center","background-size":"auto","background-attachment":"scroll","background-type":"","background-media":"","overlay-type":"","overlay-color":"","overlay-opacity":"","overlay-gradient":""}},"ast-content-background-meta":{"desktop":{"background-color":"var(--ast-global-color-4)","background-image":"","background-repeat":"repeat","background-position":"center center","background-size":"auto","background-attachment":"scroll","background-type":"","background-media":"","overlay-type":"","overlay-color":"","overlay-opacity":"","overlay-gradient":""},"tablet":{"background-color":"var(--ast-global-color-4)","background-image":"","background-repeat":"repeat","background-position":"center center","background-size":"auto","background-attachment":"scroll","background-type":"","background-media":"","overlay-type":"","overlay-color":"","overlay-opacity":"","overlay-gradient":""},"mobile":{"background-color":"var(--ast-global-color-4)","background-image":"","background-repeat":"repeat","background-position":"center center","background-size":"auto","background-attachment":"scroll","background-type":"","background-media":"","overlay-type":"","overlay-color":"","overlay-opacity":"","overlay-gradient":""}}},"tags":[28,27,252,22,20,29],"yoast_head":"<!-- This site is optimized with the Yoast SEO plugin v18.6 - https:\/\/yoast.com\/wordpress\/plugins\/seo\/ -->\n<title>Especial Cola Rezept - Cocktailrezepte f\u00fcr Ihre Party<\/title>\n<meta name=\"description\" content=\"Especial Cola. Havana Club brauner RUM, Cola und eine Orange. Der Especial Cola darf auf keiner Cocktail-Party fehlen.\" \/>\n<meta name=\"robots\" content=\"index, follow, max-snippet:-1, max-image-preview:large, max-video-preview:-1\" \/>\n<link rel=\"canonical\" href=\"https:\/\/www.best-bottles.de\/?page_id=313\" \/>\n<meta property=\"og:locale\" content=\"de_DE\" \/>\n<meta property=\"og:type\" content=\"article\" \/>\n<meta property=\"og:title\" content=\"Especial Cola Rezept - Cocktailrezepte f\u00fcr Ihre Party\" \/>\n<meta property=\"og:description\" content=\"Especial Cola. Havana Club brauner RUM, Cola und eine Orange. Der Especial Cola darf auf keiner Cocktail-Party fehlen.\" \/>\n<meta property=\"og:url\" content=\"https:\/\/www.best-bottles.de\/?page_id=313\" \/>\n<meta property=\"og:site_name\" content=\"Best Bottles - Ihr Partner f\u00fcr RUM &amp; Co\" \/>\n<meta property=\"article:modified_time\" content=\"2016-08-09T08:32:07+00:00\" \/>\n<meta property=\"og:image\" content=\"https:\/\/www.best-bottles.de\/wp-content\/uploads\/2015\/12\/especial-cola.jpg\" \/>\n\t<meta property=\"og:image:width\" content=\"283\" \/>\n\t<meta property=\"og:image:height\" content=\"424\" \/>\n\t<meta property=\"og:image:type\" content=\"image\/jpeg\" \/>\n<meta name=\"twitter:card\" content=\"summary\" \/>\n<meta name=\"twitter:label1\" content=\"Gesch\u00e4tzte Lesezeit\" \/>\n\t<meta name=\"twitter:data1\" content=\"2\u00a0Minuten\" \/>\n<script type=\"application\/ld+json\" class=\"yoast-schema-graph\">{\"@context\":\"https:\/\/schema.org\",\"@graph\":[{\"@type\":\"Organization\",\"@id\":\"https:\/\/www.best-bottles.de\/#organization\",\"name\":\"best-bottles.de\",\"url\":\"https:\/\/www.best-bottles.de\/\",\"sameAs\":[],\"logo\":{\"@type\":\"ImageObject\",\"@id\":\"https:\/\/www.best-bottles.de\/#logo\",\"inLanguage\":\"de\",\"url\":\"https:\/\/www.best-bottles.de\/wp-content\/uploads\/2016\/01\/logo.jpg\",\"contentUrl\":\"https:\/\/www.best-bottles.de\/wp-content\/uploads\/2016\/01\/logo.jpg\",\"width\":646,\"height\":646,\"caption\":\"best-bottles.de\"},\"image\":{\"@id\":\"https:\/\/www.best-bottles.de\/#logo\"}},{\"@type\":\"WebSite\",\"@id\":\"https:\/\/www.best-bottles.de\/#website\",\"url\":\"https:\/\/www.best-bottles.de\/\",\"name\":\"Best Bottles - Ihr Partner f\u00fcr RUM &amp; Co\",\"description\":\"Eine weitere WordPress-Seite\",\"publisher\":{\"@id\":\"https:\/\/www.best-bottles.de\/#organization\"},\"potentialAction\":[{\"@type\":\"SearchAction\",\"target\":{\"@type\":\"EntryPoint\",\"urlTemplate\":\"https:\/\/www.best-bottles.de\/?s={search_term_string}\"},\"query-input\":\"required name=search_term_string\"}],\"inLanguage\":\"de\"},{\"@type\":\"ImageObject\",\"@id\":\"https:\/\/www.best-bottles.de\/?page_id=313#primaryimage\",\"inLanguage\":\"de\",\"url\":\"https:\/\/www.best-bottles.de\/wp-content\/uploads\/2015\/12\/especial-cola.jpg\",\"contentUrl\":\"https:\/\/www.best-bottles.de\/wp-content\/uploads\/2015\/12\/especial-cola.jpg\",\"width\":283,\"height\":424,\"caption\":\"Especial Cola\"},{\"@type\":\"WebPage\",\"@id\":\"https:\/\/www.best-bottles.de\/?page_id=313#webpage\",\"url\":\"https:\/\/www.best-bottles.de\/?page_id=313\",\"name\":\"Especial Cola Rezept - Cocktailrezepte f\u00fcr Ihre Party\",\"isPartOf\":{\"@id\":\"https:\/\/www.best-bottles.de\/#website\"},\"primaryImageOfPage\":{\"@id\":\"https:\/\/www.best-bottles.de\/?page_id=313#primaryimage\"},\"datePublished\":\"2016-01-03T16:45:04+00:00\",\"dateModified\":\"2016-08-09T08:32:07+00:00\",\"description\":\"Especial Cola. Havana Club brauner RUM, Cola und eine Orange. Der Especial Cola darf auf keiner Cocktail-Party fehlen.\",\"breadcrumb\":{\"@id\":\"https:\/\/www.best-bottles.de\/?page_id=313#breadcrumb\"},\"inLanguage\":\"de\",\"potentialAction\":[{\"@type\":\"ReadAction\",\"target\":[\"https:\/\/www.best-bottles.de\/?page_id=313\"]}]},{\"@type\":\"BreadcrumbList\",\"@id\":\"https:\/\/www.best-bottles.de\/?page_id=313#breadcrumb\",\"itemListElement\":[{\"@type\":\"ListItem\",\"position\":1,\"name\":\"Home\",\"item\":\"https:\/\/www.best-bottles.de\/\"},{\"@type\":\"ListItem\",\"position\":2,\"name\":\"Rezepte\",\"item\":\"https:\/\/www.best-bottles.de\/?page_id=70\"},{\"@type\":\"ListItem\",\"position\":3,\"name\":\"Especial Cola Rezept\"}]}]}<\/script>\n<!-- \/ Yoast SEO plugin. -->","yoast_head_json":{"title":"Especial Cola Rezept - Cocktailrezepte f\u00fcr Ihre Party","description":"Especial Cola. Havana Club brauner RUM, Cola und eine Orange. Der Especial Cola darf auf keiner Cocktail-Party fehlen.","robots":{"index":"index","follow":"follow","max-snippet":"max-snippet:-1","max-image-preview":"max-image-preview:large","max-video-preview":"max-video-preview:-1"},"canonical":"https:\/\/www.best-bottles.de\/?page_id=313","og_locale":"de_DE","og_type":"article","og_title":"Especial Cola Rezept - Cocktailrezepte f\u00fcr Ihre Party","og_description":"Especial Cola. Havana Club brauner RUM, Cola und eine Orange. Der Especial Cola darf auf keiner Cocktail-Party fehlen.","og_url":"https:\/\/www.best-bottles.de\/?page_id=313","og_site_name":"Best Bottles - Ihr Partner f\u00fcr RUM &amp; Co","article_modified_time":"2016-08-09T08:32:07+00:00","og_image":[{"width":283,"height":424,"url":"https:\/\/www.best-bottles.de\/wp-content\/uploads\/2015\/12\/especial-cola.jpg","type":"image\/jpeg"}],"twitter_card":"summary","twitter_misc":{"Gesch\u00e4tzte Lesezeit":"2\u00a0Minuten"},"schema":{"@context":"https:\/\/schema.org","@graph":[{"@type":"Organization","@id":"https:\/\/www.best-bottles.de\/#organization","name":"best-bottles.de","url":"https:\/\/www.best-bottles.de\/","sameAs":[],"logo":{"@type":"ImageObject","@id":"https:\/\/www.best-bottles.de\/#logo","inLanguage":"de","url":"https:\/\/www.best-bottles.de\/wp-content\/uploads\/2016\/01\/logo.jpg","contentUrl":"https:\/\/www.best-bottles.de\/wp-content\/uploads\/2016\/01\/logo.jpg","width":646,"height":646,"caption":"best-bottles.de"},"image":{"@id":"https:\/\/www.best-bottles.de\/#logo"}},{"@type":"WebSite","@id":"https:\/\/www.best-bottles.de\/#website","url":"https:\/\/www.best-bottles.de\/","name":"Best Bottles - Ihr Partner f\u00fcr RUM &amp; Co","description":"Eine weitere WordPress-Seite","publisher":{"@id":"https:\/\/www.best-bottles.de\/#organization"},"potentialAction":[{"@type":"SearchAction","target":{"@type":"EntryPoint","urlTemplate":"https:\/\/www.best-bottles.de\/?s={search_term_string}"},"query-input":"required name=search_term_string"}],"inLanguage":"de"},{"@type":"ImageObject","@id":"https:\/\/www.best-bottles.de\/?page_id=313#primaryimage","inLanguage":"de","url":"https:\/\/www.best-bottles.de\/wp-content\/uploads\/2015\/12\/especial-cola.jpg","contentUrl":"https:\/\/www.best-bottles.de\/wp-content\/uploads\/2015\/12\/especial-cola.jpg","width":283,"height":424,"caption":"Especial Cola"},{"@type":"WebPage","@id":"https:\/\/www.best-bottles.de\/?page_id=313#webpage","url":"https:\/\/www.best-bottles.de\/?page_id=313","name":"Especial Cola Rezept - Cocktailrezepte f\u00fcr Ihre Party","isPartOf":{"@id":"https:\/\/www.best-bottles.de\/#website"},"primaryImageOfPage":{"@id":"https:\/\/www.best-bottles.de\/?page_id=313#primaryimage"},"datePublished":"2016-01-03T16:45:04+00:00","dateModified":"2016-08-09T08:32:07+00:00","description":"Especial Cola. Havana Club brauner RUM, Cola und eine Orange. Der Especial Cola darf auf keiner Cocktail-Party fehlen.","breadcrumb":{"@id":"https:\/\/www.best-bottles.de\/?page_id=313#breadcrumb"},"inLanguage":"de","potentialAction":[{"@type":"ReadAction","target":["https:\/\/www.best-bottles.de\/?page_id=313"]}]},{"@type":"BreadcrumbList","@id":"https:\/\/www.best-bottles.de\/?page_id=313#breadcrumb","itemListElement":[{"@type":"ListItem","position":1,"name":"Home","item":"https:\/\/www.best-bottles.de\/"},{"@type":"ListItem","position":2,"name":"Rezepte","item":"https:\/\/www.best-bottles.de\/?page_id=70"},{"@type":"ListItem","position":3,"name":"Especial Cola Rezept"}]}]}},"_links":{"self":[{"href":"https:\/\/www.best-bottles.de\/index.php?rest_route=\/wp\/v2\/pages\/313"}],"collection":[{"href":"https:\/\/www.best-bottles.de\/index.php?rest_route=\/wp\/v2\/pages"}],"about":[{"href":"https:\/\/www.best-bottles.de\/index.php?rest_route=\/wp\/v2\/types\/page"}],"author":[{"embeddable":true,"href":"https:\/\/www.best-bottles.de\/index.php?rest_route=\/wp\/v2\/users\/1"}],"replies":[{"embeddable":true,"href":"https:\/\/www.best-bottles.de\/index.php?rest_route=%2Fwp%2Fv2%2Fcomments&post=313"}],"version-history":[{"count":9,"href":"https:\/\/www.best-bottles.de\/index.php?rest_route=\/wp\/v2\/pages\/313\/revisions"}],"predecessor-version":[{"id":1457,"href":"https:\/\/www.best-bottles.de\/index.php?rest_route=\/wp\/v2\/pages\/313\/revisions\/1457"}],"up":[{"embeddable":true,"href":"https:\/\/www.best-bottles.de\/index.php?rest_route=\/wp\/v2\/pages\/70"}],"wp:featuredmedia":[{"embeddable":true,"href":"https:\/\/www.best-bottles.de\/index.php?rest_route=\/wp\/v2\/media\/458"}],"wp:attachment":[{"href":"https:\/\/www.best-bottles.de\/index.php?rest_route=%2Fwp%2Fv2%2Fmedia&parent=313"}],"wp:term":[{"taxonomy":"post_tag","embeddable":true,"href":"https:\/\/www.best-bottles.de\/index.php?rest_route=%2Fwp%2Fv2%2Ftags&post=313"}],"curies":[{"name":"wp","href":"https:\/\/api.w.org\/{rel}","templated":true}]}}