{"id":1420,"date":"2016-07-17T13:05:03","date_gmt":"2016-07-17T11:05:03","guid":{"rendered":"https:\/\/www.best-bottles.de\/?page_id=1420"},"modified":"2016-08-09T10:34:16","modified_gmt":"2016-08-09T08:34:16","slug":"sex-on-the-beach-rezept","status":"publish","type":"page","link":"https:\/\/www.best-bottles.de\/?page_id=1420","title":{"rendered":"Sex on the Beach Rezept"},"content":{"rendered":"<p>[av_slideshow_full size=&#8217;featured&#8216; stretch=&#8220; animation=&#8217;slide&#8216; autoplay=&#8217;false&#8216; interval=&#8217;5&#8242; control_layout=&#8217;av-control-default&#8216; src=&#8220; attachment=&#8220; attachment_size=&#8220; position=&#8217;top left&#8216; repeat=&#8217;no-repeat&#8216; attach=&#8217;scroll&#8216;]<br \/>\n[av_slide_full slide_type=&#8217;image&#8216; id=&#8217;1421&#8242; video=&#8217;http:\/\/&#8216; mobile_image=&#8220; video_format=&#8220; video_ratio=&#8217;16:9&#8242; title=&#8217;Sex on the Beach Rezept&#8216; custom_title_size=&#8220; custom_content_size=&#8220; caption_pos=&#8217;caption_bottom&#8216; link_apply=&#8220; link=&#8217;lightbox&#8216; link_target=&#8220; button_label=&#8217;Click me&#8216; button_color=&#8217;light&#8216; link1=&#8217;manually,http:\/\/&#8216; link_target1=&#8220; button_label2=&#8217;Click me&#8216; button_color2=&#8217;light&#8216; link2=&#8217;manually,http:\/\/&#8216; link_target2=&#8220; font_color=&#8220; custom_title=&#8220; custom_content=&#8220; overlay_opacity=&#8217;0.5&#8242; overlay_color=&#8220; overlay_pattern=&#8220; overlay_custom_pattern=&#8220;]<br \/>\nder fruchtige Cocktail f\u00fcr den Sommer<br \/>\n[\/av_slide_full]<\/p>\n<p>[\/av_slideshow_full]<\/p>\n<p>[av_textblock size=&#8220; font_color=&#8220; color=&#8220;]<\/p>\n<h2>Zutaten zum Sex on the Beach Rezept<\/h2>\n<p>[\/av_textblock]<\/p>\n<p>[av_table purpose=&#8217;pricing&#8216; pricing_table_design=&#8217;avia_pricing_default&#8216; pricing_hidden_cells=&#8220; caption=&#8220; responsive_styling=&#8217;avia_responsive_table&#8216;]<br \/>\n[av_row row_style=&#8217;avia-heading-row&#8216;][av_cell col_style=&#8217;avia-desc-col&#8216;][\/av_cell][av_cell col_style=&#8220;]Longdrink Glas[\/av_cell][\/av_row]<br \/>\n[av_row row_style=&#8220;][av_cell col_style=&#8217;avia-desc-col&#8216;]Wodka[\/av_cell][av_cell col_style=&#8220;]4cl[\/av_cell][\/av_row]<br \/>\n[av_row row_style=&#8220;][av_cell col_style=&#8217;avia-desc-col&#8216;]Pfirsichlik\u00f6r[\/av_cell][av_cell col_style=&#8220;]2cl[\/av_cell][\/av_row]<br \/>\n[av_row row_style=&#8220;][av_cell col_style=&#8217;avia-desc-col&#8216;]Zitronensaft[\/av_cell][av_cell col_style=&#8220;]2cl[\/av_cell][\/av_row]<br \/>\n[av_row row_style=&#8220;][av_cell col_style=&#8217;avia-desc-col&#8216;]Annanassaft[\/av_cell][av_cell col_style=&#8220;]2cl[\/av_cell][\/av_row]<br \/>\n[av_row row_style=&#8220;][av_cell col_style=&#8217;avia-desc-col&#8216;]Orangensaft[\/av_cell][av_cell col_style=&#8220;]4cl[\/av_cell][\/av_row]<br \/>\n[av_row row_style=&#8220;][av_cell col_style=&#8217;avia-desc-col&#8216;]Grenadine[\/av_cell][av_cell col_style=&#8220;]1cl[\/av_cell][\/av_row]<br \/>\n[av_row row_style=&#8220;][av_cell col_style=&#8217;avia-desc-col&#8216;]Orangenscheiben[\/av_cell][av_cell col_style=&#8220;]1-2[\/av_cell][\/av_row]<br \/>\n[\/av_table]<\/p>\n<p>[av_textblock size=&#8220; font_color=&#8220; color=&#8220;]<\/p>\n<h2>Zubereitung des &#8222;Sex on the Beach&#8220;<\/h2>\n<p>Geben Sie alle Zutaten mit Eisw\u00fcrfel in einen Shaker. Dadurch werden die Zutaten gut gemixt und der Cocktail stark heruntergek\u00fchlt. Seien Sie den Cocktail nicht ab. Geben Sie alles, auch die Eisw\u00fcrfel, in ein Longdrink Glas und garnieren Sie den Cocktail mit 1-2 Orangenscheiben. Achten Sie dabei darauf, dass Sie &#8222;unbehandelte&#8220; BIO-Orangen nehmen oder, dass Sie die Orangen vorher unter flie\u00dfend heissem Wasser gut abwaschen.<br \/>\n[\/av_textblock]<\/p>\n<p>[av_textblock size=&#8220; font_color=&#8220; color=&#8220;]<\/p>\n<h2>Geeignete Wodka-Sorten f\u00fcr den &#8222;Sex on the Beach&#8220;<\/h2>\n<p>Wir trinken den Black Russian gerne mit dem <a href=\"https:\/\/www.best-bottles.de\/produkt\/wodka\/smirnoff-red-label-no-21-07-l\/\">Smirnoff Red Label No. 21<\/a>. In der regul\u00e4ren <a href=\"https:\/\/www.best-bottles.de\/produkt\/wodka\/smirnoff-red-label-no-21-07-l\/\">0,7l Flasche Smirnoff Red Label No. 21<\/a> stecken etwa 17 &#8222;Sex on the Beach&#8220;. Haben Sie viele G\u00e4ste die gerne den Mix aus guten Wodka und Fruchts\u00e4ften zu sch\u00e4tzen wissen, sollten Sie eher zur <a href=\"https:\/\/www.best-bottles.de\/produkt\/wodka\/amirnoff-red-label-no-21-15-l-party-flasche\/\">1,5l Party Flasche Smirnoff Red Label No. 21<\/a> greifen.<br \/>\n[\/av_textblock]<\/p>\n<p>[av_textblock size=&#8220; font_color=&#8220; color=&#8220;]<\/p>\n<h2>Geeignete Gl\u00e4ser f\u00fcr den &#8222;Sex on the Beach&#8220;<\/h2>\n<figure id=\"attachment_1424\" aria-describedby=\"caption-attachment-1424\" style=\"width: 225px\" class=\"wp-caption alignleft\"><a href=\"https:\/\/www.best-bottles.de\/wp-content\/uploads\/2016\/07\/sex-on-the-beach-im-glas.jpg\"><img loading=\"lazy\" class=\"size-medium wp-image-1424\" src=\"https:\/\/www.best-bottles.de\/wp-content\/uploads\/2016\/07\/sex-on-the-beach-im-glas-225x300.jpg\" alt=\"Sex on the Beach Rezept\" width=\"225\" height=\"300\" srcset=\"https:\/\/www.best-bottles.de\/wp-content\/uploads\/2016\/07\/sex-on-the-beach-im-glas-225x300.jpg 225w, https:\/\/www.best-bottles.de\/wp-content\/uploads\/2016\/07\/sex-on-the-beach-im-glas-450x600.jpg 450w, https:\/\/www.best-bottles.de\/wp-content\/uploads\/2016\/07\/sex-on-the-beach-im-glas-529x705.jpg 529w, https:\/\/www.best-bottles.de\/wp-content\/uploads\/2016\/07\/sex-on-the-beach-im-glas.jpg 600w\" sizes=\"(max-width: 225px) 100vw, 225px\" \/><\/a><figcaption id=\"caption-attachment-1424\" class=\"wp-caption-text\">Sex on the Beach im Glas<\/figcaption><\/figure>\n<p>Klassisch wird der Sex on the Beach in einem hohen Longdrink-Glas serviert.<br \/>\n[\/av_textblock]<\/p>\n<p>[av_social_share title=&#8217;Teile diesen Eintrag&#8216; style=&#8220; buttons=&#8220; share_facebook=&#8220; share_twitter=&#8220; share_pinterest=&#8220; share_gplus=&#8220; share_reddit=&#8220; share_linkedin=&#8220; share_tumblr=&#8220; share_vk=&#8220; share_mail=&#8220;][\/av_social_share]<\/p>\n<p>[av_codeblock wrapper_element=&#8220; wrapper_element_attributes=&#8220;]<br \/>\n<script type=\"application\/ld+json\">\/\/ <![CDATA[\n{\n  \"@context\": \"http:\/\/schema.org\/\",\n  \"@type\": \"Recipe\",\n  \"name\": \"Sex on the Beach\",\n  \"author\": \"Chriss\",\n  \"image\": \"https:\/\/cdn.best-bottles.de\/wp-content\/uploads\/2016\/07\/sex-on-the-beach-im-glas.jpg\",\n  \"description\": \"Der fruchtige Sommer Cocktail\",\n  \"aggregateRating\": {\n    \"@type\": \"AggregateRating\",\n    \"ratingValue\": \"0\",\n    \"reviewCount\": \"0\",\n    \"bestRating\": \"0\",\n    \"worstRating\": \"0\"\n  },\n  \"prepTime\": \"PT3M\",\n  \"totalTime\": \"PT3M\",\n  \"nutrition\": {\n    \"@type\": \"NutritionInformation\",\n    \"calories\": \"71 calories\",\n    \"fatContent\": \"0 g\",\n    \"proteinContent\": \"0 g\",\n    \"saturatedFatContent\": \"0 g\",\n    \"sugarContent\": \"0.9 g\",\n     \"Alcohol\":\"6 g\",\n  },\n  \"recipeIngredient\": [\n    \"4cl Wodka\",\n    \"2cl Kahl\u00faa\",  \n    \"2cl Sahne\",  \n    \"eine Hand voll Eis\"\n  ],\n  \"recipeInstructions\": [\n    \"1 Mixen Sie den Wodka mit dem Kahl\u00faa im Verh\u00e4ltnis 2:1 und geben Sie dieses auf Eisw\u00fcrfel in einem Tumbler Glas.\",\n    \"2 Schlagen Sie die Sahne kurz an und geben Sie diese \u00fcber einen L\u00f6ffel ins Glas, so dass sich Schichten bilden.\",\n    \"3 Wahlweise kann das Getr\u00e4nk auch ohne Eisw\u00fcrfel in einer Cocktailschale getrunken werden.\",\n    \"4 Das ist auch tats\u00e4chlich die beforzugte Anrichtungsweise unserer weiblichen Kunden, wobei diese eigentlich eher den White Russian bevorzugen.\"\n   ]\n}\n\/\/ ]]><\/script><br \/>\n[\/av_codeblock]<\/p>\n","protected":false},"excerpt":{"rendered":"<p>[av_slideshow_full size=&#8217;featured&#8216; stretch=&#8220; animation=&#8217;slide&#8216; autoplay=&#8217;false&#8216; interval=&#8217;5&#8242; control_layout=&#8217;av-control-default&#8216; src=&#8220; attachment=&#8220; attachment_size=&#8220; position=&#8217;top left&#8216; repeat=&#8217;no-repeat&#8216; attach=&#8217;scroll&#8216;] [av_slide_full slide_type=&#8217;image&#8216; id=&#8217;1421&#8242; video=&#8217;http:\/\/&#8216; mobile_image=&#8220; video_format=&#8220; [&hellip;]<\/p>\n","protected":false},"author":1,"featured_media":1421,"parent":70,"menu_order":0,"comment_status":"closed","ping_status":"closed","template":"","meta":{"site-sidebar-layout":"default","site-content-layout":"","ast-site-content-layout":"default","site-content-style":"default","site-sidebar-style":"default","ast-global-header-display":"","ast-banner-title-visibility":"","ast-main-header-display":"","ast-hfb-above-header-display":"","ast-hfb-below-header-display":"","ast-hfb-mobile-header-display":"","site-post-title":"","ast-breadcrumbs-content":"","ast-featured-img":"","footer-sml-layout":"","theme-transparent-header-meta":"","adv-header-id-meta":"","stick-header-meta":"","header-above-stick-meta":"","header-main-stick-meta":"","header-below-stick-meta":"","astra-migrate-meta-layouts":"default","ast-page-background-enabled":"default","ast-page-background-meta":{"desktop":{"background-color":"var(--ast-global-color-5)","background-image":"","background-repeat":"repeat","background-position":"center center","background-size":"auto","background-attachment":"scroll","background-type":"","background-media":"","overlay-type":"","overlay-color":"","overlay-opacity":"","overlay-gradient":""},"tablet":{"background-color":"","background-image":"","background-repeat":"repeat","background-position":"center center","background-size":"auto","background-attachment":"scroll","background-type":"","background-media":"","overlay-type":"","overlay-color":"","overlay-opacity":"","overlay-gradient":""},"mobile":{"background-color":"","background-image":"","background-repeat":"repeat","background-position":"center center","background-size":"auto","background-attachment":"scroll","background-type":"","background-media":"","overlay-type":"","overlay-color":"","overlay-opacity":"","overlay-gradient":""}},"ast-content-background-meta":{"desktop":{"background-color":"var(--ast-global-color-4)","background-image":"","background-repeat":"repeat","background-position":"center center","background-size":"auto","background-attachment":"scroll","background-type":"","background-media":"","overlay-type":"","overlay-color":"","overlay-opacity":"","overlay-gradient":""},"tablet":{"background-color":"var(--ast-global-color-4)","background-image":"","background-repeat":"repeat","background-position":"center center","background-size":"auto","background-attachment":"scroll","background-type":"","background-media":"","overlay-type":"","overlay-color":"","overlay-opacity":"","overlay-gradient":""},"mobile":{"background-color":"var(--ast-global-color-4)","background-image":"","background-repeat":"repeat","background-position":"center center","background-size":"auto","background-attachment":"scroll","background-type":"","background-media":"","overlay-type":"","overlay-color":"","overlay-opacity":"","overlay-gradient":""}}},"tags":[118,117,22,64,63,62,248,61],"yoast_head":"<!-- This site is optimized with the Yoast SEO plugin v18.6 - https:\/\/yoast.com\/wordpress\/plugins\/seo\/ -->\n<title>Sex on the Beach Rezept - Cocktails f\u00fcr Ihre Party<\/title>\n<meta name=\"description\" content=\"Sex on the Beach - der fruchtige Sommercocktail. Hier das Sex on the Beach Rezept in der Variation ohne Crambery-Saft.\" \/>\n<meta name=\"robots\" content=\"index, follow, max-snippet:-1, max-image-preview:large, max-video-preview:-1\" \/>\n<link rel=\"canonical\" href=\"https:\/\/www.best-bottles.de\/?page_id=1420\" \/>\n<meta property=\"og:locale\" content=\"de_DE\" \/>\n<meta property=\"og:type\" content=\"article\" \/>\n<meta property=\"og:title\" content=\"Sex on the Beach Rezept - Cocktails f\u00fcr Ihre Party\" \/>\n<meta property=\"og:description\" content=\"Sex on the Beach - der fruchtige Sommercocktail. Hier das Sex on the Beach Rezept in der Variation ohne Crambery-Saft.\" \/>\n<meta property=\"og:url\" content=\"https:\/\/www.best-bottles.de\/?page_id=1420\" \/>\n<meta property=\"og:site_name\" content=\"Best Bottles - Ihr Partner f\u00fcr RUM &amp; Co\" \/>\n<meta property=\"article:modified_time\" content=\"2016-08-09T08:34:16+00:00\" \/>\n<meta property=\"og:image\" content=\"https:\/\/www.best-bottles.de\/wp-content\/uploads\/2016\/07\/sex-on-the-beach.jpg\" \/>\n<meta name=\"twitter:card\" content=\"summary\" \/>\n<meta name=\"twitter:title\" content=\"Sex on the Beach Rezept - Cocktails f\u00fcr Ihre Party\" \/>\n<meta name=\"twitter:description\" content=\"Sex on the Beach - der fruchtige Sommercocktail. Hier das Sex on the Beach Rezept in der Variation ohne Crambery-Saft.\" \/>\n<meta name=\"twitter:image\" content=\"https:\/\/www.best-bottles.de\/wp-content\/uploads\/2016\/07\/sex-on-the-beach.jpg\" \/>\n<meta name=\"twitter:label1\" content=\"Gesch\u00e4tzte Lesezeit\" \/>\n\t<meta name=\"twitter:data1\" content=\"3\u00a0Minuten\" \/>\n<script type=\"application\/ld+json\" class=\"yoast-schema-graph\">{\"@context\":\"https:\/\/schema.org\",\"@graph\":[{\"@type\":\"Organization\",\"@id\":\"https:\/\/www.best-bottles.de\/#organization\",\"name\":\"best-bottles.de\",\"url\":\"https:\/\/www.best-bottles.de\/\",\"sameAs\":[],\"logo\":{\"@type\":\"ImageObject\",\"@id\":\"https:\/\/www.best-bottles.de\/#logo\",\"inLanguage\":\"de\",\"url\":\"https:\/\/www.best-bottles.de\/wp-content\/uploads\/2016\/01\/logo.jpg\",\"contentUrl\":\"https:\/\/www.best-bottles.de\/wp-content\/uploads\/2016\/01\/logo.jpg\",\"width\":646,\"height\":646,\"caption\":\"best-bottles.de\"},\"image\":{\"@id\":\"https:\/\/www.best-bottles.de\/#logo\"}},{\"@type\":\"WebSite\",\"@id\":\"https:\/\/www.best-bottles.de\/#website\",\"url\":\"https:\/\/www.best-bottles.de\/\",\"name\":\"Best Bottles - Ihr Partner f\u00fcr RUM &amp; Co\",\"description\":\"Eine weitere WordPress-Seite\",\"publisher\":{\"@id\":\"https:\/\/www.best-bottles.de\/#organization\"},\"potentialAction\":[{\"@type\":\"SearchAction\",\"target\":{\"@type\":\"EntryPoint\",\"urlTemplate\":\"https:\/\/www.best-bottles.de\/?s={search_term_string}\"},\"query-input\":\"required name=search_term_string\"}],\"inLanguage\":\"de\"},{\"@type\":\"ImageObject\",\"@id\":\"https:\/\/www.best-bottles.de\/?page_id=1420#primaryimage\",\"inLanguage\":\"de\",\"url\":\"\",\"contentUrl\":\"\"},{\"@type\":\"WebPage\",\"@id\":\"https:\/\/www.best-bottles.de\/?page_id=1420#webpage\",\"url\":\"https:\/\/www.best-bottles.de\/?page_id=1420\",\"name\":\"Sex on the Beach Rezept - Cocktails f\u00fcr Ihre Party\",\"isPartOf\":{\"@id\":\"https:\/\/www.best-bottles.de\/#website\"},\"primaryImageOfPage\":{\"@id\":\"https:\/\/www.best-bottles.de\/?page_id=1420#primaryimage\"},\"datePublished\":\"2016-07-17T11:05:03+00:00\",\"dateModified\":\"2016-08-09T08:34:16+00:00\",\"description\":\"Sex on the Beach - der fruchtige Sommercocktail. Hier das Sex on the Beach Rezept in der Variation ohne Crambery-Saft.\",\"breadcrumb\":{\"@id\":\"https:\/\/www.best-bottles.de\/?page_id=1420#breadcrumb\"},\"inLanguage\":\"de\",\"potentialAction\":[{\"@type\":\"ReadAction\",\"target\":[\"https:\/\/www.best-bottles.de\/?page_id=1420\"]}]},{\"@type\":\"BreadcrumbList\",\"@id\":\"https:\/\/www.best-bottles.de\/?page_id=1420#breadcrumb\",\"itemListElement\":[{\"@type\":\"ListItem\",\"position\":1,\"name\":\"Home\",\"item\":\"https:\/\/www.best-bottles.de\/\"},{\"@type\":\"ListItem\",\"position\":2,\"name\":\"Rezepte\",\"item\":\"https:\/\/www.best-bottles.de\/?page_id=70\"},{\"@type\":\"ListItem\",\"position\":3,\"name\":\"Sex on the Beach Rezept\"}]}]}<\/script>\n<!-- \/ Yoast SEO plugin. -->","yoast_head_json":{"title":"Sex on the Beach Rezept - Cocktails f\u00fcr Ihre Party","description":"Sex on the Beach - der fruchtige Sommercocktail. Hier das Sex on the Beach Rezept in der Variation ohne Crambery-Saft.","robots":{"index":"index","follow":"follow","max-snippet":"max-snippet:-1","max-image-preview":"max-image-preview:large","max-video-preview":"max-video-preview:-1"},"canonical":"https:\/\/www.best-bottles.de\/?page_id=1420","og_locale":"de_DE","og_type":"article","og_title":"Sex on the Beach Rezept - Cocktails f\u00fcr Ihre Party","og_description":"Sex on the Beach - der fruchtige Sommercocktail. Hier das Sex on the Beach Rezept in der Variation ohne Crambery-Saft.","og_url":"https:\/\/www.best-bottles.de\/?page_id=1420","og_site_name":"Best Bottles - Ihr Partner f\u00fcr RUM &amp; Co","article_modified_time":"2016-08-09T08:34:16+00:00","og_image":[{"url":"https:\/\/www.best-bottles.de\/wp-content\/uploads\/2016\/07\/sex-on-the-beach.jpg"}],"twitter_card":"summary","twitter_title":"Sex on the Beach Rezept - Cocktails f\u00fcr Ihre Party","twitter_description":"Sex on the Beach - der fruchtige Sommercocktail. Hier das Sex on the Beach Rezept in der Variation ohne Crambery-Saft.","twitter_image":"https:\/\/www.best-bottles.de\/wp-content\/uploads\/2016\/07\/sex-on-the-beach.jpg","twitter_misc":{"Gesch\u00e4tzte Lesezeit":"3\u00a0Minuten"},"schema":{"@context":"https:\/\/schema.org","@graph":[{"@type":"Organization","@id":"https:\/\/www.best-bottles.de\/#organization","name":"best-bottles.de","url":"https:\/\/www.best-bottles.de\/","sameAs":[],"logo":{"@type":"ImageObject","@id":"https:\/\/www.best-bottles.de\/#logo","inLanguage":"de","url":"https:\/\/www.best-bottles.de\/wp-content\/uploads\/2016\/01\/logo.jpg","contentUrl":"https:\/\/www.best-bottles.de\/wp-content\/uploads\/2016\/01\/logo.jpg","width":646,"height":646,"caption":"best-bottles.de"},"image":{"@id":"https:\/\/www.best-bottles.de\/#logo"}},{"@type":"WebSite","@id":"https:\/\/www.best-bottles.de\/#website","url":"https:\/\/www.best-bottles.de\/","name":"Best Bottles - Ihr Partner f\u00fcr RUM &amp; Co","description":"Eine weitere WordPress-Seite","publisher":{"@id":"https:\/\/www.best-bottles.de\/#organization"},"potentialAction":[{"@type":"SearchAction","target":{"@type":"EntryPoint","urlTemplate":"https:\/\/www.best-bottles.de\/?s={search_term_string}"},"query-input":"required name=search_term_string"}],"inLanguage":"de"},{"@type":"ImageObject","@id":"https:\/\/www.best-bottles.de\/?page_id=1420#primaryimage","inLanguage":"de","url":"","contentUrl":""},{"@type":"WebPage","@id":"https:\/\/www.best-bottles.de\/?page_id=1420#webpage","url":"https:\/\/www.best-bottles.de\/?page_id=1420","name":"Sex on the Beach Rezept - Cocktails f\u00fcr Ihre Party","isPartOf":{"@id":"https:\/\/www.best-bottles.de\/#website"},"primaryImageOfPage":{"@id":"https:\/\/www.best-bottles.de\/?page_id=1420#primaryimage"},"datePublished":"2016-07-17T11:05:03+00:00","dateModified":"2016-08-09T08:34:16+00:00","description":"Sex on the Beach - der fruchtige Sommercocktail. Hier das Sex on the Beach Rezept in der Variation ohne Crambery-Saft.","breadcrumb":{"@id":"https:\/\/www.best-bottles.de\/?page_id=1420#breadcrumb"},"inLanguage":"de","potentialAction":[{"@type":"ReadAction","target":["https:\/\/www.best-bottles.de\/?page_id=1420"]}]},{"@type":"BreadcrumbList","@id":"https:\/\/www.best-bottles.de\/?page_id=1420#breadcrumb","itemListElement":[{"@type":"ListItem","position":1,"name":"Home","item":"https:\/\/www.best-bottles.de\/"},{"@type":"ListItem","position":2,"name":"Rezepte","item":"https:\/\/www.best-bottles.de\/?page_id=70"},{"@type":"ListItem","position":3,"name":"Sex on the Beach Rezept"}]}]}},"_links":{"self":[{"href":"https:\/\/www.best-bottles.de\/index.php?rest_route=\/wp\/v2\/pages\/1420"}],"collection":[{"href":"https:\/\/www.best-bottles.de\/index.php?rest_route=\/wp\/v2\/pages"}],"about":[{"href":"https:\/\/www.best-bottles.de\/index.php?rest_route=\/wp\/v2\/types\/page"}],"author":[{"embeddable":true,"href":"https:\/\/www.best-bottles.de\/index.php?rest_route=\/wp\/v2\/users\/1"}],"replies":[{"embeddable":true,"href":"https:\/\/www.best-bottles.de\/index.php?rest_route=%2Fwp%2Fv2%2Fcomments&post=1420"}],"version-history":[{"count":8,"href":"https:\/\/www.best-bottles.de\/index.php?rest_route=\/wp\/v2\/pages\/1420\/revisions"}],"predecessor-version":[{"id":1480,"href":"https:\/\/www.best-bottles.de\/index.php?rest_route=\/wp\/v2\/pages\/1420\/revisions\/1480"}],"up":[{"embeddable":true,"href":"https:\/\/www.best-bottles.de\/index.php?rest_route=\/wp\/v2\/pages\/70"}],"wp:featuredmedia":[{"embeddable":true,"href":"https:\/\/www.best-bottles.de\/index.php?rest_route=\/wp\/v2\/media\/1421"}],"wp:attachment":[{"href":"https:\/\/www.best-bottles.de\/index.php?rest_route=%2Fwp%2Fv2%2Fmedia&parent=1420"}],"wp:term":[{"taxonomy":"post_tag","embeddable":true,"href":"https:\/\/www.best-bottles.de\/index.php?rest_route=%2Fwp%2Fv2%2Ftags&post=1420"}],"curies":[{"name":"wp","href":"https:\/\/api.w.org\/{rel}","templated":true}]}}