{"id":1414,"date":"2016-07-17T12:33:58","date_gmt":"2016-07-17T10:33:58","guid":{"rendered":"https:\/\/www.best-bottles.de\/?page_id=1414"},"modified":"2016-07-17T12:35:36","modified_gmt":"2016-07-17T10:35:36","slug":"white-russian","status":"publish","type":"page","link":"https:\/\/www.best-bottles.de\/?page_id=1414","title":{"rendered":"White Russian"},"content":{"rendered":"<p>[av_slideshow_full size=&#8217;featured&#8216; stretch=&#8220; animation=&#8217;slide&#8216; autoplay=&#8217;false&#8216; interval=&#8217;5&#8242; control_layout=&#8217;av-control-default&#8216; src=&#8220; attachment=&#8220; attachment_size=&#8220; position=&#8217;top left&#8216; repeat=&#8217;no-repeat&#8216; attach=&#8217;scroll&#8216;]<br \/>\n[av_slide_full slide_type=&#8217;image&#8216; id=&#8217;340&#8242; video=&#8217;http:\/\/&#8216; mobile_image=&#8220; video_format=&#8220; video_ratio=&#8217;16:9&#8242; title=&#8217;White Russian&#8216; custom_title_size=&#8220; custom_content_size=&#8220; caption_pos=&#8217;caption_bottom&#8216; link_apply=&#8220; link=&#8217;lightbox&#8216; link_target=&#8220; button_label=&#8217;Click me&#8216; button_color=&#8217;light&#8216; link1=&#8217;manually,http:\/\/&#8216; link_target1=&#8220; button_label2=&#8217;Click me&#8216; button_color2=&#8217;light&#8216; link2=&#8217;manually,http:\/\/&#8216; link_target2=&#8220; font_color=&#8220; custom_title=&#8220; custom_content=&#8220; overlay_opacity=&#8217;0.5&#8242; overlay_color=&#8220; overlay_pattern=&#8220; overlay_custom_pattern=&#8220;]<br \/>\nDie kleine Schwester des &#8222;Black Russian&#8220;<br \/>\n[\/av_slide_full]<\/p>\n<p>[\/av_slideshow_full]<\/p>\n<p>[av_textblock size=&#8220; font_color=&#8220; color=&#8220;]<\/p>\n<h2>Historie des White Russian<\/h2>\n<figure id=\"attachment_340\" aria-describedby=\"caption-attachment-340\" style=\"width: 300px\" class=\"wp-caption alignleft\"><a href=\"https:\/\/www.best-bottles.de\/wp-content\/uploads\/2016\/01\/white-russians.jpg\"><img loading=\"lazy\" class=\"alignnone wp-image-340 size-medium\" src=\"https:\/\/www.best-bottles.de\/wp-content\/uploads\/2016\/01\/white-russians-300x199.jpg\" alt=\"White Russian im Tumbler\" width=\"300\" height=\"199\" srcset=\"https:\/\/www.best-bottles.de\/wp-content\/uploads\/2016\/01\/white-russians-300x199.jpg 300w, https:\/\/www.best-bottles.de\/wp-content\/uploads\/2016\/01\/white-russians-450x299.jpg 450w, https:\/\/www.best-bottles.de\/wp-content\/uploads\/2016\/01\/white-russians-768x510.jpg 768w, https:\/\/www.best-bottles.de\/wp-content\/uploads\/2016\/01\/white-russians-1030x684.jpg 1030w, https:\/\/www.best-bottles.de\/wp-content\/uploads\/2016\/01\/white-russians-1500x996.jpg 1500w, https:\/\/www.best-bottles.de\/wp-content\/uploads\/2016\/01\/white-russians-705x468.jpg 705w, https:\/\/www.best-bottles.de\/wp-content\/uploads\/2016\/01\/white-russians.jpg 1691w\" sizes=\"(max-width: 300px) 100vw, 300px\" \/><\/a><figcaption id=\"caption-attachment-340\" class=\"wp-caption-text\">White Russian im Tumbler<\/figcaption><\/figure>\n<p>Der White Russian war das Lieblingsgetr\u00e4nk der Hauptfigur in dem Film &#8222;<a href=\"https:\/\/de.wikipedia.org\/wiki\/The_Big_Lebowski\" target=\"_blank\">The Big Lebowski<\/a>&#8222;. Er ist dem &#8222;Black Russian&#8220; sehr \u00e4hnlich, der aber ohne Sahne getrunken wird. Der Black Russian geht angeblich auf Gustave Tops zur\u00fcckgehen, langj\u00e4hriger Barchef des des Hotels Metropole in Br\u00fcssel, und wurde erstmals in den 1950er Jahren getrrunekn. The Dude (Jeffrey Lebowski) trinkt seinen White Russian in der Originalrezeptur 4:2:2. Im Netzt finden sich sehr viele Rezepte mit den Anteilen 2:2:2.<\/p>\n<p>Der White Russian ist ein Cocktail der auch gerne von unseren weiblichen Kunden getrunken wird. Tats\u00e4chlich dann auch gerne in einer Cocktailschale und ohne Eis, als mit Eis und aus einem Tumbler. Das hat sicherlich auch mit dem Mix aus Sahne und Kaffeelik\u00f6r zu tun.<\/p>\n<h2>Das Beste White Russian Rezept<\/h2>\n<p>Das <a href=\"https:\/\/www.best-bottles.de\/rezepte\/white-russian-rezept\/\">beste Rezept<\/a> zum White Russian gibt es wie gewohnt bei best-bottles.de. Es gibt sicherlich unterschiedliche Auffassungen und Geschm\u00e4cker, aber unser Rezept hat das Potential ein Klassiker zu werden.<br \/>\n[\/av_textblock]<\/p>\n","protected":false},"excerpt":{"rendered":"<p>[av_slideshow_full size=&#8217;featured&#8216; stretch=&#8220; animation=&#8217;slide&#8216; autoplay=&#8217;false&#8216; interval=&#8217;5&#8242; control_layout=&#8217;av-control-default&#8216; src=&#8220; attachment=&#8220; attachment_size=&#8220; position=&#8217;top left&#8216; repeat=&#8217;no-repeat&#8216; attach=&#8217;scroll&#8216;] [av_slide_full slide_type=&#8217;image&#8216; id=&#8217;340&#8242; video=&#8217;http:\/\/&#8216; mobile_image=&#8220; video_format=&#8220; [&hellip;]<\/p>\n","protected":false},"author":1,"featured_media":0,"parent":638,"menu_order":0,"comment_status":"closed","ping_status":"closed","template":"","meta":{"site-sidebar-layout":"default","site-content-layout":"","ast-site-content-layout":"default","site-content-style":"default","site-sidebar-style":"default","ast-global-header-display":"","ast-banner-title-visibility":"","ast-main-header-display":"","ast-hfb-above-header-display":"","ast-hfb-below-header-display":"","ast-hfb-mobile-header-display":"","site-post-title":"","ast-breadcrumbs-content":"","ast-featured-img":"","footer-sml-layout":"","theme-transparent-header-meta":"","adv-header-id-meta":"","stick-header-meta":"","header-above-stick-meta":"","header-main-stick-meta":"","header-below-stick-meta":"","astra-migrate-meta-layouts":"default","ast-page-background-enabled":"default","ast-page-background-meta":{"desktop":{"background-color":"var(--ast-global-color-5)","background-image":"","background-repeat":"repeat","background-position":"center center","background-size":"auto","background-attachment":"scroll","background-type":"","background-media":"","overlay-type":"","overlay-color":"","overlay-opacity":"","overlay-gradient":""},"tablet":{"background-color":"","background-image":"","background-repeat":"repeat","background-position":"center center","background-size":"auto","background-attachment":"scroll","background-type":"","background-media":"","overlay-type":"","overlay-color":"","overlay-opacity":"","overlay-gradient":""},"mobile":{"background-color":"","background-image":"","background-repeat":"repeat","background-position":"center center","background-size":"auto","background-attachment":"scroll","background-type":"","background-media":"","overlay-type":"","overlay-color":"","overlay-opacity":"","overlay-gradient":""}},"ast-content-background-meta":{"desktop":{"background-color":"var(--ast-global-color-4)","background-image":"","background-repeat":"repeat","background-position":"center center","background-size":"auto","background-attachment":"scroll","background-type":"","background-media":"","overlay-type":"","overlay-color":"","overlay-opacity":"","overlay-gradient":""},"tablet":{"background-color":"var(--ast-global-color-4)","background-image":"","background-repeat":"repeat","background-position":"center center","background-size":"auto","background-attachment":"scroll","background-type":"","background-media":"","overlay-type":"","overlay-color":"","overlay-opacity":"","overlay-gradient":""},"mobile":{"background-color":"var(--ast-global-color-4)","background-image":"","background-repeat":"repeat","background-position":"center center","background-size":"auto","background-attachment":"scroll","background-type":"","background-media":"","overlay-type":"","overlay-color":"","overlay-opacity":"","overlay-gradient":""}}},"tags":[248,154,61],"yoast_head":"<!-- This site is optimized with the Yoast SEO plugin v18.6 - https:\/\/yoast.com\/wordpress\/plugins\/seo\/ -->\n<title>White Russian: Alles zum Theme White Russian bei best-bottles<\/title>\n<meta name=\"description\" content=\"White Russian - die kleine Schwester des Black Russians und bekannt aus dem Film &quot;the big Lebowski&quot; darf auf keiner Party fehlen.\" \/>\n<meta name=\"robots\" content=\"index, follow, max-snippet:-1, max-image-preview:large, max-video-preview:-1\" \/>\n<link rel=\"canonical\" href=\"https:\/\/www.best-bottles.de\/?page_id=1414\" \/>\n<meta property=\"og:locale\" content=\"de_DE\" \/>\n<meta property=\"og:type\" content=\"article\" \/>\n<meta property=\"og:title\" content=\"White Russian: Alles zum Theme White Russian bei best-bottles\" \/>\n<meta property=\"og:description\" content=\"White Russian - die kleine Schwester des Black Russians und bekannt aus dem Film &quot;the big Lebowski&quot; darf auf keiner Party fehlen.\" \/>\n<meta property=\"og:url\" content=\"https:\/\/www.best-bottles.de\/?page_id=1414\" \/>\n<meta property=\"og:site_name\" content=\"Best Bottles - Ihr Partner f\u00fcr RUM &amp; Co\" \/>\n<meta property=\"article:modified_time\" content=\"2016-07-17T10:35:36+00:00\" \/>\n<meta property=\"og:image\" content=\"https:\/\/www.best-bottles.de\/wp-content\/uploads\/2016\/01\/white-russians.jpg\" \/>\n<meta name=\"twitter:card\" content=\"summary\" \/>\n<meta name=\"twitter:title\" content=\"White Russian: Alles zum Theme White Russian bei best-bottles\" \/>\n<meta name=\"twitter:description\" content=\"White Russian - die kleine Schwester des Black Russians und bekannt aus dem Film &quot;the big Lebowski&quot; darf auf keiner Party fehlen.\" \/>\n<meta name=\"twitter:image\" content=\"https:\/\/www.best-bottles.de\/wp-content\/uploads\/2016\/01\/white-russians.jpg\" \/>\n<meta name=\"twitter:label1\" content=\"Gesch\u00e4tzte Lesezeit\" \/>\n\t<meta name=\"twitter:data1\" content=\"2\u00a0Minuten\" \/>\n<script type=\"application\/ld+json\" class=\"yoast-schema-graph\">{\"@context\":\"https:\/\/schema.org\",\"@graph\":[{\"@type\":\"Organization\",\"@id\":\"https:\/\/www.best-bottles.de\/#organization\",\"name\":\"best-bottles.de\",\"url\":\"https:\/\/www.best-bottles.de\/\",\"sameAs\":[],\"logo\":{\"@type\":\"ImageObject\",\"@id\":\"https:\/\/www.best-bottles.de\/#logo\",\"inLanguage\":\"de\",\"url\":\"https:\/\/www.best-bottles.de\/wp-content\/uploads\/2016\/01\/logo.jpg\",\"contentUrl\":\"https:\/\/www.best-bottles.de\/wp-content\/uploads\/2016\/01\/logo.jpg\",\"width\":646,\"height\":646,\"caption\":\"best-bottles.de\"},\"image\":{\"@id\":\"https:\/\/www.best-bottles.de\/#logo\"}},{\"@type\":\"WebSite\",\"@id\":\"https:\/\/www.best-bottles.de\/#website\",\"url\":\"https:\/\/www.best-bottles.de\/\",\"name\":\"Best Bottles - Ihr Partner f\u00fcr RUM &amp; Co\",\"description\":\"Eine weitere WordPress-Seite\",\"publisher\":{\"@id\":\"https:\/\/www.best-bottles.de\/#organization\"},\"potentialAction\":[{\"@type\":\"SearchAction\",\"target\":{\"@type\":\"EntryPoint\",\"urlTemplate\":\"https:\/\/www.best-bottles.de\/?s={search_term_string}\"},\"query-input\":\"required name=search_term_string\"}],\"inLanguage\":\"de\"},{\"@type\":\"ImageObject\",\"@id\":\"https:\/\/www.best-bottles.de\/?page_id=1414#primaryimage\",\"inLanguage\":\"de\",\"url\":\"\",\"contentUrl\":\"\"},{\"@type\":\"WebPage\",\"@id\":\"https:\/\/www.best-bottles.de\/?page_id=1414#webpage\",\"url\":\"https:\/\/www.best-bottles.de\/?page_id=1414\",\"name\":\"White Russian: Alles zum Theme White Russian bei best-bottles\",\"isPartOf\":{\"@id\":\"https:\/\/www.best-bottles.de\/#website\"},\"primaryImageOfPage\":{\"@id\":\"https:\/\/www.best-bottles.de\/?page_id=1414#primaryimage\"},\"datePublished\":\"2016-07-17T10:33:58+00:00\",\"dateModified\":\"2016-07-17T10:35:36+00:00\",\"description\":\"White Russian - die kleine Schwester des Black Russians und bekannt aus dem Film \\\"the big Lebowski\\\" darf auf keiner Party fehlen.\",\"breadcrumb\":{\"@id\":\"https:\/\/www.best-bottles.de\/?page_id=1414#breadcrumb\"},\"inLanguage\":\"de\",\"potentialAction\":[{\"@type\":\"ReadAction\",\"target\":[\"https:\/\/www.best-bottles.de\/?page_id=1414\"]}]},{\"@type\":\"BreadcrumbList\",\"@id\":\"https:\/\/www.best-bottles.de\/?page_id=1414#breadcrumb\",\"itemListElement\":[{\"@type\":\"ListItem\",\"position\":1,\"name\":\"Home\",\"item\":\"https:\/\/www.best-bottles.de\/\"},{\"@type\":\"ListItem\",\"position\":2,\"name\":\"Cocktails\",\"item\":\"https:\/\/www.best-bottles.de\/?page_id=638\"},{\"@type\":\"ListItem\",\"position\":3,\"name\":\"White Russian\"}]}]}<\/script>\n<!-- \/ Yoast SEO plugin. -->","yoast_head_json":{"title":"White Russian: Alles zum Theme White Russian bei best-bottles","description":"White Russian - die kleine Schwester des Black Russians und bekannt aus dem Film \"the big Lebowski\" darf auf keiner Party fehlen.","robots":{"index":"index","follow":"follow","max-snippet":"max-snippet:-1","max-image-preview":"max-image-preview:large","max-video-preview":"max-video-preview:-1"},"canonical":"https:\/\/www.best-bottles.de\/?page_id=1414","og_locale":"de_DE","og_type":"article","og_title":"White Russian: Alles zum Theme White Russian bei best-bottles","og_description":"White Russian - die kleine Schwester des Black Russians und bekannt aus dem Film \"the big Lebowski\" darf auf keiner Party fehlen.","og_url":"https:\/\/www.best-bottles.de\/?page_id=1414","og_site_name":"Best Bottles - Ihr Partner f\u00fcr RUM &amp; Co","article_modified_time":"2016-07-17T10:35:36+00:00","og_image":[{"url":"https:\/\/www.best-bottles.de\/wp-content\/uploads\/2016\/01\/white-russians.jpg"}],"twitter_card":"summary","twitter_title":"White Russian: Alles zum Theme White Russian bei best-bottles","twitter_description":"White Russian - die kleine Schwester des Black Russians und bekannt aus dem Film \"the big Lebowski\" darf auf keiner Party fehlen.","twitter_image":"https:\/\/www.best-bottles.de\/wp-content\/uploads\/2016\/01\/white-russians.jpg","twitter_misc":{"Gesch\u00e4tzte Lesezeit":"2\u00a0Minuten"},"schema":{"@context":"https:\/\/schema.org","@graph":[{"@type":"Organization","@id":"https:\/\/www.best-bottles.de\/#organization","name":"best-bottles.de","url":"https:\/\/www.best-bottles.de\/","sameAs":[],"logo":{"@type":"ImageObject","@id":"https:\/\/www.best-bottles.de\/#logo","inLanguage":"de","url":"https:\/\/www.best-bottles.de\/wp-content\/uploads\/2016\/01\/logo.jpg","contentUrl":"https:\/\/www.best-bottles.de\/wp-content\/uploads\/2016\/01\/logo.jpg","width":646,"height":646,"caption":"best-bottles.de"},"image":{"@id":"https:\/\/www.best-bottles.de\/#logo"}},{"@type":"WebSite","@id":"https:\/\/www.best-bottles.de\/#website","url":"https:\/\/www.best-bottles.de\/","name":"Best Bottles - Ihr Partner f\u00fcr RUM &amp; Co","description":"Eine weitere WordPress-Seite","publisher":{"@id":"https:\/\/www.best-bottles.de\/#organization"},"potentialAction":[{"@type":"SearchAction","target":{"@type":"EntryPoint","urlTemplate":"https:\/\/www.best-bottles.de\/?s={search_term_string}"},"query-input":"required name=search_term_string"}],"inLanguage":"de"},{"@type":"ImageObject","@id":"https:\/\/www.best-bottles.de\/?page_id=1414#primaryimage","inLanguage":"de","url":"","contentUrl":""},{"@type":"WebPage","@id":"https:\/\/www.best-bottles.de\/?page_id=1414#webpage","url":"https:\/\/www.best-bottles.de\/?page_id=1414","name":"White Russian: Alles zum Theme White Russian bei best-bottles","isPartOf":{"@id":"https:\/\/www.best-bottles.de\/#website"},"primaryImageOfPage":{"@id":"https:\/\/www.best-bottles.de\/?page_id=1414#primaryimage"},"datePublished":"2016-07-17T10:33:58+00:00","dateModified":"2016-07-17T10:35:36+00:00","description":"White Russian - die kleine Schwester des Black Russians und bekannt aus dem Film \"the big Lebowski\" darf auf keiner Party fehlen.","breadcrumb":{"@id":"https:\/\/www.best-bottles.de\/?page_id=1414#breadcrumb"},"inLanguage":"de","potentialAction":[{"@type":"ReadAction","target":["https:\/\/www.best-bottles.de\/?page_id=1414"]}]},{"@type":"BreadcrumbList","@id":"https:\/\/www.best-bottles.de\/?page_id=1414#breadcrumb","itemListElement":[{"@type":"ListItem","position":1,"name":"Home","item":"https:\/\/www.best-bottles.de\/"},{"@type":"ListItem","position":2,"name":"Cocktails","item":"https:\/\/www.best-bottles.de\/?page_id=638"},{"@type":"ListItem","position":3,"name":"White Russian"}]}]}},"_links":{"self":[{"href":"https:\/\/www.best-bottles.de\/index.php?rest_route=\/wp\/v2\/pages\/1414"}],"collection":[{"href":"https:\/\/www.best-bottles.de\/index.php?rest_route=\/wp\/v2\/pages"}],"about":[{"href":"https:\/\/www.best-bottles.de\/index.php?rest_route=\/wp\/v2\/types\/page"}],"author":[{"embeddable":true,"href":"https:\/\/www.best-bottles.de\/index.php?rest_route=\/wp\/v2\/users\/1"}],"replies":[{"embeddable":true,"href":"https:\/\/www.best-bottles.de\/index.php?rest_route=%2Fwp%2Fv2%2Fcomments&post=1414"}],"version-history":[{"count":1,"href":"https:\/\/www.best-bottles.de\/index.php?rest_route=\/wp\/v2\/pages\/1414\/revisions"}],"predecessor-version":[{"id":1415,"href":"https:\/\/www.best-bottles.de\/index.php?rest_route=\/wp\/v2\/pages\/1414\/revisions\/1415"}],"up":[{"embeddable":true,"href":"https:\/\/www.best-bottles.de\/index.php?rest_route=\/wp\/v2\/pages\/638"}],"wp:attachment":[{"href":"https:\/\/www.best-bottles.de\/index.php?rest_route=%2Fwp%2Fv2%2Fmedia&parent=1414"}],"wp:term":[{"taxonomy":"post_tag","embeddable":true,"href":"https:\/\/www.best-bottles.de\/index.php?rest_route=%2Fwp%2Fv2%2Ftags&post=1414"}],"curies":[{"name":"wp","href":"https:\/\/api.w.org\/{rel}","templated":true}]}}