{"id":1407,"date":"2016-07-17T12:16:28","date_gmt":"2016-07-17T10:16:28","guid":{"rendered":"https:\/\/www.best-bottles.de\/?page_id=1407"},"modified":"2016-07-17T12:21:12","modified_gmt":"2016-07-17T10:21:12","slug":"black-russian","status":"publish","type":"page","link":"https:\/\/www.best-bottles.de\/?page_id=1407","title":{"rendered":"Black Russian"},"content":{"rendered":"<p>[av_slideshow_full size=&#8217;featured&#8216; stretch=&#8220; animation=&#8217;slide&#8216; autoplay=&#8217;false&#8216; interval=&#8217;5&#8242; control_layout=&#8217;av-control-default&#8216; src=&#8220; attachment=&#8220; attachment_size=&#8220; position=&#8217;top left&#8216; repeat=&#8217;no-repeat&#8216; attach=&#8217;scroll&#8216;]<br \/>\n[av_slide_full slide_type=&#8217;image&#8216; id=&#8217;349&#8242; video=&#8217;http:\/\/&#8216; mobile_image=&#8220; video_format=&#8220; video_ratio=&#8217;16:9&#8242; title=&#8217;Black Russian&#8216; custom_title_size=&#8220; custom_content_size=&#8220; caption_pos=&#8217;caption_bottom&#8216; link_apply=&#8220; link=&#8217;lightbox&#8216; link_target=&#8220; button_label=&#8217;Click me&#8216; button_color=&#8217;light&#8216; link1=&#8217;manually,http:\/\/&#8216; link_target1=&#8220; button_label2=&#8217;Click me&#8216; button_color2=&#8217;light&#8216; link2=&#8217;manually,http:\/\/&#8216; link_target2=&#8220; font_color=&#8220; custom_title=&#8220; custom_content=&#8220; overlay_opacity=&#8217;0.5&#8242; overlay_color=&#8220; overlay_pattern=&#8220; overlay_custom_pattern=&#8220;]<br \/>\nder ehrliche Cocktail aus dem Herzen Russlands<br \/>\n[\/av_slide_full]<br \/>\n[\/av_slideshow_full]<\/p>\n<p>[av_textblock size=&#8220; font_color=&#8220; color=&#8220;]<\/p>\n<h2>Historie des Black Russian<\/h2>\n<figure id=\"attachment_349\" aria-describedby=\"caption-attachment-349\" style=\"width: 300px\" class=\"wp-caption alignleft\"><a href=\"https:\/\/www.best-bottles.de\/wp-content\/uploads\/2016\/01\/black-russian.jpg\"><img loading=\"lazy\" class=\"wp-image-349 size-medium\" title=\"Black Russian im Tumbler Glas mit Eis\" src=\"https:\/\/www.best-bottles.de\/wp-content\/uploads\/2016\/01\/black-russian-300x199.jpg\" alt=\"Black Russian im Tumbler\" width=\"300\" height=\"199\" srcset=\"https:\/\/www.best-bottles.de\/wp-content\/uploads\/2016\/01\/black-russian-300x199.jpg 300w, https:\/\/www.best-bottles.de\/wp-content\/uploads\/2016\/01\/black-russian-450x299.jpg 450w, https:\/\/www.best-bottles.de\/wp-content\/uploads\/2016\/01\/black-russian-768x510.jpg 768w, https:\/\/www.best-bottles.de\/wp-content\/uploads\/2016\/01\/black-russian-1030x684.jpg 1030w, https:\/\/www.best-bottles.de\/wp-content\/uploads\/2016\/01\/black-russian-1500x996.jpg 1500w, https:\/\/www.best-bottles.de\/wp-content\/uploads\/2016\/01\/black-russian-705x468.jpg 705w, https:\/\/www.best-bottles.de\/wp-content\/uploads\/2016\/01\/black-russian.jpg 1691w\" sizes=\"(max-width: 300px) 100vw, 300px\" \/><\/a><figcaption id=\"caption-attachment-349\" class=\"wp-caption-text\">Black Russian im Tumbler Glas mit Eis<\/figcaption><\/figure>\n<p>Wir schreiben immer &#8222;aus dem Herzen Russlangds&#8220;. Das hat damit zu tun, dass der Black Russian von seinen Zutaten lebt. Erst ein wirklich guter Wodka macht aus dem Black Russian einen guten Cocktail. Der Black Russian geht angeblich auf Gustave Tops zur\u00fcck, langj\u00e4hriger Barchef des des Hotels Metropole in Br\u00fcssel, und wurde erstmals in den 1950er Jahren getrrunekn.<\/p>\n<p>Die kleine Schwester des Black Russian, der <a href=\"https:\/\/www.best-bottles.de\/rezepte\/white-russian-rezept\/\">White Russian<\/a> war das Lieblingsgetr\u00e4nk der Hauptfigur in dem Film &#8222;<a href=\"https:\/\/de.wikipedia.org\/wiki\/The_Big_Lebowski\" target=\"_blank\">The Big Lebowski<\/a>&#8222;.<\/p>\n<p>Der Black Russian ist entgegen seiner kleinen Schwester &#8211; dem &#8222;White Russian&#8220; &#8211; eher ein ehrlicher handfester Cocktail. Kein Schnickschnack, guter Wodka, Kahl\u00faa (Kaffeelik\u00f6r) und eine Handvoll Eis. Mehr ben\u00f6tigt Mann nicht.<\/p>\n<h2>Das beste Black Russian Rezept<\/h2>\n<p>Es ist sicherlich nicht immer ganz klar zu sagen, was das beste Black Russian Rezept ist. Wir sind aber \u00fcerzeugt, dass es bei uns das <a href=\"https:\/\/www.best-bottles.de\/rezepte\/black-russian-rezept\/\">Beste Rezept<\/a> f\u00fcr den Black Russian gibt.<br \/>\n[\/av_textblock]<\/p>\n","protected":false},"excerpt":{"rendered":"<p>[av_slideshow_full size=&#8217;featured&#8216; stretch=&#8220; animation=&#8217;slide&#8216; autoplay=&#8217;false&#8216; interval=&#8217;5&#8242; control_layout=&#8217;av-control-default&#8216; src=&#8220; attachment=&#8220; attachment_size=&#8220; position=&#8217;top left&#8216; repeat=&#8217;no-repeat&#8216; attach=&#8217;scroll&#8216;] [av_slide_full slide_type=&#8217;image&#8216; id=&#8217;349&#8242; video=&#8217;http:\/\/&#8216; mobile_image=&#8220; video_format=&#8220; [&hellip;]<\/p>\n","protected":false},"author":1,"featured_media":0,"parent":638,"menu_order":0,"comment_status":"closed","ping_status":"closed","template":"","meta":{"site-sidebar-layout":"default","site-content-layout":"","ast-site-content-layout":"default","site-content-style":"default","site-sidebar-style":"default","ast-global-header-display":"","ast-banner-title-visibility":"","ast-main-header-display":"","ast-hfb-above-header-display":"","ast-hfb-below-header-display":"","ast-hfb-mobile-header-display":"","site-post-title":"","ast-breadcrumbs-content":"","ast-featured-img":"","footer-sml-layout":"","theme-transparent-header-meta":"","adv-header-id-meta":"","stick-header-meta":"","header-above-stick-meta":"","header-main-stick-meta":"","header-below-stick-meta":"","astra-migrate-meta-layouts":"default","ast-page-background-enabled":"default","ast-page-background-meta":{"desktop":{"background-color":"var(--ast-global-color-5)","background-image":"","background-repeat":"repeat","background-position":"center center","background-size":"auto","background-attachment":"scroll","background-type":"","background-media":"","overlay-type":"","overlay-color":"","overlay-opacity":"","overlay-gradient":""},"tablet":{"background-color":"","background-image":"","background-repeat":"repeat","background-position":"center center","background-size":"auto","background-attachment":"scroll","background-type":"","background-media":"","overlay-type":"","overlay-color":"","overlay-opacity":"","overlay-gradient":""},"mobile":{"background-color":"","background-image":"","background-repeat":"repeat","background-position":"center center","background-size":"auto","background-attachment":"scroll","background-type":"","background-media":"","overlay-type":"","overlay-color":"","overlay-opacity":"","overlay-gradient":""}},"ast-content-background-meta":{"desktop":{"background-color":"var(--ast-global-color-4)","background-image":"","background-repeat":"repeat","background-position":"center center","background-size":"auto","background-attachment":"scroll","background-type":"","background-media":"","overlay-type":"","overlay-color":"","overlay-opacity":"","overlay-gradient":""},"tablet":{"background-color":"var(--ast-global-color-4)","background-image":"","background-repeat":"repeat","background-position":"center center","background-size":"auto","background-attachment":"scroll","background-type":"","background-media":"","overlay-type":"","overlay-color":"","overlay-opacity":"","overlay-gradient":""},"mobile":{"background-color":"var(--ast-global-color-4)","background-image":"","background-repeat":"repeat","background-position":"center center","background-size":"auto","background-attachment":"scroll","background-type":"","background-media":"","overlay-type":"","overlay-color":"","overlay-opacity":"","overlay-gradient":""}}},"tags":[153,248,61],"yoast_head":"<!-- This site is optimized with the Yoast SEO plugin v18.6 - https:\/\/yoast.com\/wordpress\/plugins\/seo\/ -->\n<title>Black Russian - Der Klassiker aus dem Herzen Russlands<\/title>\n<meta name=\"description\" content=\"Der Black Russian, ein ehrlicher handfester Cocktail aus dem Herzen Russlands. Ein guter Wodka, ein wenig Kahlua und eine Hand voll Eis.\" \/>\n<meta name=\"robots\" content=\"index, follow, max-snippet:-1, max-image-preview:large, max-video-preview:-1\" \/>\n<link rel=\"canonical\" href=\"https:\/\/www.best-bottles.de\/?page_id=1407\" \/>\n<meta property=\"og:locale\" content=\"de_DE\" \/>\n<meta property=\"og:type\" content=\"article\" \/>\n<meta property=\"og:title\" content=\"Black Russian - Der Klassiker aus dem Herzen Russlands\" \/>\n<meta property=\"og:description\" content=\"Der Black Russian, ein ehrlicher handfester Cocktail aus dem Herzen Russlands. Ein guter Wodka, ein wenig Kahlua und eine Hand voll Eis.\" \/>\n<meta property=\"og:url\" content=\"https:\/\/www.best-bottles.de\/?page_id=1407\" \/>\n<meta property=\"og:site_name\" content=\"Best Bottles - Ihr Partner f\u00fcr RUM &amp; Co\" \/>\n<meta property=\"article:modified_time\" content=\"2016-07-17T10:21:12+00:00\" \/>\n<meta property=\"og:image\" content=\"https:\/\/www.best-bottles.de\/wp-content\/uploads\/2016\/01\/black-russian.jpg\" \/>\n<meta name=\"twitter:card\" content=\"summary\" \/>\n<meta name=\"twitter:title\" content=\"Black Russian - Der Klassiker aus dem Herzen Russlands\" \/>\n<meta name=\"twitter:description\" content=\"Der Black Russian, ein ehrlicher handfester Cocktail aus dem Herzen Russlands. Ein guter Wodka, ein wenig Kahlua und eine Hand voll Eis.\" \/>\n<meta name=\"twitter:image\" content=\"https:\/\/www.best-bottles.de\/wp-content\/uploads\/2016\/01\/black-russian.jpg\" \/>\n<meta name=\"twitter:label1\" content=\"Gesch\u00e4tzte Lesezeit\" \/>\n\t<meta name=\"twitter:data1\" content=\"2\u00a0Minuten\" \/>\n<script type=\"application\/ld+json\" class=\"yoast-schema-graph\">{\"@context\":\"https:\/\/schema.org\",\"@graph\":[{\"@type\":\"Organization\",\"@id\":\"https:\/\/www.best-bottles.de\/#organization\",\"name\":\"best-bottles.de\",\"url\":\"https:\/\/www.best-bottles.de\/\",\"sameAs\":[],\"logo\":{\"@type\":\"ImageObject\",\"@id\":\"https:\/\/www.best-bottles.de\/#logo\",\"inLanguage\":\"de\",\"url\":\"https:\/\/www.best-bottles.de\/wp-content\/uploads\/2016\/01\/logo.jpg\",\"contentUrl\":\"https:\/\/www.best-bottles.de\/wp-content\/uploads\/2016\/01\/logo.jpg\",\"width\":646,\"height\":646,\"caption\":\"best-bottles.de\"},\"image\":{\"@id\":\"https:\/\/www.best-bottles.de\/#logo\"}},{\"@type\":\"WebSite\",\"@id\":\"https:\/\/www.best-bottles.de\/#website\",\"url\":\"https:\/\/www.best-bottles.de\/\",\"name\":\"Best Bottles - Ihr Partner f\u00fcr RUM &amp; Co\",\"description\":\"Eine weitere WordPress-Seite\",\"publisher\":{\"@id\":\"https:\/\/www.best-bottles.de\/#organization\"},\"potentialAction\":[{\"@type\":\"SearchAction\",\"target\":{\"@type\":\"EntryPoint\",\"urlTemplate\":\"https:\/\/www.best-bottles.de\/?s={search_term_string}\"},\"query-input\":\"required name=search_term_string\"}],\"inLanguage\":\"de\"},{\"@type\":\"ImageObject\",\"@id\":\"https:\/\/www.best-bottles.de\/?page_id=1407#primaryimage\",\"inLanguage\":\"de\",\"url\":\"\",\"contentUrl\":\"\"},{\"@type\":\"WebPage\",\"@id\":\"https:\/\/www.best-bottles.de\/?page_id=1407#webpage\",\"url\":\"https:\/\/www.best-bottles.de\/?page_id=1407\",\"name\":\"Black Russian - Der Klassiker aus dem Herzen Russlands\",\"isPartOf\":{\"@id\":\"https:\/\/www.best-bottles.de\/#website\"},\"primaryImageOfPage\":{\"@id\":\"https:\/\/www.best-bottles.de\/?page_id=1407#primaryimage\"},\"datePublished\":\"2016-07-17T10:16:28+00:00\",\"dateModified\":\"2016-07-17T10:21:12+00:00\",\"description\":\"Der Black Russian, ein ehrlicher handfester Cocktail aus dem Herzen Russlands. Ein guter Wodka, ein wenig Kahlua und eine Hand voll Eis.\",\"breadcrumb\":{\"@id\":\"https:\/\/www.best-bottles.de\/?page_id=1407#breadcrumb\"},\"inLanguage\":\"de\",\"potentialAction\":[{\"@type\":\"ReadAction\",\"target\":[\"https:\/\/www.best-bottles.de\/?page_id=1407\"]}]},{\"@type\":\"BreadcrumbList\",\"@id\":\"https:\/\/www.best-bottles.de\/?page_id=1407#breadcrumb\",\"itemListElement\":[{\"@type\":\"ListItem\",\"position\":1,\"name\":\"Home\",\"item\":\"https:\/\/www.best-bottles.de\/\"},{\"@type\":\"ListItem\",\"position\":2,\"name\":\"Cocktails\",\"item\":\"https:\/\/www.best-bottles.de\/?page_id=638\"},{\"@type\":\"ListItem\",\"position\":3,\"name\":\"Black Russian\"}]}]}<\/script>\n<!-- \/ Yoast SEO plugin. -->","yoast_head_json":{"title":"Black Russian - Der Klassiker aus dem Herzen Russlands","description":"Der Black Russian, ein ehrlicher handfester Cocktail aus dem Herzen Russlands. Ein guter Wodka, ein wenig Kahlua und eine Hand voll Eis.","robots":{"index":"index","follow":"follow","max-snippet":"max-snippet:-1","max-image-preview":"max-image-preview:large","max-video-preview":"max-video-preview:-1"},"canonical":"https:\/\/www.best-bottles.de\/?page_id=1407","og_locale":"de_DE","og_type":"article","og_title":"Black Russian - Der Klassiker aus dem Herzen Russlands","og_description":"Der Black Russian, ein ehrlicher handfester Cocktail aus dem Herzen Russlands. Ein guter Wodka, ein wenig Kahlua und eine Hand voll Eis.","og_url":"https:\/\/www.best-bottles.de\/?page_id=1407","og_site_name":"Best Bottles - Ihr Partner f\u00fcr RUM &amp; Co","article_modified_time":"2016-07-17T10:21:12+00:00","og_image":[{"url":"https:\/\/www.best-bottles.de\/wp-content\/uploads\/2016\/01\/black-russian.jpg"}],"twitter_card":"summary","twitter_title":"Black Russian - Der Klassiker aus dem Herzen Russlands","twitter_description":"Der Black Russian, ein ehrlicher handfester Cocktail aus dem Herzen Russlands. Ein guter Wodka, ein wenig Kahlua und eine Hand voll Eis.","twitter_image":"https:\/\/www.best-bottles.de\/wp-content\/uploads\/2016\/01\/black-russian.jpg","twitter_misc":{"Gesch\u00e4tzte Lesezeit":"2\u00a0Minuten"},"schema":{"@context":"https:\/\/schema.org","@graph":[{"@type":"Organization","@id":"https:\/\/www.best-bottles.de\/#organization","name":"best-bottles.de","url":"https:\/\/www.best-bottles.de\/","sameAs":[],"logo":{"@type":"ImageObject","@id":"https:\/\/www.best-bottles.de\/#logo","inLanguage":"de","url":"https:\/\/www.best-bottles.de\/wp-content\/uploads\/2016\/01\/logo.jpg","contentUrl":"https:\/\/www.best-bottles.de\/wp-content\/uploads\/2016\/01\/logo.jpg","width":646,"height":646,"caption":"best-bottles.de"},"image":{"@id":"https:\/\/www.best-bottles.de\/#logo"}},{"@type":"WebSite","@id":"https:\/\/www.best-bottles.de\/#website","url":"https:\/\/www.best-bottles.de\/","name":"Best Bottles - Ihr Partner f\u00fcr RUM &amp; Co","description":"Eine weitere WordPress-Seite","publisher":{"@id":"https:\/\/www.best-bottles.de\/#organization"},"potentialAction":[{"@type":"SearchAction","target":{"@type":"EntryPoint","urlTemplate":"https:\/\/www.best-bottles.de\/?s={search_term_string}"},"query-input":"required name=search_term_string"}],"inLanguage":"de"},{"@type":"ImageObject","@id":"https:\/\/www.best-bottles.de\/?page_id=1407#primaryimage","inLanguage":"de","url":"","contentUrl":""},{"@type":"WebPage","@id":"https:\/\/www.best-bottles.de\/?page_id=1407#webpage","url":"https:\/\/www.best-bottles.de\/?page_id=1407","name":"Black Russian - Der Klassiker aus dem Herzen Russlands","isPartOf":{"@id":"https:\/\/www.best-bottles.de\/#website"},"primaryImageOfPage":{"@id":"https:\/\/www.best-bottles.de\/?page_id=1407#primaryimage"},"datePublished":"2016-07-17T10:16:28+00:00","dateModified":"2016-07-17T10:21:12+00:00","description":"Der Black Russian, ein ehrlicher handfester Cocktail aus dem Herzen Russlands. Ein guter Wodka, ein wenig Kahlua und eine Hand voll Eis.","breadcrumb":{"@id":"https:\/\/www.best-bottles.de\/?page_id=1407#breadcrumb"},"inLanguage":"de","potentialAction":[{"@type":"ReadAction","target":["https:\/\/www.best-bottles.de\/?page_id=1407"]}]},{"@type":"BreadcrumbList","@id":"https:\/\/www.best-bottles.de\/?page_id=1407#breadcrumb","itemListElement":[{"@type":"ListItem","position":1,"name":"Home","item":"https:\/\/www.best-bottles.de\/"},{"@type":"ListItem","position":2,"name":"Cocktails","item":"https:\/\/www.best-bottles.de\/?page_id=638"},{"@type":"ListItem","position":3,"name":"Black Russian"}]}]}},"_links":{"self":[{"href":"https:\/\/www.best-bottles.de\/index.php?rest_route=\/wp\/v2\/pages\/1407"}],"collection":[{"href":"https:\/\/www.best-bottles.de\/index.php?rest_route=\/wp\/v2\/pages"}],"about":[{"href":"https:\/\/www.best-bottles.de\/index.php?rest_route=\/wp\/v2\/types\/page"}],"author":[{"embeddable":true,"href":"https:\/\/www.best-bottles.de\/index.php?rest_route=\/wp\/v2\/users\/1"}],"replies":[{"embeddable":true,"href":"https:\/\/www.best-bottles.de\/index.php?rest_route=%2Fwp%2Fv2%2Fcomments&post=1407"}],"version-history":[{"count":4,"href":"https:\/\/www.best-bottles.de\/index.php?rest_route=\/wp\/v2\/pages\/1407\/revisions"}],"predecessor-version":[{"id":1412,"href":"https:\/\/www.best-bottles.de\/index.php?rest_route=\/wp\/v2\/pages\/1407\/revisions\/1412"}],"up":[{"embeddable":true,"href":"https:\/\/www.best-bottles.de\/index.php?rest_route=\/wp\/v2\/pages\/638"}],"wp:attachment":[{"href":"https:\/\/www.best-bottles.de\/index.php?rest_route=%2Fwp%2Fv2%2Fmedia&parent=1407"}],"wp:term":[{"taxonomy":"post_tag","embeddable":true,"href":"https:\/\/www.best-bottles.de\/index.php?rest_route=%2Fwp%2Fv2%2Ftags&post=1407"}],"curies":[{"name":"wp","href":"https:\/\/api.w.org\/{rel}","templated":true}]}}