{"id":1358,"date":"2016-07-03T07:53:35","date_gmt":"2016-07-03T05:53:35","guid":{"rendered":"https:\/\/www.best-bottles.de\/?page_id=1358"},"modified":"2016-09-01T09:08:12","modified_gmt":"2016-09-01T07:08:12","slug":"havana-club-premium-mojito-set-verlosung-2016","status":"publish","type":"page","link":"https:\/\/www.best-bottles.de\/?page_id=1358","title":{"rendered":"Havana Club Premium Mojito Set: Verlosung 2016"},"content":{"rendered":"<h2>Premium Mojito Set Verlosung 2016<\/h2>\n<figure id=\"attachment_1285\" aria-describedby=\"caption-attachment-1285\" style=\"width: 300px\" class=\"wp-caption alignleft\"><a href=\"https:\/\/www.best-bottles.de\/wp-content\/uploads\/2016\/06\/havana-club-premium-mojito-set.jpg\"><img loading=\"lazy\" class=\"wp-image-1285 size-medium\" title=\"Havana Club Premium Mojito Set\" src=\"https:\/\/www.best-bottles.de\/wp-content\/uploads\/2016\/06\/havana-club-premium-mojito-set-300x199.jpg\" alt=\"Havana Club Premium Mojito Set Verlosung 2016\" width=\"300\" height=\"199\" srcset=\"https:\/\/www.best-bottles.de\/wp-content\/uploads\/2016\/06\/havana-club-premium-mojito-set-300x199.jpg 300w, https:\/\/www.best-bottles.de\/wp-content\/uploads\/2016\/06\/havana-club-premium-mojito-set-450x299.jpg 450w, https:\/\/www.best-bottles.de\/wp-content\/uploads\/2016\/06\/havana-club-premium-mojito-set-768x511.jpg 768w, https:\/\/www.best-bottles.de\/wp-content\/uploads\/2016\/06\/havana-club-premium-mojito-set-1030x685.jpg 1030w, https:\/\/www.best-bottles.de\/wp-content\/uploads\/2016\/06\/havana-club-premium-mojito-set-1500x997.jpg 1500w, https:\/\/www.best-bottles.de\/wp-content\/uploads\/2016\/06\/havana-club-premium-mojito-set-705x469.jpg 705w, https:\/\/www.best-bottles.de\/wp-content\/uploads\/2016\/06\/havana-club-premium-mojito-set.jpg 1504w\" sizes=\"(max-width: 300px) 100vw, 300px\" \/><\/a><figcaption id=\"caption-attachment-1285\" class=\"wp-caption-text\">Havana Club Premium Mojito Set<\/figcaption><\/figure>\n<p>Es ist soweit. Best-bottles.de, Dein Versandhandel f\u00fcr Spirituosen &amp; Barzubeh\u00f6r verlost in den n\u00e4chsten drei Monaten, also im Juli 2016, August 2016 und September 2016 jeweils 1 <a href=\"https:\/\/www.best-bottles.de\/blog\/best-bottle-verlost-havana-club-premium-mojito-set\/\">Havana Club Premium Mojito Set<\/a>.<\/p>\n<p>Neben gutem <a href=\"https:\/\/www.best-bottles.de\/produkt\/rum\/havana-club-anejo-3-anos-07-l-rum\/\">Havana Club A\u00f1ejo 3 A\u00f1os<\/a> sind auch Rohrzucker, Limettensaft, eine Limettenpresse, Gl\u00e4ser, St\u00f6\u00dfel und Trinkhalme enthalten. Eine Handvoll Eis, frische Minze und Ihr k\u00f6nnt direkt mit Eurem Freunden losleegen und eine tolle <a href=\"https:\/\/www.best-bottles.de\/cocktails\/mojito\/\">Mojito <\/a>Party feiern.<\/p>\n<p>Die Teilnehmer m\u00fcssen 18 Jahre alt, bzw. in Ihrem Land &#8222;vollj\u00e4hrig&#8220; sein (Beachtet hier Eure lokalen Gesetze)!<\/p>\n<p>Und das Beste ist: Die Teilnahme ist absolut kostenlos. Wir \u00fcbernehmen auch die Versandkosten zu Euch! Es gibt auch keine Kopplung an ein Newsletter System. Wenn Ihr Euch zu unserem Newsletter anmelden wollt, dann macht das aus freiem Willen; Ihr nehmt auch ohne Anmeldung zum Newsletter an der Verlosung Teil.<\/p>\n<p>Einzige Bedingung ist es, dass wir Euren Vornamen, Den ersten Buchstaben des Nachnahmens, sowie Euren Ort und Land ver\u00f6ffentlichen d\u00fcrfen!<\/p>\n<p>Also ran an die Tasten und Adresse eingeben; Das <a href=\"https:\/\/www.best-bottles.de\/rezepte\/mojito-rezept\/\">beste Mojito Rezept<\/a> gibt es nat\u00fcrlich hier, bei best-bottles.de!<\/p>\n<h2>Zur Verlosung des Havana Club Premium Mojito Sets<\/h2>\n<p>Hier gehts zur Verlosung des Havana Club Premium Mojito Set f\u00fcr den Monat Juli 2016 (beendet).<\/p>\n<p>Hier gehts zur Verlosung des Havana Club Premium Mojito Set f\u00fcr den Monat August 2016 (beendet).<\/p>\n<p><a href=\"https:\/\/www.best-bottles.de\/mojito-gewinnspiel-september-2016\/\">Hier gehts zur Verlosung des Havana Club Premium Mojito Set f\u00fcr den Monat September 2016<\/a>.<\/p>\n<p>&nbsp;<\/p>\n<p>&nbsp;<\/p>\n<p>&nbsp;<\/p>\n","protected":false},"excerpt":{"rendered":"<p>Premium Mojito Set Verlosung 2016 Es ist soweit. Best-bottles.de, Dein Versandhandel f\u00fcr Spirituosen &amp; Barzubeh\u00f6r verlost in den n\u00e4chsten drei [&hellip;]<\/p>\n","protected":false},"author":1,"featured_media":1285,"parent":0,"menu_order":0,"comment_status":"open","ping_status":"closed","template":"","meta":{"site-sidebar-layout":"default","site-content-layout":"","ast-site-content-layout":"default","site-content-style":"default","site-sidebar-style":"default","ast-global-header-display":"","ast-banner-title-visibility":"","ast-main-header-display":"","ast-hfb-above-header-display":"","ast-hfb-below-header-display":"","ast-hfb-mobile-header-display":"","site-post-title":"","ast-breadcrumbs-content":"","ast-featured-img":"","footer-sml-layout":"","theme-transparent-header-meta":"","adv-header-id-meta":"","stick-header-meta":"","header-above-stick-meta":"","header-main-stick-meta":"","header-below-stick-meta":"","astra-migrate-meta-layouts":"default","ast-page-background-enabled":"default","ast-page-background-meta":{"desktop":{"background-color":"var(--ast-global-color-5)","background-image":"","background-repeat":"repeat","background-position":"center center","background-size":"auto","background-attachment":"scroll","background-type":"","background-media":"","overlay-type":"","overlay-color":"","overlay-opacity":"","overlay-gradient":""},"tablet":{"background-color":"","background-image":"","background-repeat":"repeat","background-position":"center center","background-size":"auto","background-attachment":"scroll","background-type":"","background-media":"","overlay-type":"","overlay-color":"","overlay-opacity":"","overlay-gradient":""},"mobile":{"background-color":"","background-image":"","background-repeat":"repeat","background-position":"center center","background-size":"auto","background-attachment":"scroll","background-type":"","background-media":"","overlay-type":"","overlay-color":"","overlay-opacity":"","overlay-gradient":""}},"ast-content-background-meta":{"desktop":{"background-color":"var(--ast-global-color-4)","background-image":"","background-repeat":"repeat","background-position":"center center","background-size":"auto","background-attachment":"scroll","background-type":"","background-media":"","overlay-type":"","overlay-color":"","overlay-opacity":"","overlay-gradient":""},"tablet":{"background-color":"var(--ast-global-color-4)","background-image":"","background-repeat":"repeat","background-position":"center center","background-size":"auto","background-attachment":"scroll","background-type":"","background-media":"","overlay-type":"","overlay-color":"","overlay-opacity":"","overlay-gradient":""},"mobile":{"background-color":"var(--ast-global-color-4)","background-image":"","background-repeat":"repeat","background-position":"center center","background-size":"auto","background-attachment":"scroll","background-type":"","background-media":"","overlay-type":"","overlay-color":"","overlay-opacity":"","overlay-gradient":""}}},"tags":[247,28,27,252,26,246],"yoast_head":"<!-- This site is optimized with the Yoast SEO plugin v18.6 - https:\/\/yoast.com\/wordpress\/plugins\/seo\/ -->\n<title>Havana Club Premium Mojito Set Verlosung 2016<\/title>\n<meta name=\"description\" content=\"Lest hier die Teilnahmebedingungen zur Havana Club Premium Mojito Set Verlosung 2016. Gewinnt mit ein bisschen Gl\u00fcck dieses Premium Set.\" \/>\n<meta name=\"robots\" content=\"index, follow, max-snippet:-1, max-image-preview:large, max-video-preview:-1\" \/>\n<link rel=\"canonical\" href=\"https:\/\/www.best-bottles.de\/?page_id=1358\" \/>\n<meta property=\"og:locale\" content=\"de_DE\" \/>\n<meta property=\"og:type\" content=\"article\" \/>\n<meta property=\"og:title\" content=\"Havana Club Premium Mojito Set Verlosung 2016\" \/>\n<meta property=\"og:description\" content=\"Lest hier die Teilnahmebedingungen zur Havana Club Premium Mojito Set Verlosung 2016. Gewinnt mit ein bisschen Gl\u00fcck dieses Premium Set.\" \/>\n<meta property=\"og:url\" content=\"https:\/\/www.best-bottles.de\/?page_id=1358\" \/>\n<meta property=\"og:site_name\" content=\"Best Bottles - Ihr Partner f\u00fcr RUM &amp; Co\" \/>\n<meta property=\"article:modified_time\" content=\"2016-09-01T07:08:12+00:00\" \/>\n<meta property=\"og:image\" content=\"https:\/\/www.best-bottles.de\/wp-content\/uploads\/2016\/06\/havana-club-premium-mojito-set.jpg\" \/>\n<meta name=\"twitter:card\" content=\"summary\" \/>\n<meta name=\"twitter:title\" content=\"Havana Club Premium Mojito Set Verlosung 2016\" \/>\n<meta name=\"twitter:description\" content=\"Lest hier die Teilnahmebedingungen zur Havana Club Premium Mojito Set Verlosung 2016. Gewinnt mit ein bisschen Gl\u00fcck dieses Premium Set.\" \/>\n<meta name=\"twitter:image\" content=\"https:\/\/www.best-bottles.de\/wp-content\/uploads\/2016\/06\/havana-club-premium-mojito-set.jpg\" \/>\n<meta name=\"twitter:label1\" content=\"Gesch\u00e4tzte Lesezeit\" \/>\n\t<meta name=\"twitter:data1\" content=\"1\u00a0Minute\" \/>\n<script type=\"application\/ld+json\" class=\"yoast-schema-graph\">{\"@context\":\"https:\/\/schema.org\",\"@graph\":[{\"@type\":\"Organization\",\"@id\":\"https:\/\/www.best-bottles.de\/#organization\",\"name\":\"best-bottles.de\",\"url\":\"https:\/\/www.best-bottles.de\/\",\"sameAs\":[],\"logo\":{\"@type\":\"ImageObject\",\"@id\":\"https:\/\/www.best-bottles.de\/#logo\",\"inLanguage\":\"de\",\"url\":\"https:\/\/www.best-bottles.de\/wp-content\/uploads\/2016\/01\/logo.jpg\",\"contentUrl\":\"https:\/\/www.best-bottles.de\/wp-content\/uploads\/2016\/01\/logo.jpg\",\"width\":646,\"height\":646,\"caption\":\"best-bottles.de\"},\"image\":{\"@id\":\"https:\/\/www.best-bottles.de\/#logo\"}},{\"@type\":\"WebSite\",\"@id\":\"https:\/\/www.best-bottles.de\/#website\",\"url\":\"https:\/\/www.best-bottles.de\/\",\"name\":\"Best Bottles - Ihr Partner f\u00fcr RUM &amp; Co\",\"description\":\"Eine weitere WordPress-Seite\",\"publisher\":{\"@id\":\"https:\/\/www.best-bottles.de\/#organization\"},\"potentialAction\":[{\"@type\":\"SearchAction\",\"target\":{\"@type\":\"EntryPoint\",\"urlTemplate\":\"https:\/\/www.best-bottles.de\/?s={search_term_string}\"},\"query-input\":\"required name=search_term_string\"}],\"inLanguage\":\"de\"},{\"@type\":\"ImageObject\",\"@id\":\"https:\/\/www.best-bottles.de\/?page_id=1358#primaryimage\",\"inLanguage\":\"de\",\"url\":\"\",\"contentUrl\":\"\"},{\"@type\":\"WebPage\",\"@id\":\"https:\/\/www.best-bottles.de\/?page_id=1358#webpage\",\"url\":\"https:\/\/www.best-bottles.de\/?page_id=1358\",\"name\":\"Havana Club Premium Mojito Set Verlosung 2016\",\"isPartOf\":{\"@id\":\"https:\/\/www.best-bottles.de\/#website\"},\"primaryImageOfPage\":{\"@id\":\"https:\/\/www.best-bottles.de\/?page_id=1358#primaryimage\"},\"datePublished\":\"2016-07-03T05:53:35+00:00\",\"dateModified\":\"2016-09-01T07:08:12+00:00\",\"description\":\"Lest hier die Teilnahmebedingungen zur Havana Club Premium Mojito Set Verlosung 2016. Gewinnt mit ein bisschen Gl\u00fcck dieses Premium Set.\",\"breadcrumb\":{\"@id\":\"https:\/\/www.best-bottles.de\/?page_id=1358#breadcrumb\"},\"inLanguage\":\"de\",\"potentialAction\":[{\"@type\":\"ReadAction\",\"target\":[\"https:\/\/www.best-bottles.de\/?page_id=1358\"]}]},{\"@type\":\"BreadcrumbList\",\"@id\":\"https:\/\/www.best-bottles.de\/?page_id=1358#breadcrumb\",\"itemListElement\":[{\"@type\":\"ListItem\",\"position\":1,\"name\":\"Home\",\"item\":\"https:\/\/www.best-bottles.de\/\"},{\"@type\":\"ListItem\",\"position\":2,\"name\":\"Havana Club Premium Mojito Set: Verlosung 2016\"}]}]}<\/script>\n<!-- \/ Yoast SEO plugin. -->","yoast_head_json":{"title":"Havana Club Premium Mojito Set Verlosung 2016","description":"Lest hier die Teilnahmebedingungen zur Havana Club Premium Mojito Set Verlosung 2016. Gewinnt mit ein bisschen Gl\u00fcck dieses Premium Set.","robots":{"index":"index","follow":"follow","max-snippet":"max-snippet:-1","max-image-preview":"max-image-preview:large","max-video-preview":"max-video-preview:-1"},"canonical":"https:\/\/www.best-bottles.de\/?page_id=1358","og_locale":"de_DE","og_type":"article","og_title":"Havana Club Premium Mojito Set Verlosung 2016","og_description":"Lest hier die Teilnahmebedingungen zur Havana Club Premium Mojito Set Verlosung 2016. Gewinnt mit ein bisschen Gl\u00fcck dieses Premium Set.","og_url":"https:\/\/www.best-bottles.de\/?page_id=1358","og_site_name":"Best Bottles - Ihr Partner f\u00fcr RUM &amp; Co","article_modified_time":"2016-09-01T07:08:12+00:00","og_image":[{"url":"https:\/\/www.best-bottles.de\/wp-content\/uploads\/2016\/06\/havana-club-premium-mojito-set.jpg"}],"twitter_card":"summary","twitter_title":"Havana Club Premium Mojito Set Verlosung 2016","twitter_description":"Lest hier die Teilnahmebedingungen zur Havana Club Premium Mojito Set Verlosung 2016. Gewinnt mit ein bisschen Gl\u00fcck dieses Premium Set.","twitter_image":"https:\/\/www.best-bottles.de\/wp-content\/uploads\/2016\/06\/havana-club-premium-mojito-set.jpg","twitter_misc":{"Gesch\u00e4tzte Lesezeit":"1\u00a0Minute"},"schema":{"@context":"https:\/\/schema.org","@graph":[{"@type":"Organization","@id":"https:\/\/www.best-bottles.de\/#organization","name":"best-bottles.de","url":"https:\/\/www.best-bottles.de\/","sameAs":[],"logo":{"@type":"ImageObject","@id":"https:\/\/www.best-bottles.de\/#logo","inLanguage":"de","url":"https:\/\/www.best-bottles.de\/wp-content\/uploads\/2016\/01\/logo.jpg","contentUrl":"https:\/\/www.best-bottles.de\/wp-content\/uploads\/2016\/01\/logo.jpg","width":646,"height":646,"caption":"best-bottles.de"},"image":{"@id":"https:\/\/www.best-bottles.de\/#logo"}},{"@type":"WebSite","@id":"https:\/\/www.best-bottles.de\/#website","url":"https:\/\/www.best-bottles.de\/","name":"Best Bottles - Ihr Partner f\u00fcr RUM &amp; Co","description":"Eine weitere WordPress-Seite","publisher":{"@id":"https:\/\/www.best-bottles.de\/#organization"},"potentialAction":[{"@type":"SearchAction","target":{"@type":"EntryPoint","urlTemplate":"https:\/\/www.best-bottles.de\/?s={search_term_string}"},"query-input":"required name=search_term_string"}],"inLanguage":"de"},{"@type":"ImageObject","@id":"https:\/\/www.best-bottles.de\/?page_id=1358#primaryimage","inLanguage":"de","url":"","contentUrl":""},{"@type":"WebPage","@id":"https:\/\/www.best-bottles.de\/?page_id=1358#webpage","url":"https:\/\/www.best-bottles.de\/?page_id=1358","name":"Havana Club Premium Mojito Set Verlosung 2016","isPartOf":{"@id":"https:\/\/www.best-bottles.de\/#website"},"primaryImageOfPage":{"@id":"https:\/\/www.best-bottles.de\/?page_id=1358#primaryimage"},"datePublished":"2016-07-03T05:53:35+00:00","dateModified":"2016-09-01T07:08:12+00:00","description":"Lest hier die Teilnahmebedingungen zur Havana Club Premium Mojito Set Verlosung 2016. Gewinnt mit ein bisschen Gl\u00fcck dieses Premium Set.","breadcrumb":{"@id":"https:\/\/www.best-bottles.de\/?page_id=1358#breadcrumb"},"inLanguage":"de","potentialAction":[{"@type":"ReadAction","target":["https:\/\/www.best-bottles.de\/?page_id=1358"]}]},{"@type":"BreadcrumbList","@id":"https:\/\/www.best-bottles.de\/?page_id=1358#breadcrumb","itemListElement":[{"@type":"ListItem","position":1,"name":"Home","item":"https:\/\/www.best-bottles.de\/"},{"@type":"ListItem","position":2,"name":"Havana Club Premium Mojito Set: Verlosung 2016"}]}]}},"_links":{"self":[{"href":"https:\/\/www.best-bottles.de\/index.php?rest_route=\/wp\/v2\/pages\/1358"}],"collection":[{"href":"https:\/\/www.best-bottles.de\/index.php?rest_route=\/wp\/v2\/pages"}],"about":[{"href":"https:\/\/www.best-bottles.de\/index.php?rest_route=\/wp\/v2\/types\/page"}],"author":[{"embeddable":true,"href":"https:\/\/www.best-bottles.de\/index.php?rest_route=\/wp\/v2\/users\/1"}],"replies":[{"embeddable":true,"href":"https:\/\/www.best-bottles.de\/index.php?rest_route=%2Fwp%2Fv2%2Fcomments&post=1358"}],"version-history":[{"count":10,"href":"https:\/\/www.best-bottles.de\/index.php?rest_route=\/wp\/v2\/pages\/1358\/revisions"}],"predecessor-version":[{"id":1499,"href":"https:\/\/www.best-bottles.de\/index.php?rest_route=\/wp\/v2\/pages\/1358\/revisions\/1499"}],"wp:featuredmedia":[{"embeddable":true,"href":"https:\/\/www.best-bottles.de\/index.php?rest_route=\/wp\/v2\/media\/1285"}],"wp:attachment":[{"href":"https:\/\/www.best-bottles.de\/index.php?rest_route=%2Fwp%2Fv2%2Fmedia&parent=1358"}],"wp:term":[{"taxonomy":"post_tag","embeddable":true,"href":"https:\/\/www.best-bottles.de\/index.php?rest_route=%2Fwp%2Fv2%2Ftags&post=1358"}],"curies":[{"name":"wp","href":"https:\/\/api.w.org\/{rel}","templated":true}]}}